{"id":103,"date":"2016-04-05T17:22:06","date_gmt":"2016-04-05T15:22:06","guid":{"rendered":"http:\/\/192.168.2.231\/wp01\/?page_id=103"},"modified":"2024-04-15T19:40:24","modified_gmt":"2024-04-15T17:40:24","slug":"downloads","status":"publish","type":"page","link":"https:\/\/heimatverein-wulfen.de\/wp01\/media\/downloads\/","title":{"rendered":"Downloads"},"content":{"rendered":"<h3>Dateien zum Herunterladen<\/h3>\n<table style=\"height: 858px;\" width=\"1231\">\n<tbody>\n<tr>\n<td style=\"text-align: center;\"><strong>Wulfener Traditionsverein<\/strong>Informationen \u00fcber unseren Verein lesen, bzw. eine Informationsbrosch\u00fcre als PDF-Datei herunterladen<\/td>\n<td><a href=\"https:\/\/heimatverein-wulfen.de\/wp01\/wp-content\/uploads\/2016\/04\/Informationsheft.pdf\"><img loading=\"lazy\" decoding=\"async\" class=\"aligncenter wp-image-1328\" src=\"https:\/\/heimatverein-wulfen.de\/wp01\/wp-content\/uploads\/2016\/04\/pdf.gif\" alt=\"pdf\" width=\"70\" height=\"70\" \/><\/a><\/td>\n<\/tr>\n<tr>\n<td>\n<p style=\"text-align: center;\"><strong>Wegbeschreibung<\/strong><\/p>\n<p style=\"text-align: center;\">Wegbeschreibung zum Heimathaus Wulfen ansehen, bzw. als PDF-Datei herunterladen<\/p>\n<\/td>\n<td>\u00a0<a href=\"https:\/\/heimatverein-wulfen.de\/wp01\/wp-content\/uploads\/2016\/04\/Wegbeschreibung-zum-Heimathaus-Wulfen.pdf\"><img loading=\"lazy\" decoding=\"async\" class=\"aligncenter wp-image-1328\" src=\"https:\/\/heimatverein-wulfen.de\/wp01\/wp-content\/uploads\/2016\/04\/pdf.gif\" alt=\"pdf\" width=\"70\" height=\"70\" \/><\/a><\/td>\n<\/tr>\n<tr>\n<td>\n<p style=\"text-align: center;\"><strong>Vereinssatzung<\/strong><\/p>\n<p style=\"text-align: center;\">Vereinsatzung lesen, bzw. als PDF-Datei herunterladen<\/p>\n<\/td>\n<td>\u00a0<a href=\"https:\/\/heimatverein-wulfen.de\/wp01\/wp-content\/uploads\/2016\/04\/Vereinssatzung.pdf\"><img loading=\"lazy\" decoding=\"async\" class=\"aligncenter wp-image-1328\" src=\"https:\/\/heimatverein-wulfen.de\/wp01\/wp-content\/uploads\/2016\/04\/pdf.gif\" alt=\"pdf\" width=\"70\" height=\"70\" \/><\/a><\/td>\n<\/tr>\n<tr>\n<td>\n<p style=\"text-align: center;\"><strong>Beitrittserkl\u00e4rung<\/strong><\/p>\n<p style=\"text-align: center;\">Wenn Sie dem Heimatverein Wulfen beitreten m\u00f6chten, lassen Sie uns bitte eine ausgef\u00fcllte Beitrittserkl\u00e4rung (hier als PDF-Datei herunterladbar) zukommen.<\/p>\n<\/td>\n<td>\u00a0<a href=\"https:\/\/heimatverein-wulfen.de\/wp01\/wp-content\/uploads\/2024\/04\/Beitrittserklaerung-Heimatverein-Wulfen.pdf\"><img loading=\"lazy\" decoding=\"async\" class=\"aligncenter wp-image-1328\" src=\"https:\/\/heimatverein-wulfen.de\/wp01\/wp-content\/uploads\/2016\/04\/pdf.gif\" alt=\"pdf\" width=\"70\" height=\"70\" \/><\/a><\/td>\n<\/tr>\n<tr>\n<td>\n<p style=\"text-align: center;\"><strong>Ansprechpartner des Vereins<\/strong><\/p>\n<p style=\"text-align: center;\">Zusammenstellung aller Ansprechpartner des Vereins (hier als PDF-Datei herunterladbar)<\/p>\n<\/td>\n<td>\u00a0<a href=\"https:\/\/heimatverein-wulfen.de\/wp01\/wp-content\/uploads\/2024\/04\/Ansprechpartner-Stand-15.04.2024-3.pdf\"><img loading=\"lazy\" decoding=\"async\" class=\"alignnone wp-image-1328\" src=\"https:\/\/heimatverein-wulfen.de\/wp01\/wp-content\/uploads\/2016\/04\/pdf.gif\" alt=\"pdf\" width=\"70\" height=\"70\" \/><\/a><\/td>\n<\/tr>\n<tr>\n<td>\n<p style=\"text-align: center;\"><strong>Kiepenkerl<\/strong><\/p>\n<p style=\"text-align: center;\">Informationen \u00fcber den Kiepenkerl in Wulfen<\/p>\n<\/td>\n<td><a href=\"https:\/\/heimatverein-wulfen.de\/wp01\/wp-content\/uploads\/2018\/09\/Heimatverein_Wulfen_Kiepenkerl.pdf\"><img loading=\"lazy\" decoding=\"async\" class=\"aligncenter wp-image-1328\" src=\"https:\/\/heimatverein-wulfen.de\/wp01\/wp-content\/uploads\/2016\/04\/pdf.gif\" alt=\"pdf\" width=\"70\" height=\"70\" \/><\/a><\/td>\n<\/tr>\n<tr>\n<td>\n<p style=\"text-align: center;\"><strong>CD-ROM <\/strong><\/p>\n<p style=\"text-align: center;\">&#8222;Bergbau in Wulfen &#8211; Nach 50 Jahren zur\u00fcck zur Natur&#8220; Informationen zur DVD<\/p>\n<\/td>\n<td><a href=\"https:\/\/heimatverein-wulfen.de\/wp01\/wp-content\/uploads\/2016\/04\/CD-ROM_Bergbau-in-Wulfen.pps\"><img loading=\"lazy\" decoding=\"async\" class=\"aligncenter wp-image-670\" src=\"https:\/\/heimatverein-wulfen.de\/wp01\/wp-content\/uploads\/2016\/04\/ppsicon-e1464002537786.gif\" alt=\"ppsicon\" width=\"70\" height=\"70\" \/><\/a><\/td>\n<\/tr>\n<tr>\n<td style=\"text-align: center;\"><strong>CD-ROM<br \/>\n<\/strong>&#8222;Wulfen Geschichte und Gegenwart&#8220; Informationen zur CD-ROM<\/td>\n<td><a href=\"https:\/\/heimatverein-wulfen.de\/wp01\/wp-content\/uploads\/2016\/04\/CD-ROM_Geschichte-und-Gegenwart.pps\"><img loading=\"lazy\" decoding=\"async\" class=\"aligncenter wp-image-670\" src=\"https:\/\/heimatverein-wulfen.de\/wp01\/wp-content\/uploads\/2016\/04\/ppsicon-e1464002537786.gif\" alt=\"ppsicon\" width=\"70\" height=\"70\" \/><\/a><\/td>\n<\/tr>\n<tr>\n<td style=\"text-align: center;\"><strong>CD-ROM<br \/>\n<\/strong>&#8222;75 Jahre Kindergarten in Wulfen &#8211; davon 50 Jahre Kindergarten St. Matth\u00e4us&#8220; Informationen zur CD-ROM<\/td>\n<td><a href=\"https:\/\/heimatverein-wulfen.de\/wp01\/wp-content\/uploads\/2016\/04\/CD-ROM_75-Jahre-Kindergarten.pps\"><img loading=\"lazy\" decoding=\"async\" class=\"aligncenter wp-image-670\" src=\"https:\/\/heimatverein-wulfen.de\/wp01\/wp-content\/uploads\/2016\/04\/ppsicon-e1464002537786.gif\" alt=\"ppsicon\" width=\"70\" height=\"70\" \/><\/a><\/td>\n<\/tr>\n<\/tbody>\n<\/table>\n<table style=\"height: 56px;\" width=\"1331\">\n<tbody>\n<tr>\n<td>Sollte der Acrobat Reader f\u00fcr PDF-Dokumente auf Ihrem System nicht vorhanden sein, kann er unter dieser Internetadresse f\u00fcr jedes Betriebssystem kostenlos heruntergeladen werden:<\/td>\n<td><a href=\"https:\/\/get.adobe.com\/de\/reader\/\"><img loading=\"lazy\" decoding=\"async\" class=\"aligncenter wp-image-673\" src=\"https:\/\/heimatverein-wulfen.de\/wp01\/wp-content\/uploads\/2016\/04\/getacro.gif\" alt=\"getacro\" width=\"156\" height=\"55\" \/><\/a><\/td>\n<\/tr>\n<\/tbody>\n<\/table>\n","protected":false},"excerpt":{"rendered":"<p>Dateien zum Herunterladen Wulfener TraditionsvereinInformationen \u00fcber unseren Verein lesen, bzw. eine Informationsbrosch\u00fcre als PDF-Datei herunterladen Wegbeschreibung Wegbeschreibung zum Heimathaus Wulfen ansehen, bzw. als PDF-Datei herunterladen \u00a0 Vereinssatzung Vereinsatzung lesen, bzw.<\/p>\n<p><a href=\"https:\/\/heimatverein-wulfen.de\/wp01\/media\/downloads\/\" class=\"more-link themebutton\">Read More<\/a><\/p>\n","protected":false},"author":4,"featured_media":0,"parent":470,"menu_order":0,"comment_status":"closed","ping_status":"closed","template":"","meta":{"_cbd_carousel_blocks":"[]","footnotes":""},"class_list":["post-103","page","type-page","status-publish","hentry"],"publishpress_future_action":{"enabled":false,"date":"2026-05-05 14:06:46","action":"change-status","newStatus":"draft","terms":[],"taxonomy":"","extraData":[]},"publishpress_future_workflow_manual_trigger":{"enabledWorkflows":[]},"_links":{"self":[{"href":"https:\/\/heimatverein-wulfen.de\/wp01\/wp-json\/wp\/v2\/pages\/103","targetHints":{"allow":["GET"]}}],"collection":[{"href":"https:\/\/heimatverein-wulfen.de\/wp01\/wp-json\/wp\/v2\/pages"}],"about":[{"href":"https:\/\/heimatverein-wulfen.de\/wp01\/wp-json\/wp\/v2\/types\/page"}],"author":[{"embeddable":true,"href":"https:\/\/heimatverein-wulfen.de\/wp01\/wp-json\/wp\/v2\/users\/4"}],"replies":[{"embeddable":true,"href":"https:\/\/heimatverein-wulfen.de\/wp01\/wp-json\/wp\/v2\/comments?post=103"}],"version-history":[{"count":97,"href":"https:\/\/heimatverein-wulfen.de\/wp01\/wp-json\/wp\/v2\/pages\/103\/revisions"}],"predecessor-version":[{"id":10574,"href":"https:\/\/heimatverein-wulfen.de\/wp01\/wp-json\/wp\/v2\/pages\/103\/revisions\/10574"}],"up":[{"embeddable":true,"href":"https:\/\/heimatverein-wulfen.de\/wp01\/wp-json\/wp\/v2\/pages\/470"}],"wp:attachment":[{"href":"https:\/\/heimatverein-wulfen.de\/wp01\/wp-json\/wp\/v2\/media?parent=103"}],"curies":[{"name":"wp","href":"https:\/\/api.w.org\/{rel}","templated":true}]}}