{"id":105,"date":"2016-04-05T17:22:24","date_gmt":"2016-04-05T15:22:24","guid":{"rendered":"http:\/\/192.168.2.231\/wp01\/?page_id=105"},"modified":"2021-02-14T18:22:49","modified_gmt":"2021-02-14T17:22:49","slug":"seilerei-2","status":"publish","type":"page","link":"https:\/\/heimatverein-wulfen.de\/wp01\/gruppen\/seilerei-2\/","title":{"rendered":"Seilerei"},"content":{"rendered":"\n<div class=\"wp-block-image\"><figure class=\"alignleft is-resized\"><a href=\"https:\/\/heimatverein-wulfen.de\/wp01\/wp-content\/uploads\/2016\/04\/FlachsmarktWulfenerHeimatverein18_09_2016_38-e1482919113645.jpg\" rel=\"lightbox[105]\"><img loading=\"lazy\" decoding=\"async\" src=\"https:\/\/heimatverein-wulfen.de\/wp01\/wp-content\/uploads\/2016\/04\/FlachsmarktWulfenerHeimatverein18_09_2016_38-e1482919113645.jpg\" alt=\"Foto: Bludau - 18.09.2016 - Dorsten Der 12-te Wulfener Flachsmarkt wurde mal wieder ein voller Erfolg. Den ganzen Tag \u00fcber str\u00f6mten hunderte G\u00e4ste aus Nah und Fern zum Gel\u00e4nde des Wulfener Heimatverein. Begonnen wurde der ereignisreiche Tag mit einem \u00f6kumenischen Feldgottesdienst am Flachsr\u00f6sthaus mit der evangelischen Pfarrerin Anke Leuning und dem katholischen Pfarrer Martin Peters. Anschlie\u00dfend ging es nahtlos weiter, denn das Tagesprogramm war prall gef\u00fcllt. Nach der Begr\u00fc\u00dfung der G\u00e4ste und der offiziellen Er\u00f6ffnung des Flachsmarktes durch den 1. Vorsitzenden des Wulfener Heimatverein Johannes Kr\u00fcmpel, \u00fcbernahm Gregor Mergen das Mikrofon und f\u00fchrte den ganzen Tag \u00fcber das Publikum von Highlight zu Highlight. Neben 58 St\u00e4nden, an denen alte Handwerkskunst aber auch moderne Aktivit\u00e4ten von Hobbyk\u00fcnstlern geboten wurden, gab es auf der B\u00fchne ein abwechslungsreiches Angebot. Zahlreiche Gruppen und Musiker pr\u00e4sentierten ihr K\u00f6nnen. Passend dazu sorgte das umfassende kulinarische Angebot f\u00fcr strahlende Gesichter. An zahlreichen St\u00e4nden bot der Heimatverein regionales und deftiges Essen an. Vom Spanferkel \u00fcber den Buchweizenpfannkuchen bis hin zum belegten Brot war alles dabei. Aber auch von den Frauen selbst gebackener Kuchen und selbst erzeugte Lik\u00f6re und Marmeladen waren im Angebot. Ebenso verw\u00f6hnte die Braugruppe des Vereins seine G\u00e4ste. Sie hatten getreu der Wulfener Braukunst f\u00fcr gek\u00fchlte selbstgemachte Fl\u00fcssignahrung gesorgt, was gerne angenommen wurde. \u201eMir gef\u00e4llt der Flachsmarkt mit seinem ganzen Ambiente sehr gut. Hier wurde was richtig Tolles auf die Beine gestellt. Man trifft viele Freunde und Bekannte.\u201c, schw\u00e4rmt Besucherin Ellen Hurnik. An diesem Tag wurde das Vereinsgel\u00e4nde unter anderem auch zum Schauplatz f\u00fcr die Wulfener Geschichte. Denn der Flachs, der dem Markt seinen Namen gab, war ein Schwerpunktthema bei so einigen St\u00e4nden. Vor mehr als 400 Jahren stand in Wulfen und Umgebung n\u00e4mlich der Flachsanbau in\" class=\"wp-image-2233\" width=\"350\" height=\"233\"\/><\/a><figcaption>Wir sind die Seiler<br>v. li.: Gerd Lamprecht, Wilfried Knies, Heinz Sachs, Hans Hurnik, Hans Pr\u00f6bsting,&nbsp;Werner Unk, Josef Rentmeister und Horst Lanser.<br>Im Gedenken: Rudi Plassmann (\u2020)<\/figcaption><\/figure><\/div>\n\n\n\n<p class=\"has-medium-font-size\"><strong>Treffen: <\/strong>Mittwochs um 16:00 Uhr im Flachsr\u00f6sthaus<br><strong>Gruppensprecher: <\/strong>H-J. Rentmeister,<br>Tel.: 0 23 69 \/ 2 16 59<\/p>\n\n\n\n<p class=\"has-medium-font-size\">Die Gruppe Seilerei wurde vor 25 Jahren innerhalb des Heimatverins Wulfen gegr\u00fcndet. Sie besteht zur Zeit aus 8 Mitgliedern. Die Gruppe trifft sich regelm\u00e4\u00dfig am Mittwoch, um Pflege- und Wartungsarbeiten am Flachshaus durchzuf\u00fchren und nat\u00fcrlich Seile zu drehen. Wobei das gem\u00fctliche Beisammensein nicht zu kurz kommt.<\/p>\n\n\n\n<p class=\"has-medium-font-size\">Die Seilerei dreht bunte Springseile in unterschiedlichen L\u00e4ngen aus Baumwolle, au\u00dferdem dickere Seile aus Flachs und Hanf f\u00fcr Handl\u00e4ufe, Kletterseile f\u00fcr Kinderg\u00e4rten und vieles mehr.<\/p>\n\n\n\n<p class=\"has-medium-font-size\">Im Umkreis von circa 200 km f\u00e4hrt die Gruppe zu Handwerks- bzw. Flachsm\u00e4rkten. Dort wird die alte Handwerkstechnik der Seilfertigung mit alten Drehwerkzeugen, die die Seilgruppe wieder hergerichtet hat, vorgef\u00fchrt. Die Seilerei ist auf den M\u00e4rkten ein Anziehungspunkt f\u00fcr viele Zuschauer. Diese lassen sich gerne in das Seile drehen mit einbeziehen und nehmen das selbst gedrehte Seil stolz mit nach Hause.<\/p>\n\n\n\n<p class=\"has-medium-font-size\">Ein Seil ist ein aus zusammengedrehten Fasern oder Dr\u00e4hten bestehendes l\u00e4ngliches, biegeschlaffes, elastisches Element zur \u00dcbertragung von Zugkr\u00e4ften.<\/p>\n\n\n\n<h2 class=\"wp-block-heading\">1. Bestandteile und Aufbau<\/h2>\n\n\n\n<h3 class=\"wp-block-heading\">1.1 Fasern, Litzen und Kardeelen<\/h3>\n\n\n\n<p class=\"has-medium-font-size\">Die Fasern eines Seils sind zu millimeterdicken F\u00e4den gesponnen (etwa 1 &#8211; 3&nbsp;mm) und gruppenweise zu Litzen zusammen gedreht. Ein d\u00fcnnes Seil besteht aus 3 bis 4 solcher Litzen, die verdrillt werden. Dickere Seile (Trossen) bestehen wiederum aus mehreren d\u00fcnneren Seilen, die miteinander verdrillt werden und in dieser Funktion Kardeelen hei\u00dfen. Seile werden aus Naturfasern (Hanf, Naturseide, Flachs), Kunstfasern (Polyester, Polyamid (Nylon, Perlon), Polypropylen, Polyethylen) oder Metall (Drahtseil aus Stahl oder Edelstahl) hergestellt. Fr\u00fcher wurden Seile per Hand auf Seilerbahnen, auch Reeperbahnen genannt, gedreht. Heutzutage erfolgt die Herstellung maschinell mittels Seilschlagmaschinen. Sie tragen diesen Namen, weil man das Verdrillen der Kardeelen auch schlagen nennt, um es vom Flechten zu unterscheiden.<\/p>\n\n\n\n<h3 class=\"wp-block-heading\">1.2 Seillagen, Stahl und Textile<\/h3>\n\n\n\n<p class=\"has-medium-font-size\">Seile bestehen aus mehreren Litzen. Dabei werden d\u00fcnne Seile als Kardeelen noch einmal zu einem dickeren Seil geschlagen. Dabei ist zu beachten, dass die Schlagrichtung der Kardeelen und des gesamten Seils entgegengesetzt ist. Das verhindert ein durch die eigene Elastizit\u00e4t und durch die Zugkraft hervorgerufenes Aufdrehen des Seiles und verbessert auch andere Eigenschaften &#8211; zum Beispiel beim Klettern. Stahlseile werden um ein inneres Seil herum angefertigt, das man Seele nennt. Stahlseile mit einer Stahlseele haben eine gr\u00f6\u00dfere Bruchlast (die Kraft, bei der das Seil bricht, oder umgangssprachlich: rei\u00dft), Stahlseile mit Hanfseele sind biegeschlaffer, also leichter zu handhaben und unempfindlicher gegen kleinere Kr\u00fcmmungsradien unter Belastung. Bei Stahlseilen werden oft noch textile F\u00e4den zus\u00e4tzlich mit eingearbeitet, die mit \u00d6l getr\u00e4nkt sind. Durch st\u00e4ndige Abgabe des \u00d6les beim Bewegen des Seiles erfolgt eine geringe Schmierung des Seiles und es wird geschmeidiger. Au\u00dferdem wird Rost am Seil verhindert. Dr\u00e4hte f\u00fcr Stahlseile haben eine Zugfestigkeit um 2000&nbsp;N\/mm\u00b2. Statt geschlagenener (das hei\u00dft verdrillter) Seile werden oft auch geflochtene Seile verwendet, die den Vorteil haben, dass sie noch biegsamer sind, sich nicht aufdrehen, aber eine gr\u00f6\u00dfere Oberfl\u00e4che haben. Doch nicht bei jedem Verwendungszweck ist die gr\u00f6\u00dfere Oberfl\u00e4che von Vorteil.<\/p>\n\n\n\n<h3 class=\"wp-block-heading\">2. Bezeichnungen<\/h3>\n\n\n\n<p class=\"has-medium-font-size\">Seem\u00e4nnisch unterscheidet man zwischen Leinen (d\u00fcnnen Seilen) und Trossen (dicken Seilen). Schiffe werden mit Festmacherleinen festgemacht, jedoch mit Schlepptrossen geschleppt. Unter dem Tampen versteht man in der Seemannssprache die (nicht festgemachte)lose Seite, das Ende eines Seiles oder (leicht abwertend) ein kurzes St\u00fcck Seil, das beispielsweise griffbereit lose herumliegt oder herunterh\u00e4ngt. Der Begriff Tau ist seem\u00e4nnisch eher nur als Wortteil gebr\u00e4uchlich, etwa Tauwerk oder auf einem Segelschiff die Geitaue zum aufgeien eines Rahsegels. Ein fr\u00fcher g\u00e4ngiger Begriff war auch das Reep als Bezeichnung in der Seefahrt f\u00fcr ein Tau oder eine Trosse. Von dieser Bezeichnung leitete sich auch die Berufsgruppe der Reeper beziehungsweise Reepschl\u00e4ger und auch die Reeperbahn als Fertigungsort der Reepe ab. Hierher stammt auch der Name der bekannten Hamburger Stra\u00dfe Reeperbahn. Seile haben nicht nur in der Seefahrt, sondern auch im Bauingenieurwesen einen hohen Stellenwert, beispielsweise im Br\u00fcckenbau oder im M\u00fcnchner Olympiastadion. Eine Begriffsvielfalt wie in der Seefahrt ist anderswo un\u00fcblich, Seil ist die gebr\u00e4uchliche Fachbezeichnung. Textile Seile werden laienhaft-umgangssprachlich auch als Strick bezeichnet. Hier besteht auch ein \u00dcbergang zur Kordel. Gleichschlagseile sind Seile, bei denen die Verdrillung der einzelnen Litzenb\u00fcndel und deren Verdrillung untereinander in der selben Drehrichtung erfolgt. Die Litzenb\u00fcndel bleiben dadurch so wie die Litzen im Einzelnen zueinander verschieblich. Dadurch wird das Seil geschmeidiger und damit biegsamer. Bei Gegenschlagseilen sind die Verdrillungen der Litzenb\u00fcndel in sich und zueinander verschieden. Das Seil ist somit in sich ausgefacht, da durch die Reibung der Litzen zueinander eine Art Fachwerk entsteht. Das Seil ist somit steifer. Die Verdrillung von Seilenden zu einem durchlaufenden Seil (wie es z.B. bei Umlaufseilbahnen notwendig ist) erfolgt \u00fcber dessen Splei\u00dfung, bei der die Seilenden ineinander verflochten werden. Bei hochwertigen Seilen werden daf\u00fcr eigene Splei\u00dfpl\u00e4ne verwendet.<\/p>\n\n\n\n<h3 class=\"wp-block-heading\">3. Aufbewahrung und Pflege<\/h3>\n\n\n\n<p class=\"has-medium-font-size\">F\u00fcr l\u00e4ngere Aufbewahrung ist es f\u00fcr viele Seile am besten, sie auf einer Seiltrommel aufzuspulen; trockene und nicht zu warme R\u00e4ume sind im Allgemeinen vorzuziehen. Doch manche Materialien brauchen gewisse Feuchtigkeit. Des weiteren sollten insbesondere Kunststoffseile bei der Lagerung nicht dem Sonnenlicht ausgesetzt sein, da die UV-Strahlung sie dann schnell altern l\u00e4sst. Das hei\u00dft ihre Rei\u00dffestigkeit reduziert sich. Wenn ein Seil gewaschen werden muss, verwendet man bei Kletterseilen (siehe unten) kaltes Wasser und l\u00e4sst es dann langsam an der Luft &#8211; keinesfalls in praller Sonne &#8211; trocknen. Man sollte es grunds\u00e4tzlich nicht mit Reinigern oder sonstigen haushalts\u00fcblichen Chemikalien zusammenbringen.<\/p>\n\n\n\n<h3 class=\"wp-block-heading\">4. Kletterseile<\/h3>\n\n\n\n<p class=\"has-medium-font-size\">Eine h\u00e4ufige Anwendung von Seilen ist ihr Gebrauch beim Bergsteigen und Klettern. Bei einer Seilschaft sichert sich eine Gruppe gegenseitig gegen die Gefahr eines Absturzes. Die verwendeten Seile waren fr\u00fcher meist aus Hanf; heute werden synthetische Materialien verwendet. Sie sind bei geringerem Gewicht und Durchmesser stabiler, scheuerfester und besser knotbar. Au\u00dferdem saugen sie sie abh\u00e4ngig von der Impr\u00e4gnierung kaum mit Wasser voll und frieren dadurch nicht so leicht ein. Allerdings altern Kunststoffseile durch den UV-Strahlungsanteil des Sonnenlichtes betr\u00e4chtlich, so dass ihre Haltbarkeit und Festigkeit mit der Zeit abnimmt.<\/p>\n\n\n\n<h2 class=\"wp-block-heading\">Nachruf Werner Unk<\/h2>\n\n\n\n<p><\/p>\n\n\n\n<figure class=\"wp-block-image size-large is-resized\"><a href=\"https:\/\/heimatverein-wulfen.de\/wp01\/wp-content\/uploads\/2021\/02\/Nachruf_Werner_Unk_001.jpg\" rel=\"lightbox[105]\"><img loading=\"lazy\" decoding=\"async\" src=\"https:\/\/heimatverein-wulfen.de\/wp01\/wp-content\/uploads\/2021\/02\/Nachruf_Werner_Unk_001.jpg\" alt=\"\" class=\"wp-image-8156\" width=\"396\" height=\"329\" srcset=\"https:\/\/heimatverein-wulfen.de\/wp01\/wp-content\/uploads\/2021\/02\/Nachruf_Werner_Unk_001.jpg 792w, https:\/\/heimatverein-wulfen.de\/wp01\/wp-content\/uploads\/2021\/02\/Nachruf_Werner_Unk_001-300x249.jpg 300w, https:\/\/heimatverein-wulfen.de\/wp01\/wp-content\/uploads\/2021\/02\/Nachruf_Werner_Unk_001-768x638.jpg 768w\" sizes=\"auto, (max-width: 396px) 100vw, 396px\" \/><\/a><\/figure>\n","protected":false},"excerpt":{"rendered":"<p>Treffen: Mittwochs um 16:00 Uhr im Flachsr\u00f6sthausGruppensprecher: H-J. Rentmeister,Tel.: 0 23 69 \/ 2 16 59 Die Gruppe Seilerei wurde vor 25 Jahren innerhalb des Heimatverins Wulfen gegr\u00fcndet. Sie besteht<\/p>\n<p><a href=\"https:\/\/heimatverein-wulfen.de\/wp01\/gruppen\/seilerei-2\/\" class=\"more-link themebutton\">Read More<\/a><\/p>\n","protected":false},"author":4,"featured_media":0,"parent":60,"menu_order":0,"comment_status":"closed","ping_status":"closed","template":"","meta":{"_cbd_carousel_blocks":"[]","footnotes":""},"class_list":["post-105","page","type-page","status-publish","hentry"],"publishpress_future_action":{"enabled":false,"date":"2026-05-13 08:01:03","action":"change-status","newStatus":"draft","terms":[],"taxonomy":"","extraData":[]},"publishpress_future_workflow_manual_trigger":{"enabledWorkflows":[]},"_links":{"self":[{"href":"https:\/\/heimatverein-wulfen.de\/wp01\/wp-json\/wp\/v2\/pages\/105","targetHints":{"allow":["GET"]}}],"collection":[{"href":"https:\/\/heimatverein-wulfen.de\/wp01\/wp-json\/wp\/v2\/pages"}],"about":[{"href":"https:\/\/heimatverein-wulfen.de\/wp01\/wp-json\/wp\/v2\/types\/page"}],"author":[{"embeddable":true,"href":"https:\/\/heimatverein-wulfen.de\/wp01\/wp-json\/wp\/v2\/users\/4"}],"replies":[{"embeddable":true,"href":"https:\/\/heimatverein-wulfen.de\/wp01\/wp-json\/wp\/v2\/comments?post=105"}],"version-history":[{"count":26,"href":"https:\/\/heimatverein-wulfen.de\/wp01\/wp-json\/wp\/v2\/pages\/105\/revisions"}],"predecessor-version":[{"id":8158,"href":"https:\/\/heimatverein-wulfen.de\/wp01\/wp-json\/wp\/v2\/pages\/105\/revisions\/8158"}],"up":[{"embeddable":true,"href":"https:\/\/heimatverein-wulfen.de\/wp01\/wp-json\/wp\/v2\/pages\/60"}],"wp:attachment":[{"href":"https:\/\/heimatverein-wulfen.de\/wp01\/wp-json\/wp\/v2\/media?parent=105"}],"curies":[{"name":"wp","href":"https:\/\/api.w.org\/{rel}","templated":true}]}}