{"id":11364,"date":"2025-11-13T22:19:06","date_gmt":"2025-11-13T21:19:06","guid":{"rendered":"https:\/\/heimatverein-wulfen.de\/wp01\/?page_id=11364"},"modified":"2025-11-13T22:19:06","modified_gmt":"2025-11-13T21:19:06","slug":"ergaenzung-des-denkmals-um-ein-kunstwerk","status":"publish","type":"page","link":"https:\/\/heimatverein-wulfen.de\/wp01\/wulfen\/orte-und-einrichtungen\/ergaenzung-des-denkmals-um-ein-kunstwerk\/","title":{"rendered":"Erg\u00e4nzung des Denkmals um ein Kunstwerk"},"content":{"rendered":"\n<p class=\"has-medium-font-size\"><strong>&#8211; Ein Dialogprozess &#8211;<\/strong><\/p>\n\n\n<div class=\"wp-block-image\">\n<figure class=\"alignright size-full is-resized\"><img loading=\"lazy\" decoding=\"async\" width=\"466\" height=\"338\" src=\"https:\/\/heimatverein-wulfen.de\/wp01\/wp-content\/uploads\/2025\/11\/Ergaenzung-des-Denkmals-um-ein-Kunstwerk.jpg\" alt=\"\" class=\"wp-image-11366\" style=\"width:434px;height:auto\" srcset=\"https:\/\/heimatverein-wulfen.de\/wp01\/wp-content\/uploads\/2025\/11\/Ergaenzung-des-Denkmals-um-ein-Kunstwerk.jpg 466w, https:\/\/heimatverein-wulfen.de\/wp01\/wp-content\/uploads\/2025\/11\/Ergaenzung-des-Denkmals-um-ein-Kunstwerk-300x218.jpg 300w\" sizes=\"auto, (max-width: 466px) 100vw, 466px\" \/><figcaption class=\"wp-element-caption\">Copyright: Rainer K\u00fchn<\/figcaption><\/figure>\n<\/div>\n\n\n<p class=\"has-medium-font-size\">Im\u00a0Jubil\u00e4umsjahr des Wulfener Ehrenmals trafen sich im Januar 2025 Vertreter\/innen der Stadt Dorsten \u2013 insbesondere auch des Amtes f\u00fcr Denkmalschutz -, vom B\u00fcrgersch\u00fctzenverein Wulfen, dem Heimatverein Wulfen und der Kirchengemeinde St. Matth\u00e4us, um \u00fcber eine Erg\u00e4nzung des wichtigen Gedenkortes und Mahnmals zu sprechen.<\/p>\n\n\n\n<p class=\"has-medium-font-size\">Die Beteiligten waren sich schnell einig, dass es eine Erweiterung werden soll, die sich positiv ausdr\u00fccken sollte, um Gewaltherrschaft und Krieg zu verhindern.<\/p>\n\n\n\n<p class=\"has-medium-font-size\">Entstanden ist dabei die Idee, dass ein Kunstwerk errichtet werden soll, dass die Betrachtenden animiert, sich f\u00fcr Demokratie, Freiheit, Frieden, Gerechtigkeit, Kompromissf\u00e4higkeit, Liebe, Menschenw\u00fcrde, Mitgef\u00fchl, Respekt und Verst\u00e4ndigung einzusetzen. Dieses Kunstwerk soll durch seine k\u00fcnstlerische Art zu diesen Werten ansto\u00dfen.<\/p>\n\n\n\n<p class=\"has-medium-font-size\"><strong>DAF\u00dcR<\/strong> (Arbeitstitel f\u00fcr das neue Kunstwerk)<\/p>\n\n\n\n<p class=\"has-medium-font-size\">Der Dorstener Bildhauer Rainer K\u00fchn hat aufgrund der Vorstellungen der Beteiligten ein Modell entworfen, dass nun in der kommenden Zeit zur Diskussion gestellt wird. Eine erste Vorstellung dieses Entwurfes erfolgt im Heimathaus Wulfen am Volkstrauertag 2025 und wird von der Geschichtsgruppe des Vereins moderiert.<\/p>\n\n\n\n<p class=\"has-medium-font-size\">Das entstandene Modell steht f\u00fcr den Austausch zur Verf\u00fcgung und wird erstmal am 16.11.2025 im Heimathaus Wulfen ausgestellt. Die Geschichtsgruppe des Heimatverein Wulfen moderiert die Entstehung und die Deutungselemente des K\u00fcnstlerentwurfs.<\/p>\n\n\n\n<p class=\"has-medium-font-size\">Die Beteiligten an diesem Gestaltungs- und Diskussionsprozess streben an, dass im Jahr 2026 das Ehrenmal Wulfen um dieses Kunstobjekt erg\u00e4nzt wird.<\/p>\n\n\n\n<p class=\"has-medium-font-size\"><strong>Zum Kunstwerk \u201eDAF\u00dcR\u201c<\/strong> (Arbeitstitel) &nbsp;<\/p>\n\n\n\n<p class=\"has-medium-font-size\">Rainer K\u00fchn hat f\u00fcr das Kunstwerk zun\u00e4chst einmal die Ma\u00dfe des Ehrenmals verwendet. So sollen 6 Steinstelen in der gleichen H\u00f6he wie die S\u00e4ulen des Ehrenmals eingesetzt werden. Damit soll auch unterstrichen werden, dass hier die Vergangenheit genau so wichtig ist, wie das Heute.<\/p>\n\n\n\n<p class=\"has-medium-font-size\">Die nachstehende Interpretation des Kunstwerks ist subjektiv.<\/p>\n\n\n\n<p class=\"has-medium-font-size\">W\u00e4hrend das Ehrenmal die Vergangenheit symbolisiert, soll nun durch das Kunstwerk die Gegenwart dargestellt. Heute kann gehandelt werden, um Gewaltherrschaft und Krieg zu vermeiden. Die Steinstelen werden erg\u00e4nzt um kleine Steine, die auf die verschiedenen M\u00f6glichkeiten der Schritte f\u00fcr ein friedliches Zusammenleben hindeuten.<\/p>\n\n\n\n<p class=\"has-medium-font-size\">Das erg\u00e4nzende Kunstwerk l\u00e4sst in der Mitte die \u201eL\u00fccke\u201c, um wie bisher das Ehrenmal und das Gedenken der Opfer von Gewaltherrschaft und Krieg zu erm\u00f6glichen. Wer jedoch von rechts oder links an den Platz des Ehrenmals kommt, muss immer durch die Stelen des Kunstwerkes schauen, um das Ehrenmal zu sehen.<\/p>\n\n\n\n<p class=\"has-medium-font-size\">Die Stelen stehen f\u00fcr die Werte, die Frieden erhalten k\u00f6nnen: Demokratie, Gerechtigkeit, Kompromissf\u00e4higkeit, Liebe, Menschenw\u00fcrde, Mitgef\u00fchl, Respekt und Verst\u00e4ndigung. Das Kunstwerk will animieren, sich Jetzt und Heute DAF\u00dcR einzusetzen, dass nicht wieder Gewaltherrschaft und Krieg Leid f\u00fcr viele Menschen verursachen.<\/p>\n\n\n\n<p class=\"has-medium-font-size\">Die Personengruppen dienen im Modell der Veranschaulichung des Ma\u00dfstabs.<\/p>\n","protected":false},"excerpt":{"rendered":"<p>&#8211; Ein Dialogprozess &#8211; Im\u00a0Jubil\u00e4umsjahr des Wulfener Ehrenmals trafen sich im Januar 2025 Vertreter\/innen der Stadt Dorsten \u2013 insbesondere auch des Amtes f\u00fcr Denkmalschutz -, vom B\u00fcrgersch\u00fctzenverein Wulfen, dem Heimatverein<\/p>\n<p><a href=\"https:\/\/heimatverein-wulfen.de\/wp01\/wulfen\/orte-und-einrichtungen\/ergaenzung-des-denkmals-um-ein-kunstwerk\/\" class=\"more-link themebutton\">Read More<\/a><\/p>\n","protected":false},"author":11,"featured_media":0,"parent":2395,"menu_order":0,"comment_status":"closed","ping_status":"closed","template":"","meta":{"_cbd_carousel_blocks":"[]","footnotes":""},"class_list":["post-11364","page","type-page","status-publish","hentry"],"publishpress_future_action":{"enabled":false,"date":"2026-04-11 13:26:17","action":"change-status","newStatus":"draft","terms":[],"taxonomy":"","extraData":[]},"publishpress_future_workflow_manual_trigger":{"enabledWorkflows":[]},"_links":{"self":[{"href":"https:\/\/heimatverein-wulfen.de\/wp01\/wp-json\/wp\/v2\/pages\/11364","targetHints":{"allow":["GET"]}}],"collection":[{"href":"https:\/\/heimatverein-wulfen.de\/wp01\/wp-json\/wp\/v2\/pages"}],"about":[{"href":"https:\/\/heimatverein-wulfen.de\/wp01\/wp-json\/wp\/v2\/types\/page"}],"author":[{"embeddable":true,"href":"https:\/\/heimatverein-wulfen.de\/wp01\/wp-json\/wp\/v2\/users\/11"}],"replies":[{"embeddable":true,"href":"https:\/\/heimatverein-wulfen.de\/wp01\/wp-json\/wp\/v2\/comments?post=11364"}],"version-history":[{"count":6,"href":"https:\/\/heimatverein-wulfen.de\/wp01\/wp-json\/wp\/v2\/pages\/11364\/revisions"}],"predecessor-version":[{"id":11371,"href":"https:\/\/heimatverein-wulfen.de\/wp01\/wp-json\/wp\/v2\/pages\/11364\/revisions\/11371"}],"up":[{"embeddable":true,"href":"https:\/\/heimatverein-wulfen.de\/wp01\/wp-json\/wp\/v2\/pages\/2395"}],"wp:attachment":[{"href":"https:\/\/heimatverein-wulfen.de\/wp01\/wp-json\/wp\/v2\/media?parent=11364"}],"curies":[{"name":"wp","href":"https:\/\/api.w.org\/{rel}","templated":true}]}}