{"id":11373,"date":"2025-11-13T22:25:10","date_gmt":"2025-11-13T21:25:10","guid":{"rendered":"https:\/\/heimatverein-wulfen.de\/wp01\/?page_id=11373"},"modified":"2025-11-13T22:25:10","modified_gmt":"2025-11-13T21:25:10","slug":"allen-opfern-von-gewaltherrschaft-und-krieg","status":"publish","type":"page","link":"https:\/\/heimatverein-wulfen.de\/wp01\/wulfen\/orte-und-einrichtungen\/allen-opfern-von-gewaltherrschaft-und-krieg\/","title":{"rendered":"Allen Opfern von Gewaltherrschaft und Krieg"},"content":{"rendered":"\n<p class=\"has-medium-font-size\">Im Hinblick auf das 100-j\u00e4hrige Bestehen des Ehrenmals in Wulfen, hatte die Geschichtsgruppe im Heimatverein Wulfen angeregt, dass am Ort des Ehrenmals auch eine Erinnerung geschaffen wird, die allen Opfern von Diskriminierung, Mord und Verfolgung durch Gewaltherrschaft und Krieg gedacht wird.<\/p>\n\n\n\n<p class=\"has-medium-font-size\">Das Wulfener Kriegerdenkmal wurde 1925 fertiggestellt und wird heutzutage meist Ehrenmal genannt.<\/p>\n\n\n\n<p class=\"has-medium-font-size\">Es erinnerte urspr\u00fcnglich an die im Weltkrieg 1914-18 gestorbenen Soldaten, sowie an die 3 Toten des Krieges 1870\/71.<\/p>\n\n\n\n<p class=\"has-medium-font-size\">Der vom Deutschen Reich begonnene 2. Weltkrieg brachte entsetzliches Leid \u00fcber ganz Europa. Eine gro\u00dfe Anzahl Wulfener M\u00e4nner wurden zur Wehrmacht eingezogen, viele starben. Bei diesem Krieg fanden K\u00e4mpfe auch vor Ort im M\u00e4rz 1945 statt, vorher gab es hier Tote durch allierte Luftangriffe. 1995 wurde das Denkmal um die Namen von 117 gefallenen oder vermissten Wulfener Soldaten und von 48 get\u00f6teten Zivilisten erg\u00e4nzt.<\/p>\n\n\n\n<p class=\"has-medium-font-size\">Es ist gut und richtig, seinen Verwandten und Nachbarn zu gedenken. Aber in diesem Krieg und in der Diktatur passierte mehr. Hier in Wulfen starben auch ausw\u00e4rtige Wehrmachtssoldaten und alliierte Soldaten.<\/p>\n\n\n\n<p class=\"has-medium-font-size\">Das NS-Regime verschleppte Millionen von Zwangsarbeitern nach Deutschland, die in Wulfen z.B. in der Muna und auf Bauernh\u00f6fen eingesetzt wurden, von denen einige starben.<\/p>\n\n\n\n<p class=\"has-medium-font-size\">Die Wulfener Nachbarn j\u00fcdischen Glaubens mussten ihre Heimat verlassen oder wurden in KZs ermordet.<\/p>\n\n\n\n<p class=\"has-medium-font-size\">F\u00fcr Wulfen ist nicht bekannt, ob Behinderte ermordet wurden, oder ob es Todesopfer wegen politischer oder sexueller Diskriminierung gab.<\/p>\n\n\n\n<p class=\"has-medium-font-size\">Es ist an der Zeit, ALLEN Opfern von Krieg und NS-Diktatur zu gedenken.<\/p>\n\n\n\n<p class=\"has-medium-font-size\">Weitergehende Informationen sind hier zu finden: <a href=\"https:\/\/wulfen-wiki.de\/index.php?title=Allen_Opfern\">https:\/\/wulfen-wiki.de\/index.php?title=Allen_Opfern<\/a><\/p>\n\n\n\n<p class=\"has-medium-font-size\"><\/p>\n\n\n\n<p><\/p>\n","protected":false},"excerpt":{"rendered":"<p>Im Hinblick auf das 100-j\u00e4hrige Bestehen des Ehrenmals in Wulfen, hatte die Geschichtsgruppe im Heimatverein Wulfen angeregt, dass am Ort des Ehrenmals auch eine Erinnerung geschaffen wird, die allen Opfern<\/p>\n<p><a href=\"https:\/\/heimatverein-wulfen.de\/wp01\/wulfen\/orte-und-einrichtungen\/allen-opfern-von-gewaltherrschaft-und-krieg\/\" class=\"more-link themebutton\">Read More<\/a><\/p>\n","protected":false},"author":11,"featured_media":0,"parent":2395,"menu_order":0,"comment_status":"closed","ping_status":"closed","template":"","meta":{"_cbd_carousel_blocks":"[]","footnotes":""},"class_list":["post-11373","page","type-page","status-publish","hentry"],"publishpress_future_action":{"enabled":false,"date":"2026-04-11 11:32:10","action":"change-status","newStatus":"draft","terms":[],"taxonomy":"","extraData":[]},"publishpress_future_workflow_manual_trigger":{"enabledWorkflows":[]},"_links":{"self":[{"href":"https:\/\/heimatverein-wulfen.de\/wp01\/wp-json\/wp\/v2\/pages\/11373","targetHints":{"allow":["GET"]}}],"collection":[{"href":"https:\/\/heimatverein-wulfen.de\/wp01\/wp-json\/wp\/v2\/pages"}],"about":[{"href":"https:\/\/heimatverein-wulfen.de\/wp01\/wp-json\/wp\/v2\/types\/page"}],"author":[{"embeddable":true,"href":"https:\/\/heimatverein-wulfen.de\/wp01\/wp-json\/wp\/v2\/users\/11"}],"replies":[{"embeddable":true,"href":"https:\/\/heimatverein-wulfen.de\/wp01\/wp-json\/wp\/v2\/comments?post=11373"}],"version-history":[{"count":1,"href":"https:\/\/heimatverein-wulfen.de\/wp01\/wp-json\/wp\/v2\/pages\/11373\/revisions"}],"predecessor-version":[{"id":11375,"href":"https:\/\/heimatverein-wulfen.de\/wp01\/wp-json\/wp\/v2\/pages\/11373\/revisions\/11375"}],"up":[{"embeddable":true,"href":"https:\/\/heimatverein-wulfen.de\/wp01\/wp-json\/wp\/v2\/pages\/2395"}],"wp:attachment":[{"href":"https:\/\/heimatverein-wulfen.de\/wp01\/wp-json\/wp\/v2\/media?parent=11373"}],"curies":[{"name":"wp","href":"https:\/\/api.w.org\/{rel}","templated":true}]}}