{"id":2190,"date":"2016-12-28T09:33:11","date_gmt":"2016-12-28T08:33:11","guid":{"rendered":"https:\/\/heimatverein-wulfen.de\/wp01\/?page_id=2190"},"modified":"2025-10-19T21:17:56","modified_gmt":"2025-10-19T19:17:56","slug":"spinngruppe","status":"publish","type":"page","link":"https:\/\/heimatverein-wulfen.de\/wp01\/gruppen\/spinngruppe\/","title":{"rendered":"Wollspinngruppe"},"content":{"rendered":"<div class=\"wp-block-image\">\n<figure class=\"alignleft size-large is-resized\"><a href=\"https:\/\/heimatverein-wulfen.de\/wp01\/wp-content\/uploads\/2021\/10\/HVW_Wollspinngruppe_2020.jpg\" rel=\"lightbox[2190]\"><img loading=\"lazy\" decoding=\"async\" width=\"700\" height=\"465\" src=\"https:\/\/heimatverein-wulfen.de\/wp01\/wp-content\/uploads\/2021\/10\/HVW_Wollspinngruppe_2020.jpg\" alt=\"\" class=\"wp-image-8502\" style=\"width:525px;height:349px\" srcset=\"https:\/\/heimatverein-wulfen.de\/wp01\/wp-content\/uploads\/2021\/10\/HVW_Wollspinngruppe_2020.jpg 700w, https:\/\/heimatverein-wulfen.de\/wp01\/wp-content\/uploads\/2021\/10\/HVW_Wollspinngruppe_2020-300x199.jpg 300w, https:\/\/heimatverein-wulfen.de\/wp01\/wp-content\/uploads\/2021\/10\/HVW_Wollspinngruppe_2020-570x380.jpg 570w, https:\/\/heimatverein-wulfen.de\/wp01\/wp-content\/uploads\/2021\/10\/HVW_Wollspinngruppe_2020-285x190.jpg 285w\" sizes=\"auto, (max-width: 700px) 100vw, 700px\" \/><\/a><figcaption class=\"wp-element-caption\">v.l. Martina Ostkirchen, Cornelia Freitag, Beate Schumann,<br>Barbara Sonntag, Deborah Einecker, Sylvia Einecker<\/figcaption><\/figure>\n<\/div>\n\n\n<p class=\"has-text-align-left has-medium-font-size\"><strong>Treffen: <\/strong>Alle 3 Wochen<br>Samstag ab 14:00 Uhr<br>im Heimathaus Wulfen.<\/p>\n\n\n\n<p class=\"has-medium-font-size\">Genaue Daten stehen unter \u201eTermine\u201c im jeweiligen Monat.<\/p>\n\n\n\n<p class=\"has-medium-font-size\"><strong>Gruppensprecherin:<br><\/strong> Sylvia Einecker,<br>Tel.: 02362\/ 999937<\/p>\n\n\n\n<p><\/p>\n\n\n\n<p class=\"has-medium-font-size\">v.l. Martina Ostkirchen, Cornelia Freitag, Beate Schumann,<br>Barbara Sonntag, Deborah Einecker, Sylvia Einecker<br><br>Foto: Guido Bludau<\/p>\n\n\n<div class=\"wp-block-image\">\n<figure class=\"alignleft size-large is-resized\"><a href=\"https:\/\/heimatverein-wulfen.de\/wp01\/wp-content\/uploads\/2019\/01\/Wollspinngruppe_006.jpg\" rel=\"lightbox[2190]\"><img loading=\"lazy\" decoding=\"async\" width=\"900\" height=\"900\" src=\"https:\/\/heimatverein-wulfen.de\/wp01\/wp-content\/uploads\/2019\/01\/Wollspinngruppe_006.jpg\" alt=\"\" class=\"wp-image-5844\" style=\"width:225px;height:225px\" srcset=\"https:\/\/heimatverein-wulfen.de\/wp01\/wp-content\/uploads\/2019\/01\/Wollspinngruppe_006.jpg 900w, https:\/\/heimatverein-wulfen.de\/wp01\/wp-content\/uploads\/2019\/01\/Wollspinngruppe_006-150x150.jpg 150w, https:\/\/heimatverein-wulfen.de\/wp01\/wp-content\/uploads\/2019\/01\/Wollspinngruppe_006-300x300.jpg 300w, https:\/\/heimatverein-wulfen.de\/wp01\/wp-content\/uploads\/2019\/01\/Wollspinngruppe_006-768x768.jpg 768w, https:\/\/heimatverein-wulfen.de\/wp01\/wp-content\/uploads\/2019\/01\/Wollspinngruppe_006-92x92.jpg 92w, https:\/\/heimatverein-wulfen.de\/wp01\/wp-content\/uploads\/2019\/01\/Wollspinngruppe_006-440x440.jpg 440w, https:\/\/heimatverein-wulfen.de\/wp01\/wp-content\/uploads\/2019\/01\/Wollspinngruppe_006-480x480.jpg 480w, https:\/\/heimatverein-wulfen.de\/wp01\/wp-content\/uploads\/2019\/01\/Wollspinngruppe_006-320x320.jpg 320w, https:\/\/heimatverein-wulfen.de\/wp01\/wp-content\/uploads\/2019\/01\/Wollspinngruppe_006-240x240.jpg 240w\" sizes=\"auto, (max-width: 900px) 100vw, 900px\" \/><\/a><\/figure>\n<\/div>\n\n\n<p class=\"has-medium-font-size\"><strong>Das Spinnrad<\/strong><\/p>\n\n\n\n<p class=\"has-text-align-left has-medium-font-size\">Das Spinnrad gelangte im 12. Jahrhundert aus dem orientalischen Raum nach Europa.<br>Im 13. Jahrhundert begann die Verbreitung des Rades in Mitteleuropa. Der Fu\u00dftritt ist ab Mitte des 17. Jahrhunderts bekannt.<br>Bis ins 19. Jahrhundert geh\u00f6rte das Spinnrad zur Aussteuer der Braut.<br>Das Spinnen z\u00e4hlt zu den \u00e4ltesten T\u00e4tigkeiten\/Techniken der Menschheit. Von Hand lassen sich die Fasern aus- und vorziehen und anschlie\u00dfend mit dem Spinnrad zu Garn verspinnen. Beim Verzwirnen wird das Garn vollendet und veredelt, indem zwei oder mehrere F\u00e4den miteinander verdreht werden. Auf der Haspel wird das Garn gemessen und zu einem Strang gebunden.<br><sup>*Quellenangaben siehe unten<\/sup><\/p>\n\n\n<div class=\"wp-block-image\">\n<figure class=\"alignleft\"><a href=\"https:\/\/heimatverein-wulfen.de\/wp01\/wp-content\/uploads\/2018\/07\/Wollspinngruppe_003.jpg\" rel=\"lightbox[2190]\"><img loading=\"lazy\" decoding=\"async\" width=\"225\" height=\"300\" src=\"https:\/\/heimatverein-wulfen.de\/wp01\/wp-content\/uploads\/2018\/07\/Wollspinngruppe_003-225x300.jpg\" alt=\"\" class=\"wp-image-5264\" srcset=\"https:\/\/heimatverein-wulfen.de\/wp01\/wp-content\/uploads\/2018\/07\/Wollspinngruppe_003-225x300.jpg 225w, https:\/\/heimatverein-wulfen.de\/wp01\/wp-content\/uploads\/2018\/07\/Wollspinngruppe_003-768x1024.jpg 768w, https:\/\/heimatverein-wulfen.de\/wp01\/wp-content\/uploads\/2018\/07\/Wollspinngruppe_003.jpg 864w\" sizes=\"auto, (max-width: 225px) 100vw, 225px\" \/><\/a><\/figure>\n<\/div>\n\n\n<p class=\"has-text-align-left has-medium-font-size\">Die Spinnerin von heute hat ein gro\u00dfe Auswahl an neuen Spinnr\u00e4dern und herrlichen Fasern. Beim Zusammenf\u00fcgen verschiedener Wollqualit\u00e4ten und Farben, entsteht f\u00fcr den Spinner etwas ganz Eigenes\/Pers\u00f6nliches. Wir verarbeiten tierische Fasern, Edelfasern und pflanzliche Fasern.<br>Durch ganz unterschiedliche Spinntechniken entstehen verschiedenen Garne, die Spinnerin hat es in der Hand.<br>Beim Arbeiten finden K\u00f6rper und Seele Entspannung, Ruhe und der anstrengende Alltag bleibt au\u00dfen vor.<br>Das Spinnen, einst eine T\u00e4tigkeit aus der dringenden Notwendigkeit und Notlage heraus \u2013 heute ein Hobby mit k\u00fcnstlerischem und sozialen Anspruch.Spinnen verbindet!<\/p>\n\n\n\n<p class=\"has-medium-font-size\"><sup>*Quellenangaben:<br><\/sup><a rel=\"noreferrer noopener\" href=\"https:\/\/de.wikipedia.org\/wiki\/Spinnrad\" target=\"_blank\">https:\/\/de.wikipedia.org\/wiki\/Spinnrad<\/a><br><a rel=\"noreferrer noopener\" href=\"https:\/\/de.wikipedia.org\/wiki\/Spinnen\" target=\"_blank\">https:\/\/de.wikipedia.org\/wiki\/Spinnen<\/a><br><a rel=\"noreferrer noopener\" href=\"https:\/\/de.wikipedia.org\/wiki\/Zwirnen\" target=\"_blank\">https:\/\/de.wikipedia.org\/wiki\/Zwirnen<\/a><br><a rel=\"noreferrer noopener\" href=\"https:\/\/de.wikipedia.org\/wiki\/Haspel\" target=\"_blank\">https:\/\/de.wikipedia.org\/wiki\/Haspel<\/a><\/p>\n","protected":false},"excerpt":{"rendered":"<p>Treffen: Alle 3 WochenSamstag ab 14:00 Uhrim Heimathaus Wulfen. Genaue Daten stehen unter \u201eTermine\u201c im jeweiligen Monat. Gruppensprecherin: Sylvia Einecker,Tel.: 02362\/ 999937 v.l. Martina Ostkirchen, Cornelia Freitag, Beate Schumann,Barbara Sonntag,<\/p>\n<p><a href=\"https:\/\/heimatverein-wulfen.de\/wp01\/gruppen\/spinngruppe\/\" class=\"more-link themebutton\">Read More<\/a><\/p>\n","protected":false},"author":4,"featured_media":0,"parent":60,"menu_order":0,"comment_status":"closed","ping_status":"closed","template":"","meta":{"_cbd_carousel_blocks":"[]","footnotes":""},"class_list":["post-2190","page","type-page","status-publish","hentry"],"publishpress_future_action":{"enabled":false,"date":"2026-05-07 13:53:11","action":"change-status","newStatus":"draft","terms":[],"taxonomy":"","extraData":[]},"publishpress_future_workflow_manual_trigger":{"enabledWorkflows":[]},"_links":{"self":[{"href":"https:\/\/heimatverein-wulfen.de\/wp01\/wp-json\/wp\/v2\/pages\/2190","targetHints":{"allow":["GET"]}}],"collection":[{"href":"https:\/\/heimatverein-wulfen.de\/wp01\/wp-json\/wp\/v2\/pages"}],"about":[{"href":"https:\/\/heimatverein-wulfen.de\/wp01\/wp-json\/wp\/v2\/types\/page"}],"author":[{"embeddable":true,"href":"https:\/\/heimatverein-wulfen.de\/wp01\/wp-json\/wp\/v2\/users\/4"}],"replies":[{"embeddable":true,"href":"https:\/\/heimatverein-wulfen.de\/wp01\/wp-json\/wp\/v2\/comments?post=2190"}],"version-history":[{"count":38,"href":"https:\/\/heimatverein-wulfen.de\/wp01\/wp-json\/wp\/v2\/pages\/2190\/revisions"}],"predecessor-version":[{"id":11290,"href":"https:\/\/heimatverein-wulfen.de\/wp01\/wp-json\/wp\/v2\/pages\/2190\/revisions\/11290"}],"up":[{"embeddable":true,"href":"https:\/\/heimatverein-wulfen.de\/wp01\/wp-json\/wp\/v2\/pages\/60"}],"wp:attachment":[{"href":"https:\/\/heimatverein-wulfen.de\/wp01\/wp-json\/wp\/v2\/media?parent=2190"}],"curies":[{"name":"wp","href":"https:\/\/api.w.org\/{rel}","templated":true}]}}