{"id":2360,"date":"2016-12-30T12:57:09","date_gmt":"2016-12-30T11:57:09","guid":{"rendered":"https:\/\/heimatverein-wulfen.de\/wp01\/?page_id=2360"},"modified":"2026-04-19T21:30:14","modified_gmt":"2026-04-19T19:30:14","slug":"gruppensprecher","status":"publish","type":"page","link":"https:\/\/heimatverein-wulfen.de\/wp01\/gruppen\/gruppensprecher\/","title":{"rendered":"Gruppensprecher"},"content":{"rendered":"\n<p class=\"has-medium-font-size\">Liebe Gruppensprecher,<\/p>\n\n\n\n<p class=\"has-medium-font-size\">wir arbeiten st\u00e4ndig an Verbesserungen. Wenn Euch Fehler auffallen oder,\u00a0wenn Ihr neue Beitr\u00e4ge habt, oder an eurem Bereich was ge\u00e4ndert haben wollt, nehmt Kontakt mit uns auf.<\/p>\n\n\n\n<p class=\"has-medium-font-size\">Wir werden das dann schnellstm\u00f6glich f\u00fcr Euch umsetzen.<\/p>\n\n\n\n<p class=\"has-medium-font-size\">Es ist nat\u00fcrlich auch m\u00f6glich, dass Ihr selber Beitr\u00e4ge erstellt, dazu bitte auch Kontakt mit uns aufnehmen, dann richten wir das f\u00fcr Euch ein und erkl\u00e4ren euch wie das einfach m\u00f6glich ist.<\/p>\n\n\n\n<p class=\"has-medium-font-size\">Am Besten erreicht Ihr uns per email:<\/p>\n\n\n\n<p class=\"has-medium-font-size\"><a href=\"mailto:info@heimatverein-wulfen.de\">webmaster@heimatverein-wulfen.de<\/a><\/p>\n\n\n\n<p><\/p>\n","protected":false},"excerpt":{"rendered":"<p>Liebe Gruppensprecher, wir arbeiten st\u00e4ndig an Verbesserungen. Wenn Euch Fehler auffallen oder,\u00a0wenn Ihr neue Beitr\u00e4ge habt, oder an eurem Bereich was ge\u00e4ndert haben wollt, nehmt Kontakt mit uns auf. Wir<\/p>\n<p><a href=\"https:\/\/heimatverein-wulfen.de\/wp01\/gruppen\/gruppensprecher\/\" class=\"more-link themebutton\">Read More<\/a><\/p>\n","protected":false},"author":4,"featured_media":0,"parent":60,"menu_order":0,"comment_status":"closed","ping_status":"closed","template":"","meta":{"_cbd_carousel_blocks":"[]","footnotes":""},"class_list":["post-2360","page","type-page","status-publish","hentry"],"publishpress_future_action":{"enabled":false,"date":"2026-05-08 09:08:29","action":"change-status","newStatus":"draft","terms":[],"taxonomy":"","extraData":[]},"publishpress_future_workflow_manual_trigger":{"enabledWorkflows":[]},"_links":{"self":[{"href":"https:\/\/heimatverein-wulfen.de\/wp01\/wp-json\/wp\/v2\/pages\/2360","targetHints":{"allow":["GET"]}}],"collection":[{"href":"https:\/\/heimatverein-wulfen.de\/wp01\/wp-json\/wp\/v2\/pages"}],"about":[{"href":"https:\/\/heimatverein-wulfen.de\/wp01\/wp-json\/wp\/v2\/types\/page"}],"author":[{"embeddable":true,"href":"https:\/\/heimatverein-wulfen.de\/wp01\/wp-json\/wp\/v2\/users\/4"}],"replies":[{"embeddable":true,"href":"https:\/\/heimatverein-wulfen.de\/wp01\/wp-json\/wp\/v2\/comments?post=2360"}],"version-history":[{"count":9,"href":"https:\/\/heimatverein-wulfen.de\/wp01\/wp-json\/wp\/v2\/pages\/2360\/revisions"}],"predecessor-version":[{"id":11593,"href":"https:\/\/heimatverein-wulfen.de\/wp01\/wp-json\/wp\/v2\/pages\/2360\/revisions\/11593"}],"up":[{"embeddable":true,"href":"https:\/\/heimatverein-wulfen.de\/wp01\/wp-json\/wp\/v2\/pages\/60"}],"wp:attachment":[{"href":"https:\/\/heimatverein-wulfen.de\/wp01\/wp-json\/wp\/v2\/media?parent=2360"}],"curies":[{"name":"wp","href":"https:\/\/api.w.org\/{rel}","templated":true}]}}