{"id":2399,"date":"2017-01-11T10:13:46","date_gmt":"2017-01-11T09:13:46","guid":{"rendered":"https:\/\/heimatverein-wulfen.de\/wp01\/?page_id=2399"},"modified":"2020-12-15T23:12:25","modified_gmt":"2020-12-15T22:12:25","slug":"nachbarschaften","status":"publish","type":"page","link":"https:\/\/heimatverein-wulfen.de\/wp01\/wulfen\/nachbarschaften\/","title":{"rendered":"Nachbarschaften"},"content":{"rendered":"\n<h2 class=\"wp-block-heading\">Nachbarschaftswesen und Brauchtumspflege in Wulfen<\/h2>\n\n\n\n<p class=\"has-medium-font-size\">Die oft \u00fcber Jahrhunderte gewachsenen Nachbarschaften in den D\u00f6rfern des M\u00fcnsterlandes haben das Sozialgef\u00fcge ma\u00dfgeblich beeinflusst, den Alltag entscheidend gepr\u00e4gt und sich bis heute in ihren Grundfunktionen lebendig erhalten und bew\u00e4hrt. In Wulfen gibt es weit \u00fcber zehn Nachbarschaften, die zwar unterschiedliche Strukturen aufweisen, aber alle vom Ansatz her die gleichen Anliegen haben und deshalb in ihrer Vielfalt gelebte Tradition verk\u00f6rpern und zur solidarischen Dorfgemeinschaft einen unverzichtbaren Beitrag leisten.<\/p>\n\n\n\n<p class=\"has-medium-font-size\">Nachbarschaften sind naturgem\u00e4\u00df keine konfliktfreien Bereiche, jedoch als Not-, Schutz- und Trutzgemeinschaften haben sich bereits unsere Vorfahren von ihren Vorteilen \u00fcberzeugen k\u00f6nnen und sich deshalb aktiv an der Erhaltung und Fortentwicklung beteiligt in dem Bewusstsein, dass nur Einigkeit in der Gemeinschaft den einzelnen Mitmenschen stark macht in den Unw\u00e4gbarkeiten des Alltags.<\/p>\n\n\n\n<p class=\"has-medium-font-size\">Neben den Gebiets- und Ortsnachbarschaften (z. B. Surick, Wauert) existieren Stra\u00dfennachbarschaften (z. B. B\u00fcckelsberg-Mitte, Eckern), und in Barkenberg haben sich beispielsweise die \u201eFinnst\u00e4dter\u201c zu einer Hausgemeinschafts-Nachbarschaft in einer Eigent\u00fcmerwohnanlage zusammengefunden.<\/p>\n\n\n\n<p class=\"has-medium-font-size\">Wenn man zu den Urspr\u00fcngen gelangen m\u00f6chte, k\u00f6nnen die Aufzeichnungen der Dorfbauerschaften sehr informative Quellen zur Heimatgeschichte sein. So schreibt Hauptlehrer Bartmann im Heimatkalender 1928 in seinem Beitrag \u00fcber die Bedeutung der Bauernb\u00fccher in den Bauerschaften: \u201eDas Buch der Dorfnachbarschaft Wulfen liegt mir vor. Es ist ein altes, ehrw\u00fcrdiges, in Schweinsleder gebundenes Buch und wei\u00df vieles zu erz\u00e4hlen aus den fr\u00fcheren Zeiten; ist es doch gef\u00fchrt worden seit dem Jahre 1670. Die erste Niederschrift lautet: \u201aAnno 1670 am 8. Martii vor mir Notario und Gerichtsschreiber zu Lembeck pers\u00f6nlich vorkommen und erschienen der ehrbare und fromme Christian Steinheuer, Vogt zu Wulfen und Bauernrichter daselbst, \u00fcber die Dorfbauer anzeigend, welcher gestalt er einige auf Papier verfa\u00dfte Intraden (Eintragungen) \u00fcber die Dorfbauer bei sich vorhanden h\u00e4tte, damit nun dieselben hinf\u00fchro in gutem Verwahrsam verbleiben m\u00f6chten, bat er selbige in diesem Buch zu annotieren und ein best\u00e4ndiges Register zu formieren, und seit seiner Bedienung dem l\u00f6blichen Bund Rechnung zu tun begehrt.\u2019 &#8230;<\/p>\n\n\n\n<p class=\"has-medium-font-size\">Das alte Bauernbuch liefert uns ein bedeutendes St\u00fcck Geschichte unserer Heimat. In jeder Bauerschaft der Herrlichkeit muss noch ein solches Buch vorhanden sein. Die alten Bauernb\u00fccher d\u00fcrfen sich aber nicht in irgend einer Ecke verborgen halten, wo sie schlie\u00dflich von M\u00e4usen zerfressen werden. Man \u00fcbergebe sie doch dem Heimatverein. Der wird sie f\u00fcr die Geschichte unserer Heimat verwenden und sorgf\u00e4ltig aufbewahren.\u201c(Der Verbleib des alten Bauernbuches ist derzeit nicht bekannt.)<\/p>\n\n\n\n<p class=\"has-medium-font-size\">(Auszug aus<br>&#8222;WULFEN Geschichte und Gegenwart&#8220;, Seite 214ff, Heimatverein Wulfen 1922 e.V. 2004)<\/p>\n","protected":false},"excerpt":{"rendered":"<p>Nachbarschaftswesen und Brauchtumspflege in Wulfen Die oft \u00fcber Jahrhunderte gewachsenen Nachbarschaften in den D\u00f6rfern des M\u00fcnsterlandes haben das Sozialgef\u00fcge ma\u00dfgeblich beeinflusst, den Alltag entscheidend gepr\u00e4gt und sich bis heute in<\/p>\n<p><a href=\"https:\/\/heimatverein-wulfen.de\/wp01\/wulfen\/nachbarschaften\/\" class=\"more-link themebutton\">Read More<\/a><\/p>\n","protected":false},"author":4,"featured_media":0,"parent":2393,"menu_order":0,"comment_status":"closed","ping_status":"closed","template":"","meta":{"_cbd_carousel_blocks":"[]","footnotes":""},"class_list":["post-2399","page","type-page","status-publish","hentry"],"publishpress_future_action":{"enabled":false,"date":"2026-05-07 13:53:19","action":"change-status","newStatus":"draft","terms":[],"taxonomy":"","extraData":[]},"publishpress_future_workflow_manual_trigger":{"enabledWorkflows":[]},"_links":{"self":[{"href":"https:\/\/heimatverein-wulfen.de\/wp01\/wp-json\/wp\/v2\/pages\/2399","targetHints":{"allow":["GET"]}}],"collection":[{"href":"https:\/\/heimatverein-wulfen.de\/wp01\/wp-json\/wp\/v2\/pages"}],"about":[{"href":"https:\/\/heimatverein-wulfen.de\/wp01\/wp-json\/wp\/v2\/types\/page"}],"author":[{"embeddable":true,"href":"https:\/\/heimatverein-wulfen.de\/wp01\/wp-json\/wp\/v2\/users\/4"}],"replies":[{"embeddable":true,"href":"https:\/\/heimatverein-wulfen.de\/wp01\/wp-json\/wp\/v2\/comments?post=2399"}],"version-history":[{"count":5,"href":"https:\/\/heimatverein-wulfen.de\/wp01\/wp-json\/wp\/v2\/pages\/2399\/revisions"}],"predecessor-version":[{"id":7926,"href":"https:\/\/heimatverein-wulfen.de\/wp01\/wp-json\/wp\/v2\/pages\/2399\/revisions\/7926"}],"up":[{"embeddable":true,"href":"https:\/\/heimatverein-wulfen.de\/wp01\/wp-json\/wp\/v2\/pages\/2393"}],"wp:attachment":[{"href":"https:\/\/heimatverein-wulfen.de\/wp01\/wp-json\/wp\/v2\/media?parent=2399"}],"curies":[{"name":"wp","href":"https:\/\/api.w.org\/{rel}","templated":true}]}}