{"id":2401,"date":"2017-01-11T10:14:19","date_gmt":"2017-01-11T09:14:19","guid":{"rendered":"https:\/\/heimatverein-wulfen.de\/wp01\/?page_id=2401"},"modified":"2017-03-17T02:48:57","modified_gmt":"2017-03-17T01:48:57","slug":"wegkreuze-und-bildstoecke","status":"publish","type":"page","link":"https:\/\/heimatverein-wulfen.de\/wp01\/wulfen\/wegkreuze-und-bildstoecke\/","title":{"rendered":"Wegkreuze und Bildst\u00f6cke"},"content":{"rendered":"<h3>Wegekreuze, Bildst\u00f6cke und Heiligenh\u00e4uschen in Wulfen<\/h3>\n<p>Im Wohnbereich von Wulfen sind an Stra\u00dfen, Wegen, Hofeinfahrten und an besonderen Pl\u00e4tzen einzelne aufgestellte Kreuze, Bildst\u00f6cke und Heiligenh\u00e4uschen zu finden. Zeitpunkt und Gr\u00fcnde f\u00fcr die Aufstellung dieser Denkm\u00e4ler sind unterschiedlich; \u00fcberwiegend gelten hierf\u00fcr m\u00fcndliche \u00dcberlieferungen. \u00dcber einzelne ist bereits mehrfach mit Text und Bild in den Heimatb\u00fcchern und in den Tageszeitungen berichtet worden. Hierzu wird verwiesen u.a. auf die Ausf\u00fchrungen im \u201eHeimatkalender der Herrlichkeit Lembeck\u201c f\u00fcr die Jahre 1931, 1956, 1957, 1971, 1986, 1994, 1995 und in dem Buch \u201e800 Jahre Gemeinde Wulfen, St. Matth\u00e4us 1173 \u2013 1973\u201c.<\/p>\n<p>So befinden sich an dem ehemaligen Friedhof an der Hervester Stra\u00dfe\/Im Wauert \u2013 in Betrieb genommen 1831, geschlossen nach Anlage des nachstehend genannten neuen Friedhofes Kottendorfer Feld und sp\u00e4ter als Gr\u00fcnfl\u00e4che angelegt, wobei das Kreuz an den S\u00fcdrand der Anlage versetzt wurde \u2013 und auf dem 1926 er\u00f6ffneten Friedhof Kottendorfer Feld, Ostseite, jeweils aufrechtstehende Kreuze aus Steingut mit untermauerten Sockeln. Bei einer Renovierung der Kreuzanlage Hervester Stra\u00dfe durch den Heimatverein im Jahre 2003 wurde die Sandsteintafel im Sockel erneuert. Sie tr\u00e4gt die Inschrift: \u201eJesus bitte f\u00fcr uns \u2013 Friedhof 1831-1926\u201c. Ein neues Kreuz wurde 1983 bei der Erweiterung Friedhof Kottendorfer Feld, Westseite, aufgestellt.<\/p>\n<p>Im Oktober 2003 wurde in Zusammenarbeit der evangelischen und katholischen Kirchengemeinde ein gut 5 m hohes Holzkreuz im Stil eines Wegekreuzes auf dem Waldfriedhof \u201eSchultenfeld\u201c in Barkenberg errichtet.<\/p>\n<p>Als Betstation gelten auch das Eiserne Kreuz am Gro\u00dfen Ring in N\u00e4he Wibbeltring, das Hedker-Kreuz auf der Kippheide, das Heiligenh\u00e4uschen Pr\u00e4senkamp am Hof Stadtmann mit einer Mutter-Gottes-Statue und das Heiligenh\u00e4uschen im Wauert am Hof Heidermann mit einer Christus-Figur.<\/p>\n<p>Seit gut zehn Jahren hat der Bildstock P\u00f6rtners-Kruez am Pfarrhaus Burgring seinen vierten Standort gefunden. Aus dem Jahre 1830 stammend gilt er als wohl \u00e4ltester Bildstock im Wulfener Raum.<\/p>\n<p>Auch das Missionskreuz bei Haus Natteforth von 1850 an der Lembecker Stra\u00dfe hat bis etwa 1960 als Betstation der Feldprozession gedient.<\/p>\n<p>Auf der Lehmkuhle, an der Hofgrenze des Hauses Feller, steht seit \u00fcber 90 Jahren ein Holzkreuz mit Giebeldach, das im Privatbesitz ist.<\/p>\n<p>Beim Marien-Bildstock im Surick ist nur noch das gemauerte Steinh\u00e4uschen vorzufinden. Da die Anlage wiedeholt von Unbekannten besch\u00e4digt wurde, hat der Eigent\u00fcmer Vennemann die Marienfigur entnommen und auf seinem Hofplatz amNapoleonsweg entsprechend untergebracht.<\/p>\n<p>1998 wurde bei der Neugestaltung des Kirchplatzes St. Matth\u00e4us dortselbst aus Fundamentsteinen des fr\u00fcheren Kirchengeb\u00e4udes ein Springbrunnen angelegt, auf dem eine goldgl\u00e4nzende Mutter-Gottes-Figur mit Jesuskind angebracht ist und der auch f\u00fcr kirchliche Zwecke verwendet wird.<\/p>\n<p>Es bleibt zu hoffen, dass diese kleinen Denkm\u00e4ler neben der Schm\u00fcckung des Ortsbildes noch viele Jahre den religi\u00f6sen Charakter unserer Wulfener Heimat best\u00e4tigen werden.<\/p>\n<p>Quelle:<br \/>\n&#8211; WULFEN Geschichte und Gegenwart, HeinrichnGrewer, Seite 261, 262<br \/>\n&#8211; Wulfen Wiki: <a href=\"http:\/\/wulfen-wiki.de\/index.php\/Wegkreuze_und_Bildst%C3%B6cke\">http:\/\/wulfen-wiki.de\/index.php\/Wegkreuze_und_Bildst%C3%B6cke<\/a><\/p>\n","protected":false},"excerpt":{"rendered":"<p>Wegekreuze, Bildst\u00f6cke und Heiligenh\u00e4uschen in Wulfen Im Wohnbereich von Wulfen sind an Stra\u00dfen, Wegen, Hofeinfahrten und an besonderen Pl\u00e4tzen einzelne aufgestellte Kreuze, Bildst\u00f6cke und Heiligenh\u00e4uschen zu finden. Zeitpunkt und Gr\u00fcnde<\/p>\n<p><a href=\"https:\/\/heimatverein-wulfen.de\/wp01\/wulfen\/wegkreuze-und-bildstoecke\/\" class=\"more-link themebutton\">Read More<\/a><\/p>\n","protected":false},"author":4,"featured_media":0,"parent":2393,"menu_order":0,"comment_status":"closed","ping_status":"closed","template":"","meta":{"_cbd_carousel_blocks":"[]","footnotes":""},"class_list":["post-2401","page","type-page","status-publish","hentry"],"publishpress_future_action":{"enabled":false,"date":"2026-05-06 00:13:48","action":"change-status","newStatus":"draft","terms":[],"taxonomy":"","extraData":[]},"publishpress_future_workflow_manual_trigger":{"enabledWorkflows":[]},"_links":{"self":[{"href":"https:\/\/heimatverein-wulfen.de\/wp01\/wp-json\/wp\/v2\/pages\/2401","targetHints":{"allow":["GET"]}}],"collection":[{"href":"https:\/\/heimatverein-wulfen.de\/wp01\/wp-json\/wp\/v2\/pages"}],"about":[{"href":"https:\/\/heimatverein-wulfen.de\/wp01\/wp-json\/wp\/v2\/types\/page"}],"author":[{"embeddable":true,"href":"https:\/\/heimatverein-wulfen.de\/wp01\/wp-json\/wp\/v2\/users\/4"}],"replies":[{"embeddable":true,"href":"https:\/\/heimatverein-wulfen.de\/wp01\/wp-json\/wp\/v2\/comments?post=2401"}],"version-history":[{"count":5,"href":"https:\/\/heimatverein-wulfen.de\/wp01\/wp-json\/wp\/v2\/pages\/2401\/revisions"}],"predecessor-version":[{"id":3598,"href":"https:\/\/heimatverein-wulfen.de\/wp01\/wp-json\/wp\/v2\/pages\/2401\/revisions\/3598"}],"up":[{"embeddable":true,"href":"https:\/\/heimatverein-wulfen.de\/wp01\/wp-json\/wp\/v2\/pages\/2393"}],"wp:attachment":[{"href":"https:\/\/heimatverein-wulfen.de\/wp01\/wp-json\/wp\/v2\/media?parent=2401"}],"curies":[{"name":"wp","href":"https:\/\/api.w.org\/{rel}","templated":true}]}}