{"id":2436,"date":"2017-01-11T21:10:58","date_gmt":"2017-01-11T20:10:58","guid":{"rendered":"https:\/\/heimatverein-wulfen.de\/wp01\/?page_id=2436"},"modified":"2017-01-11T22:58:38","modified_gmt":"2017-01-11T21:58:38","slug":"2436-2","status":"publish","type":"page","link":"https:\/\/heimatverein-wulfen.de\/wp01\/2436-2\/","title":{"rendered":"Kesselgulasch"},"content":{"rendered":"<h1>Kesselgulasch:<\/h1>\n<p>Kesselgulasch wird am offenen Feuer in einem Kessel gekocht. Die Kochgruppe hat sich f\u00fcr gr\u00f6\u00dfere Events 2 Kessel mit Feuerofen angeschafft. In dem Top k\u00f6nnen auch andere Kesselgerichte bereitet werden.<\/p>\n<p>F\u00fcr Haushaltszwecke gibt es auch kleinere Kessel (15 Liter), oder bei geringeren Mengen den Topf einfach nicht voll machen. Es zeigt sich aber, dass ein ganzer kessel auch von 12-15 Leuten an einem Abend verzerrt wird (offensichtlich schmeckt der Kesselgulasch).<\/p>\n<p><img loading=\"lazy\" decoding=\"async\" class=\"alignnone size-medium wp-image-2442\" src=\"https:\/\/heimatverein-wulfen.de\/wp01\/wp-content\/uploads\/2017\/01\/IMG_3626-e1484166586858-300x231.jpg\" alt=\"\" width=\"300\" height=\"231\" srcset=\"https:\/\/heimatverein-wulfen.de\/wp01\/wp-content\/uploads\/2017\/01\/IMG_3626-e1484166586858-300x231.jpg 300w, https:\/\/heimatverein-wulfen.de\/wp01\/wp-content\/uploads\/2017\/01\/IMG_3626-e1484166586858.jpg 560w\" sizes=\"auto, (max-width: 300px) 100vw, 300px\" \/><\/p>\n<p><strong>Zutaten f\u00fcr 30 Liter Topf:<\/strong><\/p>\n<ul>\n<li>5 kg Rindergulasch<\/li>\n<li>1 Paket Butterschmalz<\/li>\n<li>2 kg Zwiebeln<\/li>\n<li>1 kg M\u00f6hre<\/li>\n<li>3 Petersilienwurzel<\/li>\n<li>10 Tl Paprika edels\u00fc\u00df<\/li>\n<li>Pfeffer<\/li>\n<li>Tomatenmark<\/li>\n<li>6 Knoblauchzehen<\/li>\n<li>15 gemischter Paprika<\/li>\n<li>K\u00fcmmel<\/li>\n<li>Majoran<\/li>\n<li>3,5 kg Kartoffel<\/li>\n<li>Wasser<\/li>\n<\/ul>\n<p>Gew\u00fcrfeltes Rindfleisch und die grob geschnittene Zwiebeln in Schmalz anr\u00f6sten.<\/p>\n<p><em>Tipp: Es hat sich bew\u00e4hrt das Fleisch Portionsweise anzubraten, das ist zwar aufwendig, aber es tritt dann nicht soviel Fleischsaft aus. Wenn&nbsp;das ganze Fleisch Portionsweise angebraten ist die Zwiebeln zugeben und mit anschwitzen.&nbsp;<\/em><\/p>\n<p>Paprikapulver und Pfeffer, Tomatenmark zuf\u00fcgen und sofort mit dem Wasser abl\u00f6schen. &nbsp;Klein geschnittene M\u00f6hre, klein gew\u00fcrfelte Petersilienwurzel, die in Streifen geschnittenen Paprika, den fein gehackten Knoblauch, Salz, K\u00fcmmel und Majoran zugeben.<\/p>\n<p>Solange kochen bis das Fleisch weich wird.<\/p>\n<p>Die gew\u00fcrfelten rohen Kartoffeln dazugeben und weitere 15-20 Minuten d\u00fcnsten.<\/p>\n<p>Zum Schluss nochmal mit Salz und Pfeffer abschmecken.<\/p>\n<p>Guten Appetit!<\/p>\n","protected":false},"excerpt":{"rendered":"<p>Kesselgulasch: Kesselgulasch wird am offenen Feuer in einem Kessel gekocht. Die Kochgruppe hat sich f\u00fcr gr\u00f6\u00dfere Events 2 Kessel mit Feuerofen angeschafft. In dem Top k\u00f6nnen auch andere Kesselgerichte bereitet<\/p>\n<p><a href=\"https:\/\/heimatverein-wulfen.de\/wp01\/2436-2\/\" class=\"more-link themebutton\">Read More<\/a><\/p>\n","protected":false},"author":5,"featured_media":0,"parent":0,"menu_order":0,"comment_status":"closed","ping_status":"closed","template":"","meta":{"_cbd_carousel_blocks":"[]","footnotes":""},"class_list":["post-2436","page","type-page","status-publish","hentry"],"publishpress_future_action":{"enabled":false,"date":"2026-05-09 11:51:10","action":"change-status","newStatus":"draft","terms":[],"taxonomy":"","extraData":[]},"publishpress_future_workflow_manual_trigger":{"enabledWorkflows":[]},"_links":{"self":[{"href":"https:\/\/heimatverein-wulfen.de\/wp01\/wp-json\/wp\/v2\/pages\/2436","targetHints":{"allow":["GET"]}}],"collection":[{"href":"https:\/\/heimatverein-wulfen.de\/wp01\/wp-json\/wp\/v2\/pages"}],"about":[{"href":"https:\/\/heimatverein-wulfen.de\/wp01\/wp-json\/wp\/v2\/types\/page"}],"author":[{"embeddable":true,"href":"https:\/\/heimatverein-wulfen.de\/wp01\/wp-json\/wp\/v2\/users\/5"}],"replies":[{"embeddable":true,"href":"https:\/\/heimatverein-wulfen.de\/wp01\/wp-json\/wp\/v2\/comments?post=2436"}],"version-history":[{"count":6,"href":"https:\/\/heimatverein-wulfen.de\/wp01\/wp-json\/wp\/v2\/pages\/2436\/revisions"}],"predecessor-version":[{"id":2461,"href":"https:\/\/heimatverein-wulfen.de\/wp01\/wp-json\/wp\/v2\/pages\/2436\/revisions\/2461"}],"wp:attachment":[{"href":"https:\/\/heimatverein-wulfen.de\/wp01\/wp-json\/wp\/v2\/media?parent=2436"}],"curies":[{"name":"wp","href":"https:\/\/api.w.org\/{rel}","templated":true}]}}