{"id":2971,"date":"2017-02-21T22:27:52","date_gmt":"2017-02-21T21:27:52","guid":{"rendered":"https:\/\/heimatverein-wulfen.de\/wp01\/?page_id=2971"},"modified":"2020-12-15T23:43:50","modified_gmt":"2020-12-15T22:43:50","slug":"koehl","status":"publish","type":"page","link":"https:\/\/heimatverein-wulfen.de\/wp01\/koehl\/","title":{"rendered":"K\u00f6hl"},"content":{"rendered":"\n<p> <\/p>\n\n\n\n<div class=\"wp-block-image\"><figure class=\"alignleft\"><a href=\"https:\/\/heimatverein-wulfen.de\/wp01\/wp-content\/uploads\/2017\/02\/Koehl_001-e1487712429351.jpg\" rel=\"lightbox[2971]\"><img loading=\"lazy\" decoding=\"async\" width=\"300\" height=\"202\" src=\"https:\/\/heimatverein-wulfen.de\/wp01\/wp-content\/uploads\/2017\/02\/Koehl_001-300x202.jpg\" alt=\"\" class=\"wp-image-2974\"\/><\/a><figcaption>K\u00f6hler und Erwiger \u201eSch\u00fctzenverein\u201c mit der Wensing\u2019schen Kapelle vor dem alten Pastorat im K\u00f6hl um 1920 Foto: H. Borgmann \/ Archiv HV <\/figcaption><\/figure><\/div>\n\n\n\n<p class=\"has-medium-font-size\">Urspr\u00fcnglich bilden nach der m\u00fcndlichen \u00dcberlieferung die Nachbarschaften K\u00f6hl \u2013 die eine der \u00e4ltesten auf Wulfener Gebiet sein soll \u2013 Erwiger H\u00f6fe und Kippheide eine Einheit. In sp\u00e4teren Zeiten findet eine Einteilung in \u201eTimpenk\u00f6hl\u201c, \u201eMittelk\u00f6hl\u201c und \u201e\u00c4chterk\u00f6hl\u201c statt. Da offensichtlich keine Archivalien existieren, bleiben zeitliche Eingrenzungen und historische Abl\u00e4ufe im Dunkeln der lokalen Geschichte verborgen. <\/p>\n\n\n\n<p class=\"has-medium-font-size\">Bei den Nachbarn, die sich auch heute noch in der Karnevalszeit regelm\u00e4\u00dfig treffen und sich aktiv beteiligen, handelt es sich um die Familien Huxel, K\u00fcpers und Schlagenwerth. Zum Totengebet und bei den Beerdigungen sind oft auch die Angeh\u00f6rigen anderer Familien aus dem K\u00f6hl vertreten, um dem verstorbenen Nachbarn die letzte Ehre zu erweisen.<\/p>\n","protected":false},"excerpt":{"rendered":"<p>Urspr\u00fcnglich bilden nach der m\u00fcndlichen \u00dcberlieferung die Nachbarschaften K\u00f6hl \u2013 die eine der \u00e4ltesten auf Wulfener Gebiet sein soll \u2013 Erwiger H\u00f6fe und Kippheide eine Einheit. In sp\u00e4teren Zeiten findet<\/p>\n<p><a href=\"https:\/\/heimatverein-wulfen.de\/wp01\/koehl\/\" class=\"more-link themebutton\">Read More<\/a><\/p>\n","protected":false},"author":6,"featured_media":0,"parent":0,"menu_order":0,"comment_status":"closed","ping_status":"closed","template":"","meta":{"_cbd_carousel_blocks":"[]","footnotes":""},"class_list":["post-2971","page","type-page","status-publish","hentry"],"publishpress_future_action":{"enabled":false,"date":"2026-05-07 13:53:11","action":"change-status","newStatus":"draft","terms":[],"taxonomy":"","extraData":[]},"publishpress_future_workflow_manual_trigger":{"enabledWorkflows":[]},"_links":{"self":[{"href":"https:\/\/heimatverein-wulfen.de\/wp01\/wp-json\/wp\/v2\/pages\/2971","targetHints":{"allow":["GET"]}}],"collection":[{"href":"https:\/\/heimatverein-wulfen.de\/wp01\/wp-json\/wp\/v2\/pages"}],"about":[{"href":"https:\/\/heimatverein-wulfen.de\/wp01\/wp-json\/wp\/v2\/types\/page"}],"author":[{"embeddable":true,"href":"https:\/\/heimatverein-wulfen.de\/wp01\/wp-json\/wp\/v2\/users\/6"}],"replies":[{"embeddable":true,"href":"https:\/\/heimatverein-wulfen.de\/wp01\/wp-json\/wp\/v2\/comments?post=2971"}],"version-history":[{"count":5,"href":"https:\/\/heimatverein-wulfen.de\/wp01\/wp-json\/wp\/v2\/pages\/2971\/revisions"}],"predecessor-version":[{"id":7937,"href":"https:\/\/heimatverein-wulfen.de\/wp01\/wp-json\/wp\/v2\/pages\/2971\/revisions\/7937"}],"wp:attachment":[{"href":"https:\/\/heimatverein-wulfen.de\/wp01\/wp-json\/wp\/v2\/media?parent=2971"}],"curies":[{"name":"wp","href":"https:\/\/api.w.org\/{rel}","templated":true}]}}