{"id":3012,"date":"2017-02-21T23:44:31","date_gmt":"2017-02-21T22:44:31","guid":{"rendered":"https:\/\/heimatverein-wulfen.de\/wp01\/?page_id=3012"},"modified":"2020-12-15T20:25:04","modified_gmt":"2020-12-15T19:25:04","slug":"bueckelsberg-mitte","status":"publish","type":"page","link":"https:\/\/heimatverein-wulfen.de\/wp01\/bueckelsberg-mitte\/","title":{"rendered":"B\u00fcckelsberg-Mitte"},"content":{"rendered":"\n<p class=\"has-medium-font-size\">Am 22. Oktober des Jahres 1977 trafen sich Anwohner, um die Stra\u00dfennachbarschaft B\u00fcckelsberg-Mitte zu gr\u00fcnden.<\/p>\n\n\n\n<p class=\"has-medium-font-size\">Dem ersten gew\u00e4hlten Vorstand geh\u00f6rten Werner H\u00e4hnel, Hermann Grewer, Heinrich Both, Ludwig Wanning, Anne-Marie Heisterkamp und Hannelore Scholten an. Das Zusammenstehen in den Wechself\u00e4llen des Lebens verbindet die Nachbarn und steht auch hier im Mittelpunkt; gemeinsame Maig\u00e4nge, Sommerfeste und Kinderfeiern sorgen f\u00fcr eine ausgeglichene Atmosph\u00e4re. Vorschl\u00e4ge, \u00c4nderungsw\u00fcnsche oder Satzungs\u00e4nderungen werden auf der j\u00e4hrlich stattfindenden Mitgliederversammlung von den jetzigen Vorsitzenden Markus Stoffel und Willi Humberg und den Vertretern der 39 Familien einvernehmlich besprochen.<\/p>\n","protected":false},"excerpt":{"rendered":"<p>Am 22. Oktober des Jahres 1977 trafen sich Anwohner, um die Stra\u00dfennachbarschaft B\u00fcckelsberg-Mitte zu gr\u00fcnden. Dem ersten gew\u00e4hlten Vorstand geh\u00f6rten Werner H\u00e4hnel, Hermann Grewer, Heinrich Both, Ludwig Wanning, Anne-Marie Heisterkamp<\/p>\n<p><a href=\"https:\/\/heimatverein-wulfen.de\/wp01\/bueckelsberg-mitte\/\" class=\"more-link themebutton\">Read More<\/a><\/p>\n","protected":false},"author":6,"featured_media":0,"parent":0,"menu_order":0,"comment_status":"closed","ping_status":"closed","template":"","meta":{"_cbd_carousel_blocks":"[]","footnotes":""},"class_list":["post-3012","page","type-page","status-publish","hentry"],"publishpress_future_action":{"enabled":false,"date":"2026-05-05 14:07:07","action":"change-status","newStatus":"draft","terms":[],"taxonomy":"","extraData":[]},"publishpress_future_workflow_manual_trigger":{"enabledWorkflows":[]},"_links":{"self":[{"href":"https:\/\/heimatverein-wulfen.de\/wp01\/wp-json\/wp\/v2\/pages\/3012","targetHints":{"allow":["GET"]}}],"collection":[{"href":"https:\/\/heimatverein-wulfen.de\/wp01\/wp-json\/wp\/v2\/pages"}],"about":[{"href":"https:\/\/heimatverein-wulfen.de\/wp01\/wp-json\/wp\/v2\/types\/page"}],"author":[{"embeddable":true,"href":"https:\/\/heimatverein-wulfen.de\/wp01\/wp-json\/wp\/v2\/users\/6"}],"replies":[{"embeddable":true,"href":"https:\/\/heimatverein-wulfen.de\/wp01\/wp-json\/wp\/v2\/comments?post=3012"}],"version-history":[{"count":2,"href":"https:\/\/heimatverein-wulfen.de\/wp01\/wp-json\/wp\/v2\/pages\/3012\/revisions"}],"predecessor-version":[{"id":7899,"href":"https:\/\/heimatverein-wulfen.de\/wp01\/wp-json\/wp\/v2\/pages\/3012\/revisions\/7899"}],"wp:attachment":[{"href":"https:\/\/heimatverein-wulfen.de\/wp01\/wp-json\/wp\/v2\/media?parent=3012"}],"curies":[{"name":"wp","href":"https:\/\/api.w.org\/{rel}","templated":true}]}}