{"id":33,"date":"2016-04-05T15:56:02","date_gmt":"2016-04-05T13:56:02","guid":{"rendered":"http:\/\/192.168.2.231\/wp01\/?page_id=33"},"modified":"2024-10-01T21:30:20","modified_gmt":"2024-10-01T19:30:20","slug":"ueber-uns","status":"publish","type":"page","link":"https:\/\/heimatverein-wulfen.de\/wp01\/ueber-uns\/","title":{"rendered":"\u00dcber uns"},"content":{"rendered":"<p><a href=\"https:\/\/heimatverein-wulfen.de\/wp01\/wp-content\/uploads\/2016\/04\/Wir_001.jpg\" rel=\"lightbox[33]\"><img loading=\"lazy\" decoding=\"async\" class=\"alignleft wp-image-1144 size-medium\" src=\"https:\/\/heimatverein-wulfen.de\/wp01\/wp-content\/uploads\/2016\/04\/Wir_001-300x207.jpg\" alt=\"Wir_001\" width=\"300\" height=\"207\" \/><\/a>Herzlich Willkommen auf der Website des Heimatvereins Wulfen 1922 e.V.!<\/p>\n<p>Hier finden Sie alle wichtigen Informationen \u00fcber uns, unsere Arbeitsgruppen und allen aktuellen Veranstalltungen in Wulfen.<\/p>\n<p>Der Heimatverein Wulfen 1922 e.V. befasst sich mit der Heimatkunde und Heimatpflege, insbesondere der Pflege alter Sitten und Br\u00e4uche, der plattdeutschen Sprache und alter Handwerke. Er bietet den B\u00fcrgern die M\u00f6glichkeit, je nach Interesse und Neigung, am intensiven Vereinsleben teilzunehmen, bei dem auch die Geselligkeit miteinander ihren Platz hat. Die heute auf mehr als 1.000 Personen angestiegene Mitgliederzahl best\u00e4tigt die gro\u00dfe Akzeptanz des Heimatvereins in der Wulfener Bev\u00f6lkerung.<\/p>\n<p>Zum Mitmachen laden ein die:<\/p>\n<ul>\n<li><strong><a href=\"https:\/\/heimatverein-wulfen.de\/wp01\/gruppen\/blaudruckgruppe\/\">Blaudruckgruppe<\/a><\/strong><\/li>\n<li><strong><a href=\"https:\/\/heimatverein-wulfen.de\/wp01\/gruppen\/braugruppe\/\">Braugruppe<\/a><\/strong><\/li>\n<li><strong><a href=\"https:\/\/heimatverein-wulfen.de\/wp01\/gruppen\/flachsgruppe\/\">Flachsgruppe<\/a><\/strong><\/li>\n<li><strong><a href=\"https:\/\/heimatverein-wulfen.de\/wp01\/gruppen\/gesichtsgruppe\/\">Geschichtsgruppe<\/a><\/strong><\/li>\n<li><a href=\"https:\/\/heimatverein-wulfen.de\/wp01\/gruppen\/lekkerbeck\/\"><strong>Lekkerbeck<\/strong><\/a><\/li>\n<li><strong><a href=\"https:\/\/heimatverein-wulfen.de\/wp01\/gruppen\/plattdeutsche-gruppe\/\">Plattdeutsche Gruppe<\/a><\/strong><\/li>\n<li><strong><a href=\"https:\/\/heimatverein-wulfen.de\/wp01\/gruppen\/pottkieker\/\">Pottkieker<\/a><\/strong><\/li>\n<li><strong><a href=\"https:\/\/heimatverein-wulfen.de\/wp01\/gruppen\/radfahrgruppe\/\">Radfahrgruppe<\/a><\/strong><\/li>\n<li><strong><a href=\"https:\/\/heimatverein-wulfen.de\/wp01\/gruppen\/seilerei-2\/\">Seilerei<\/a><\/strong><\/li>\n<li><strong><a href=\"https:\/\/heimatverein-wulfen.de\/wp01\/gruppen\/singgruppe\/\">Singgruppe<\/a><\/strong><\/li>\n<li><a href=\"https:\/\/heimatverein-wulfen.de\/wp01\/gruppen\/skatgruppe\/\"><strong>Skatgruppe<\/strong><\/a><\/li>\n<li><strong><a href=\"https:\/\/heimatverein-wulfen.de\/wp01\/gruppen\/theatergruppe\/\">Theatergruppe<\/a><\/strong><\/li>\n<li><strong><a href=\"https:\/\/heimatverein-wulfen.de\/wp01\/gruppen\/volkstanzgruppe\/\">Volkstanzgruppe<\/a><\/strong><\/li>\n<li><strong><a href=\"https:\/\/heimatverein-wulfen.de\/wp01\/gruppen\/spinngruppe\/\">Wollspinngruppe<\/a><\/strong><\/li>\n<\/ul>\n<div id=\"attachment_1147\" style=\"width: 871px\" class=\"wp-caption aligncenter\"><a href=\"https:\/\/heimatverein-wulfen.de\/wp01\/wp-content\/uploads\/2016\/04\/Flachshaus.jpg\" rel=\"lightbox[33]\"><img loading=\"lazy\" decoding=\"async\" aria-describedby=\"caption-attachment-1147\" class=\"wp-image-1147 size-column1-1\/2\" src=\"https:\/\/heimatverein-wulfen.de\/wp01\/wp-content\/uploads\/2016\/04\/Flachshaus-861x480.jpg\" alt=\"Flachsr\u00f6sthaus\" width=\"861\" height=\"480\" \/><\/a><p id=\"caption-attachment-1147\" class=\"wp-caption-text\">Flachsr\u00f6sthaus eingeweiht am 21.09.1997 zum 3. neuzeitlichen Flachsmarkt zum 75j\u00e4hrigen Vereinsjubil\u00e4um<\/p><\/div>\n","protected":false},"excerpt":{"rendered":"<p>Herzlich Willkommen auf der Website des Heimatvereins Wulfen 1922 e.V.! Hier finden Sie alle wichtigen Informationen \u00fcber uns, unsere Arbeitsgruppen und allen aktuellen Veranstalltungen in Wulfen. Der Heimatverein Wulfen 1922<\/p>\n<p><a href=\"https:\/\/heimatverein-wulfen.de\/wp01\/ueber-uns\/\" class=\"more-link themebutton\">Read More<\/a><\/p>\n","protected":false},"author":4,"featured_media":0,"parent":0,"menu_order":3,"comment_status":"closed","ping_status":"closed","template":"","meta":{"_cbd_carousel_blocks":"[]","footnotes":""},"class_list":["post-33","page","type-page","status-publish","hentry"],"publishpress_future_action":{"enabled":false,"date":"2026-05-10 12:40:42","action":"change-status","newStatus":"draft","terms":[],"taxonomy":"","extraData":[]},"publishpress_future_workflow_manual_trigger":{"enabledWorkflows":[]},"_links":{"self":[{"href":"https:\/\/heimatverein-wulfen.de\/wp01\/wp-json\/wp\/v2\/pages\/33","targetHints":{"allow":["GET"]}}],"collection":[{"href":"https:\/\/heimatverein-wulfen.de\/wp01\/wp-json\/wp\/v2\/pages"}],"about":[{"href":"https:\/\/heimatverein-wulfen.de\/wp01\/wp-json\/wp\/v2\/types\/page"}],"author":[{"embeddable":true,"href":"https:\/\/heimatverein-wulfen.de\/wp01\/wp-json\/wp\/v2\/users\/4"}],"replies":[{"embeddable":true,"href":"https:\/\/heimatverein-wulfen.de\/wp01\/wp-json\/wp\/v2\/comments?post=33"}],"version-history":[{"count":22,"href":"https:\/\/heimatverein-wulfen.de\/wp01\/wp-json\/wp\/v2\/pages\/33\/revisions"}],"predecessor-version":[{"id":10770,"href":"https:\/\/heimatverein-wulfen.de\/wp01\/wp-json\/wp\/v2\/pages\/33\/revisions\/10770"}],"wp:attachment":[{"href":"https:\/\/heimatverein-wulfen.de\/wp01\/wp-json\/wp\/v2\/media?parent=33"}],"curies":[{"name":"wp","href":"https:\/\/api.w.org\/{rel}","templated":true}]}}