{"id":361,"date":"2016-04-18T15:34:30","date_gmt":"2016-04-18T13:34:30","guid":{"rendered":"http:\/\/192.168.2.231\/wp01\/?page_id=361"},"modified":"2022-11-17T00:02:26","modified_gmt":"2022-11-16T23:02:26","slug":"pottkieker","status":"publish","type":"page","link":"https:\/\/heimatverein-wulfen.de\/wp01\/gruppen\/pottkieker\/","title":{"rendered":"Pottkieker"},"content":{"rendered":"<div class=\"wp-block-image\">\n<figure class=\"alignleft\"><a href=\"https:\/\/heimatverein-wulfen.de\/wp01\/wp-content\/uploads\/2016\/04\/IMG_2667-e1474620636127.jpg\" rel=\"lightbox[361]\"><img loading=\"lazy\" decoding=\"async\" width=\"700\" height=\"525\" src=\"https:\/\/heimatverein-wulfen.de\/wp01\/wp-content\/uploads\/2016\/04\/IMG_2667-e1474620636127.jpg\" alt=\"Die Pottkieker\" class=\"wp-image-2151\"\/><\/a><figcaption>Wir sind die Pottkieker:<br>Mechthild, Edda, Tina, Susi, Anke, Sandra, Nadja, Charlotte, Claudi, Jessi, Suse, Alex, Carola, Pia, Bianca, Iris und Susanne<\/figcaption><\/figure>\n<\/div>\n\n\n<p class=\"has-medium-font-size\"><strong>Treffen:<\/strong> alle zwei Wochen donnerstags, 20:00 Uhr im Heimathaus Wulfen<br><strong>Gruppensprecherin:<br><\/strong>Pia Stein<br>Tel.: 01 70 \/ 6 05 62 23<\/p>\n\n\n\n<p class=\"has-medium-font-size\">Die Pottkieker sind seit dem Sommer 2014 Bestandteil des Heimatvereins Wulfen.<\/p>\n\n\n\n<p class=\"has-medium-font-size\">Wir treffen uns alle zwei Wochen donnerstags um 20:00 Uhr im Heimathaus, um neue und alte Rezepte f\u00fcr selbstgemachte Fruchtaufstriche, Lik\u00f6re, Brote u.a. auszuprobieren oder auch neu zu kreieren. Die Ber\u00fccksichtigung regionaler und saisonaler Produkte liegt uns hierbei am Herzen \u2013 genauso wie das Auflebenlassen traditioneller Rezepte.<\/p>\n\n\n\n<p class=\"has-medium-font-size\">F\u00fcr entsprechende Anregungen und Empfehlungen sind wir immer offen.<\/p>\n\n\n\n<p class=\"has-medium-font-size\">Nach vorheriger Absprache nehmen wir auch gerne Spenden in Form von Obst oder Beeren aus dem eigenen Garten an.<\/p>\n\n\n\n<p class=\"has-medium-font-size\">Da die Pottkieker-Fruchtaufstriche und \u2013Lik\u00f6re mittlerweile zu einer beliebten Geschenkidee geworden sind, nehmen wir auch gerne Bestellungen entgegen. Wir bitten allerdings bei speziellen W\u00fcnschen um fr\u00fchzeitige Anmeldung, da einige unserer Produkte mehrere Wochen reifen m\u00fcssen. F\u00fcr R\u00fcckfragen stehen wir gerne zur Verf\u00fcgung.<\/p>\n","protected":false},"excerpt":{"rendered":"<p>Treffen: alle zwei Wochen donnerstags, 20:00 Uhr im Heimathaus WulfenGruppensprecherin:Pia SteinTel.: 01 70 \/ 6 05 62 23 Die Pottkieker sind seit dem Sommer 2014 Bestandteil des Heimatvereins Wulfen. Wir<\/p>\n<p><a href=\"https:\/\/heimatverein-wulfen.de\/wp01\/gruppen\/pottkieker\/\" class=\"more-link themebutton\">Read More<\/a><\/p>\n","protected":false},"author":4,"featured_media":0,"parent":60,"menu_order":0,"comment_status":"closed","ping_status":"closed","template":"","meta":{"_cbd_carousel_blocks":"[]","footnotes":""},"class_list":["post-361","page","type-page","status-publish","hentry"],"publishpress_future_action":{"enabled":false,"date":"2026-05-08 15:18:31","action":"change-status","newStatus":"draft","terms":[],"taxonomy":"","extraData":[]},"publishpress_future_workflow_manual_trigger":{"enabledWorkflows":[]},"_links":{"self":[{"href":"https:\/\/heimatverein-wulfen.de\/wp01\/wp-json\/wp\/v2\/pages\/361","targetHints":{"allow":["GET"]}}],"collection":[{"href":"https:\/\/heimatverein-wulfen.de\/wp01\/wp-json\/wp\/v2\/pages"}],"about":[{"href":"https:\/\/heimatverein-wulfen.de\/wp01\/wp-json\/wp\/v2\/types\/page"}],"author":[{"embeddable":true,"href":"https:\/\/heimatverein-wulfen.de\/wp01\/wp-json\/wp\/v2\/users\/4"}],"replies":[{"embeddable":true,"href":"https:\/\/heimatverein-wulfen.de\/wp01\/wp-json\/wp\/v2\/comments?post=361"}],"version-history":[{"count":18,"href":"https:\/\/heimatverein-wulfen.de\/wp01\/wp-json\/wp\/v2\/pages\/361\/revisions"}],"predecessor-version":[{"id":9768,"href":"https:\/\/heimatverein-wulfen.de\/wp01\/wp-json\/wp\/v2\/pages\/361\/revisions\/9768"}],"up":[{"embeddable":true,"href":"https:\/\/heimatverein-wulfen.de\/wp01\/wp-json\/wp\/v2\/pages\/60"}],"wp:attachment":[{"href":"https:\/\/heimatverein-wulfen.de\/wp01\/wp-json\/wp\/v2\/media?parent=361"}],"curies":[{"name":"wp","href":"https:\/\/api.w.org\/{rel}","templated":true}]}}