{"id":381,"date":"2016-04-18T15:56:59","date_gmt":"2016-04-18T13:56:59","guid":{"rendered":"http:\/\/192.168.2.231\/wp01\/?page_id=381"},"modified":"2026-02-15T15:36:46","modified_gmt":"2026-02-15T14:36:46","slug":"impressum","status":"publish","type":"page","link":"https:\/\/heimatverein-wulfen.de\/wp01\/media\/impressum\/","title":{"rendered":"Impressum"},"content":{"rendered":"\n<p class=\"has-medium-font-size\"><strong>Heimatverein Wulfen 1922 e.V.<\/strong><br><strong>Eingetragener Verein beim Amtsgericht Gelsenkirchen unter VR 130439<\/strong><\/p>\n\n\n\n<p class=\"has-medium-font-size\">\u00a9 Copyright<\/p>\n\n\n\n<p class=\"has-medium-font-size\">Heimatverein Wulfen 1922 e.V.<br>Johannes Kr\u00fcmpel \u2013 Vorsitzender &#8211;<br>Wittenbrink 16<br>46286 Dorsten<\/p>\n\n\n\n<p class=\"has-medium-font-size\"><strong>Verantwortlich f\u00fcr Inhalt und Gestaltung dieser Website<\/strong>:<\/p>\n\n\n\n<p class=\"has-medium-font-size\">Heimatverein Wulfen 1922 e.V.<br>Rh\u00f6nweg 11<br>46286 Dorsten<br>email: webmaster@heimatverein-wulfen.de<\/p>\n\n\n\n<p class=\"has-medium-font-size\"><strong>Urheberrecht<\/strong><\/p>\n\n\n\n<p class=\"has-medium-font-size\">Es gelten die gesetzlichen Copyright-Bestimmungen. Die hier ver\u00f6ffentlichten Daten, das Layout der Homepage, die verwendeten Grafiken sowie die Sammlung der Beitr\u00e4ge sind urheberrechtlich gesch\u00fctzt. Jede anderweitige Reproduktion oder Anzeige innerhalb fremder Frames ist ohne schriftliche Genehmigung untersagt.<br>Der Inhaber dieser Domain beh\u00e4lt es sich vor, Inhalte der Domain jederzeit zu ver\u00e4ndern oder zu entfernen. Des Weiteren besteht keinerlei Anspruch auf eine Ver\u00f6ffentlichung der zur Verf\u00fcgung gestellten Beitr\u00e4ge oder auf eine Verlinkung zu anderen Internetseiten.                          Der Heimatverein Wulfen 1922 e.V. beh\u00e4lt sich eine Nutzung seiner Inhalte f\u00fcr kommerzielles Text- und Data-Mining im Sinne von \u00a7 44b UrhG ausdr\u00fccklich vor, unabh\u00e4ngig davon, ob die Inhalte urheberrechtlich gesch\u00fctzt sind\u201c.<\/p>\n\n\n\n<p class=\"has-medium-font-size\"><strong>Rechtlicher Hinweis:<\/strong><\/p>\n\n\n\n<p class=\"has-medium-font-size\">Es ist dem Heimtverein Wulfen 1922 e.V. ein besonderes Anliegen, auf seinen Seiten zutreffende und aktuelle Informationen zu pr\u00e4sentieren. Eine Haftung oder Garantie f\u00fcr die Aktualit\u00e4t, Richtigkeit und Vollst\u00e4ndigkeit der zur Verf\u00fcgung gestellten Informationen und Daten ist jedoch ausgeschlossen. Dieser Hinweis gilt auch f\u00fcr alle anderen Websites, auf die durch Hyperlink verwiesen wird. Der Heimatverein Wulfen 1922 e.V. ist f\u00fcr den Inhalt von Websites, die mittels einer solchen Verbindung erreicht werden, ebenfalls nicht verantwortlich. Der Heimatverein Wulfen 1922 e.V. beh\u00e4lt sich vor, \u00c4nderungen oder Erg\u00e4nzungen der bereitgestellten Informationen oder Daten ohne Ank\u00fcndigung vorzunehmen.<\/p>\n\n\n\n<p class=\"has-medium-font-size\">Der Inhalt der Website des Heimatverein Wulfen 1922 e.V. ist urheberrechtlich gesch\u00fctzt. Deshalb bedarf die Vervielf\u00e4ltigung von Informationen oder Daten, insbesondere die Verwendung von Texten, von Textteilen oder Bildmaterial der vorherigen Zustimmung des Heimatvereins. S\u00e4mtliche Informationen oder Daten, deren Nutzung und die Anmeldung zur Website des Vereins sowie s\u00e4mtliches mit der Website zusammenh\u00e4ngendes Tun, Dulden oder Unterlassen unterliegen ausschlie\u00dflich deutschem Recht. Erf\u00fcllungsort und ausschlie\u00dflicher Gerichtsstand ist Gelsenkirchen.<\/p>\n","protected":false},"excerpt":{"rendered":"<p>Heimatverein Wulfen 1922 e.V.Eingetragener Verein beim Amtsgericht Gelsenkirchen unter VR 130439 \u00a9 Copyright Heimatverein Wulfen 1922 e.V.Johannes Kr\u00fcmpel \u2013 Vorsitzender &#8211;Wittenbrink 1646286 Dorsten Verantwortlich f\u00fcr Inhalt und Gestaltung dieser Website:<\/p>\n<p><a href=\"https:\/\/heimatverein-wulfen.de\/wp01\/media\/impressum\/\" class=\"more-link themebutton\">Read More<\/a><\/p>\n","protected":false},"author":4,"featured_media":0,"parent":470,"menu_order":0,"comment_status":"closed","ping_status":"closed","template":"","meta":{"_cbd_carousel_blocks":"[]","footnotes":""},"class_list":["post-381","page","type-page","status-publish","hentry"],"publishpress_future_action":{"enabled":false,"date":"2026-05-10 12:38:26","action":"change-status","newStatus":"draft","terms":[],"taxonomy":"","extraData":[]},"publishpress_future_workflow_manual_trigger":{"enabledWorkflows":[]},"_links":{"self":[{"href":"https:\/\/heimatverein-wulfen.de\/wp01\/wp-json\/wp\/v2\/pages\/381","targetHints":{"allow":["GET"]}}],"collection":[{"href":"https:\/\/heimatverein-wulfen.de\/wp01\/wp-json\/wp\/v2\/pages"}],"about":[{"href":"https:\/\/heimatverein-wulfen.de\/wp01\/wp-json\/wp\/v2\/types\/page"}],"author":[{"embeddable":true,"href":"https:\/\/heimatverein-wulfen.de\/wp01\/wp-json\/wp\/v2\/users\/4"}],"replies":[{"embeddable":true,"href":"https:\/\/heimatverein-wulfen.de\/wp01\/wp-json\/wp\/v2\/comments?post=381"}],"version-history":[{"count":9,"href":"https:\/\/heimatverein-wulfen.de\/wp01\/wp-json\/wp\/v2\/pages\/381\/revisions"}],"predecessor-version":[{"id":11510,"href":"https:\/\/heimatverein-wulfen.de\/wp01\/wp-json\/wp\/v2\/pages\/381\/revisions\/11510"}],"up":[{"embeddable":true,"href":"https:\/\/heimatverein-wulfen.de\/wp01\/wp-json\/wp\/v2\/pages\/470"}],"wp:attachment":[{"href":"https:\/\/heimatverein-wulfen.de\/wp01\/wp-json\/wp\/v2\/media?parent=381"}],"curies":[{"name":"wp","href":"https:\/\/api.w.org\/{rel}","templated":true}]}}