{"id":4232,"date":"2017-11-30T01:01:01","date_gmt":"2017-11-30T00:01:01","guid":{"rendered":"https:\/\/heimatverein-wulfen.de\/wp01\/?page_id=4232"},"modified":"2023-03-05T23:37:07","modified_gmt":"2023-03-05T22:37:07","slug":"heiligenhaeuschen-kottendorferfeld","status":"publish","type":"page","link":"https:\/\/heimatverein-wulfen.de\/wp01\/heiligenhaeuschen-kottendorferfeld\/","title":{"rendered":"Heiligenh\u00e4uschen Kottendorferfeld"},"content":{"rendered":"<div class=\"wp-block-image\">\n<figure class=\"alignleft\"><a href=\"https:\/\/heimatverein-wulfen.de\/wp01\/wp-content\/uploads\/2017\/03\/Kottendorferferld_001.jpg\" rel=\"lightbox[4232]\"><img loading=\"lazy\" decoding=\"async\" width=\"388\" height=\"362\" src=\"https:\/\/heimatverein-wulfen.de\/wp01\/wp-content\/uploads\/2017\/03\/Kottendorferferld_001.jpg\" alt=\"\" class=\"wp-image-3616\" srcset=\"https:\/\/heimatverein-wulfen.de\/wp01\/wp-content\/uploads\/2017\/03\/Kottendorferferld_001.jpg 388w, https:\/\/heimatverein-wulfen.de\/wp01\/wp-content\/uploads\/2017\/03\/Kottendorferferld_001-300x280.jpg 300w\" sizes=\"auto, (max-width: 388px) 100vw, 388px\" \/><\/a><figcaption>Heiligenh\u00e4uschen Kottendorferfeld zur Feldprozession hergerichtet<\/figcaption><\/figure>\n<\/div>\n\n\n<p class=\"has-medium-font-size\">Am Rand des W\u00e4ldchens Kottendorferfeld\/Pr\u00e4senkam, gegen\u00fcber dem Hofeingang Stadtmann, steht ein gemauertes Heiligenh\u00e4uschen, das vor 116 Jahren von der dort wohnenden Familie R\u00f6\u00dfmann\/Gro\u00dfe-Kottendorf erbaut worden ist. Im Innern steht ein altar\u00e4hnlicher Unterbau, der in franz\u00f6sich die Inschrift \u201eUnserer lieben Frau vom guten Herzen Jesu. Genehmigt vom Hl. Vater am 07. Sept. 1878\u201c enth\u00e4lt. Dar\u00fcber ist eine Mutter-Gottes-Figur angebracht, die auf ihren Armen das Jesukind tr\u00e4gt.<\/p>\n\n\n\n<p class=\"has-medium-font-size\">Der Anla\u00df zum Bau dieses Heiligenh\u00e4uschens ist den Nachkommen nicht mehr bekannt. Es wird von der Familie Stadtmann gehegt und gepflegt und dinet nioch heute der Kath. Kirchengemeinde St. Matth\u00e4us bei der allj\u00e4hrlich stattfindenden gro\u00dfen Feldprozession als Bet- und Segensstation.<\/p>\n\n\n\n<p class=\"has-medium-font-size\">In den letzten Jahren ist das Heiligenh\u00e4uschen mehrmals von Unbekannten besch\u00e4digt worden. So wurde Ende 1993 die dort seit 1978 aufgestellt gewesene Muttergottes mutwillig zerst\u00f6rt. Familie Stadtmann hat im Fr\u00fchjahr 1994 eine sch\u00f6ne Holzfigur wiedererworben, die jetzt dort untergestellt ist. Der vom Wulfener Heimatverein dazu angefertigte Holzsockel, auf dem die Muttergottes mit Kind steht, ist mit \u201eUnsere liebe Frau\u201c beschriftet. Auf der R\u00fcckseite ist zur Erinnerung eingraviert:<br>\u201eDies Heiligenh\u00e4uschen ist seit dem Aufbau im Jahr 1878 im Besitz der Familie R\u00f6\u00dfmann \/ Gro\u00dfe-Kottendorf \/ Oberwalleney \/ Stadtmann. Die seither aufgestellte Mutter-Gottes-Figur wurde 1993 von Unbekannten mutwillig zerst\u00f6rt. August und Liesel Stadtmann haben bei Mitwirkung der Kath. Kirchngemeinde St. Matth\u00e4us und des Heimatvereins Wulfen das Heiligenh\u00e4uschen neu eingerichtet und abgesichert.<br>.. Wulfen, im Mai 1994\u201c<\/p>\n\n\n<div class=\"wp-block-image\">\n<figure class=\"alignleft\"><a href=\"https:\/\/heimatverein-wulfen.de\/wp01\/wp-content\/uploads\/2017\/03\/Kottendorferferld_002.jpg\" rel=\"lightbox[4232]\"><img loading=\"lazy\" decoding=\"async\" width=\"300\" height=\"277\" src=\"https:\/\/heimatverein-wulfen.de\/wp01\/wp-content\/uploads\/2017\/03\/Kottendorferferld_002-300x277.jpg\" alt=\"\" class=\"wp-image-3617\" srcset=\"https:\/\/heimatverein-wulfen.de\/wp01\/wp-content\/uploads\/2017\/03\/Kottendorferferld_002-300x277.jpg 300w, https:\/\/heimatverein-wulfen.de\/wp01\/wp-content\/uploads\/2017\/03\/Kottendorferferld_002.jpg 392w\" sizes=\"auto, (max-width: 300px) 100vw, 300px\" \/><\/a><figcaption>Neu aufgestellte Mutter-Gottes-Figur<\/figcaption><\/figure>\n<\/div>\n\n\n<p class=\"has-medium-font-size\">Wir w\u00fcnschen und hoffen, da\u00df das Heiligenh\u00e4uschen in dieser sch\u00f6nen Ausstattung uns noch viele Jahre erhalten bleibt.<\/p>\n\n\n\n<p class=\"has-medium-font-size\">MADONNA MIT DEM KIND<br>DU STEHST IN SCHNEE UND WIND<br>BEI SONNENSCHEIN UND NACHT<br>AM WEG IN STILLER WACHT:<br>TROST L\u00c4CHELST DU SO MILD<br>O G\u00dcTIG MUTTERBILD<br>DEM M\u00dcDEN WANDERER ZU<br>IN DEINER FROMMEN RUH:<br>J. Spangemacher<\/p>\n\n\n\n<p class=\"has-medium-font-size\">Quelle: Grewer, Heinrich: Das Heiligenh\u00e4uschen im Kottendorferfeld in Wulfen,&nbsp; Heimatkalender 1995, S. 48<\/p>\n","protected":false},"excerpt":{"rendered":"<p>Am Rand des W\u00e4ldchens Kottendorferfeld\/Pr\u00e4senkam, gegen\u00fcber dem Hofeingang Stadtmann, steht ein gemauertes Heiligenh\u00e4uschen, das vor 116 Jahren von der dort wohnenden Familie R\u00f6\u00dfmann\/Gro\u00dfe-Kottendorf erbaut worden ist. Im Innern steht ein<\/p>\n<p><a href=\"https:\/\/heimatverein-wulfen.de\/wp01\/heiligenhaeuschen-kottendorferfeld\/\" class=\"more-link themebutton\">Read More<\/a><\/p>\n","protected":false},"author":6,"featured_media":0,"parent":0,"menu_order":0,"comment_status":"closed","ping_status":"closed","template":"","meta":{"_cbd_carousel_blocks":"[]","footnotes":""},"class_list":["post-4232","page","type-page","status-publish","hentry"],"publishpress_future_action":{"enabled":false,"date":"2026-05-05 14:07:56","action":"change-status","newStatus":"draft","terms":[],"taxonomy":"","extraData":[]},"publishpress_future_workflow_manual_trigger":{"enabledWorkflows":[]},"_links":{"self":[{"href":"https:\/\/heimatverein-wulfen.de\/wp01\/wp-json\/wp\/v2\/pages\/4232","targetHints":{"allow":["GET"]}}],"collection":[{"href":"https:\/\/heimatverein-wulfen.de\/wp01\/wp-json\/wp\/v2\/pages"}],"about":[{"href":"https:\/\/heimatverein-wulfen.de\/wp01\/wp-json\/wp\/v2\/types\/page"}],"author":[{"embeddable":true,"href":"https:\/\/heimatverein-wulfen.de\/wp01\/wp-json\/wp\/v2\/users\/6"}],"replies":[{"embeddable":true,"href":"https:\/\/heimatverein-wulfen.de\/wp01\/wp-json\/wp\/v2\/comments?post=4232"}],"version-history":[{"count":2,"href":"https:\/\/heimatverein-wulfen.de\/wp01\/wp-json\/wp\/v2\/pages\/4232\/revisions"}],"predecessor-version":[{"id":10139,"href":"https:\/\/heimatverein-wulfen.de\/wp01\/wp-json\/wp\/v2\/pages\/4232\/revisions\/10139"}],"wp:attachment":[{"href":"https:\/\/heimatverein-wulfen.de\/wp01\/wp-json\/wp\/v2\/media?parent=4232"}],"curies":[{"name":"wp","href":"https:\/\/api.w.org\/{rel}","templated":true}]}}