{"id":4235,"date":"2017-11-30T01:06:20","date_gmt":"2017-11-30T00:06:20","guid":{"rendered":"https:\/\/heimatverein-wulfen.de\/wp01\/?page_id=4235"},"modified":"2023-03-05T23:41:03","modified_gmt":"2023-03-05T22:41:03","slug":"heiligenhaeuschen-wauert","status":"publish","type":"page","link":"https:\/\/heimatverein-wulfen.de\/wp01\/heiligenhaeuschen-wauert\/","title":{"rendered":"Heiligenh\u00e4uschen Wauert"},"content":{"rendered":"<div class=\"wp-block-image\">\n<figure class=\"alignleft\"><a href=\"https:\/\/heimatverein-wulfen.de\/wp01\/wp-content\/uploads\/2017\/02\/Bildstock_Wauert_001.jpg\" rel=\"lightbox[4235]\"><img loading=\"lazy\" decoding=\"async\" width=\"300\" height=\"219\" src=\"https:\/\/heimatverein-wulfen.de\/wp01\/wp-content\/uploads\/2017\/02\/Bildstock_Wauert_001-300x219.jpg\" alt=\"\" class=\"wp-image-2916\" srcset=\"https:\/\/heimatverein-wulfen.de\/wp01\/wp-content\/uploads\/2017\/02\/Bildstock_Wauert_001-300x219.jpg 300w, https:\/\/heimatverein-wulfen.de\/wp01\/wp-content\/uploads\/2017\/02\/Bildstock_Wauert_001.jpg 618w\" sizes=\"auto, (max-width: 300px) 100vw, 300px\" \/><\/a><\/figure>\n<\/div>\n\n\n<p class=\"has-medium-font-size\">An der Stra\u00dfe &#8222;Im Wauert&#8220;, in der N\u00e4he des Hofeinganges Heidermann, steht ein Heiligenh\u00e4uschen, worin auf einem altar\u00e4hnlichen Unterbau eine Christusstatue steht. Es wird von der Nachbarschaft Wauert und den unmittelbar dort wohnenden Anliegern baum\u00e4\u00dfig betreut. Zum allj\u00e4hrlichen Fronleichnamsfest wird es zudem mit Blumen, Gr\u00fcn und Birkenstauden f\u00fcr die kirchliche Prozession als Bet- und Segenstation geschm\u00fcckt.<\/p>\n\n\n\n<p class=\"has-medium-font-size\">Nach der &#8222;Brunnschen Chronik&#8220; wurde das Heiligenh\u00e4uschen im Jahr 1879 f\u00fcr 100 Taler errichtet. Bis zum Jahr 1917 stand es auf der anderen Seite der Stra\u00dfe neben dem Hof Hemker. Mit Einsatz von Franz\u00f6sischen Kriegsgefangenen wurde das Geb\u00e4ude abgebrochen und \u00fcberwiegend mit denselben Materialien an der jetzigen Stelle wieder aufgebaut.<\/p>\n\n\n\n<p class=\"has-medium-font-size\">In den letzten Jahren vor 1980 wurde die im Heiligenh\u00e4uschen untergestellte Christusfigur mehrmals geraubt oder zerst\u00f6rt. Von der Nachbarschaft Wauert in Verbindung mit der Kirchengemeinde St. Matth\u00e4us wurde darauf festgelegt, den Eingang des H\u00e4uschens durch eine stabile Eisenpforte abzusichern und ein h\u00f6lzernes Christusbildnis anfertigen zu lassen, das befestigt angebracht werden kann.<\/p>\n\n\n\n<p class=\"has-medium-font-size\">F\u00fcr die Schnitzarbeit der Christusfigur wurde der Standbalken des fr\u00fcheren Pelzer-Kreuzes verwendet. Das Pelzer-Kreuz war, wie die Brunnsche Chronik berichtet, seit dem Jahr 1875 in einem Kapellchen in der N\u00e4he der fr\u00fcheren Kaplanei am Orth\u00f6ver Weg aufgestellt. In den Jahren nach dem ersten Weltkrieg wurde das Kapellchen wegen des Ausbaues des Orth\u00f6ver Weges und der Errichtung des Kriegerehrenmals abgebrochen.<\/p>\n\n\n\n<p class=\"has-medium-font-size\">Die R\u00fcckseite des Christusbildnisses &#8222;Jesus unsere Hoffnung&#8220; enth\u00e4lt folgende Inschrift: &#8222;Dieses Christusbild ist aus dem Stammholz des &#8222;Pelzer-Kreuzes&#8220; angefertigt. Das Kreuz wurde im Jahr 1875 von Heinrich Buddenbrock gen. Pelzer f\u00fcr ein Gel\u00f6bnis gespendet, von ihm zu Fu\u00df vom Wallfahrtsort Kevelaer nach Wulfen geholt und in der N\u00e4he der fr\u00fcheren Kaplanei am Orth\u00f6ver Weg aufgestellt. Bei der Anlage des Kriegerehrenmals im Jahre 1925 wurde es abgebaut und in der Pfarrkirche untergebracht. In den ersten Jahren nach dem zweiten Weltkrieg diente es als Friedhofskreuz im Kottendorferfeld.<\/p>\n\n\n\n<p class=\"has-medium-font-size\">Das Bild wurde im Auftrag des Pfarrers Karl Pilatus &#8211; Kath. Kirchengemeinde St. Matth\u00e4us &#8211; vom Wulfener Heinrich Grewer geschnitzt und im Mai 1980 im Heiligenh\u00e4uschen beim Bauern Heidermann aufgestellt.<\/p>\n\n\n\n<p class=\"has-medium-font-size\">Im Fr\u00fchjahr 1993 wurde das Heiligenh\u00e4uschen wegen aufgetretener Witterungssch\u00e4den renoviert. Das Fundament wurde isoliert, die Fugen des Mauerwerks und der Innenputz erneuert und das Dach mit einer neuen Kupferabdeckung versehen. Die Arbeiten wurden von den Mitgliedern der Nachbarschaft Wauert ausgef\u00fchrt und die Materialkosten mit Spenden gedeckt.<\/p>\n\n\n\n<p class=\"has-medium-font-size\">(Auszug aus Heimatkalender 1994, Heinrich Grewer &#8222;Das Heiligenh\u00e4uschen &#8222;Im Wauert&#8220; in Wulfen&#8220;, S. 51 &#8211; 53)<\/p>\n\n\n\n<h1 class=\"wp-block-heading\">Restauration 2012, 2013<\/h1>\n\n\n\n<h3 class=\"wp-block-heading\">Juli 2012<br>Dorfnachbarschaft feiert Richtfest<\/h3>\n\n\n<div class=\"wp-block-image\">\n<figure class=\"alignleft\"><a href=\"https:\/\/heimatverein-wulfen.de\/wp01\/wp-content\/uploads\/2017\/02\/Bildstock_Wauert_002-e1486815011937.jpg\" rel=\"lightbox[4235]\"><img loading=\"lazy\" decoding=\"async\" width=\"300\" height=\"200\" src=\"https:\/\/heimatverein-wulfen.de\/wp01\/wp-content\/uploads\/2017\/02\/Bildstock_Wauert_002-300x200.jpg\" alt=\"\" class=\"wp-image-2917\"\/><\/a><figcaption>Richtfest Bildstock Wauert<br>Foto: G. Bludau<\/figcaption><\/figure>\n<\/div>\n\n<div class=\"wp-block-image\">\n<figure class=\"alignleft\"><a href=\"https:\/\/heimatverein-wulfen.de\/wp01\/wp-content\/uploads\/2017\/02\/Bildstock_Wauert_003-e1486815065975.jpg\" rel=\"lightbox[4235]\"><img loading=\"lazy\" decoding=\"async\" width=\"300\" height=\"200\" src=\"https:\/\/heimatverein-wulfen.de\/wp01\/wp-content\/uploads\/2017\/02\/Bildstock_Wauert_003-300x200.jpg\" alt=\"\" class=\"wp-image-2918\"\/><\/a><figcaption>Richtfest Bildstock Wauert<br>Foto: G. Bludau<\/figcaption><\/figure>\n<\/div>\n\n<div class=\"wp-block-image\">\n<figure class=\"alignleft\"><a href=\"https:\/\/heimatverein-wulfen.de\/wp01\/wp-content\/uploads\/2017\/02\/Bildstock_Wauert_005-e1486815313416.jpg\" rel=\"lightbox[4235]\"><img loading=\"lazy\" decoding=\"async\" width=\"300\" height=\"200\" src=\"https:\/\/heimatverein-wulfen.de\/wp01\/wp-content\/uploads\/2017\/02\/Bildstock_Wauert_005-300x200.jpg\" alt=\"\" class=\"wp-image-2920\"\/><\/a><figcaption>Richtfest Bildstock Wauert<br>Foto: G. Bludau<\/figcaption><\/figure>\n<\/div>\n\n<div class=\"wp-block-image\">\n<figure class=\"alignleft\"><a href=\"https:\/\/heimatverein-wulfen.de\/wp01\/wp-content\/uploads\/2017\/02\/Bildstock_Wauert_004-e1486815256778.jpg\" rel=\"lightbox[4235]\"><img loading=\"lazy\" decoding=\"async\" width=\"300\" height=\"200\" src=\"https:\/\/heimatverein-wulfen.de\/wp01\/wp-content\/uploads\/2017\/02\/Bildstock_Wauert_004-300x200.jpg\" alt=\"\" class=\"wp-image-2919\"\/><\/a><figcaption>Richtfest Bildstock Wauert<br>Foto: G. Bludau<\/figcaption><\/figure>\n<\/div>\n\n\n<p class=\"has-medium-font-size\">Seit dem Abriss des traditionellen Wulfener Heiligenh\u00e4uschen im September 2011 laufen die Arbeiten f\u00fcr denWiederaufbau unweit des alten Standortes im Wauert. Trotz des durchwachsenem Wetters der letzten Woche wurde es nun geschafft, den Dachstuhl in Eigenleistung wieder aufzubauen. Dies wurde durch die Dorfnachbarschaft Wauert mit einem geb\u00fcrtigen Richtfest gefeiert. Dochbevor es soweit war, mussten noch ein paar traditionelle Handlungen in die Tat umgesetzt werden. So durfte zun\u00e4chst Hanni Heidermann, als Hausherrin des angrenzenden Bauernhofes, auf dem auch der Bildstock steht, die letzte Schraube eindrehen. Anschlie\u00dfend verlass Kalle Lutz, als Baukoordinator, den Richtspruch unter dem Beifall der anwesenden Nachbarschaft. Abschlie\u00dfend wurde mit Korn auf das gute Gelingen und die Standfestigkeit des neuen Bauwerks angesto\u00dfen. Nach diesem Akt wurde sich gem\u00fctlich zusammen gesessen und besprochen wie es in den kommenden Wochen weiter gehen soll. Nach bisherigem Planungstand sollen die Arbeiten am Bildstock, der im Original bereits im Jahre 1879 hier stand, bis Ende des Jahres abgeschlossen sein, so dass er im kommenden Jahr im neuen Glanz erstrahlt.<\/p>\n\n\n\n<p class=\"has-medium-font-size\">Ein Grund f\u00fcr den Standortortwechsel und den Wiederaufbau des Heiligenh\u00e4uschens ist eine weit \u00fcber 300 Jahre alte Eiche, die dem Bildstock seinen Standort streitig macht. Der Baum wurde im Laufe der Jahre immer m\u00e4chtiger. Die Dorfnachbarschaft Wauert, die schon seit je her das H\u00e4uschen betreut, hat sich deshalb entschlossen, es um einige Meter zu versetzen. Das aus dem Jahre 1879 stammende Haus, wurde im Jahre 1917 schon einmal versetzt und musste nun f\u00fcr den erneuten Standortwechsel komplett abgebaut werden.<\/p>\n\n\n\n<p class=\"has-medium-font-size\">(Lokalkompass, 21.07.2012)<\/p>\n\n\n\n<h3 class=\"wp-block-heading\">Mai 2013<br>Bildstock erstrahlt in neuem Glanz<\/h3>\n\n\n<div class=\"wp-block-image\">\n<figure class=\"alignleft\"><a href=\"https:\/\/heimatverein-wulfen.de\/wp01\/wp-content\/uploads\/2017\/02\/Bildstock_Wauert_006-e1486815573275.jpg\" rel=\"lightbox[4235]\"><img loading=\"lazy\" decoding=\"async\" width=\"300\" height=\"199\" src=\"https:\/\/heimatverein-wulfen.de\/wp01\/wp-content\/uploads\/2017\/02\/Bildstock_Wauert_006-300x199.jpg\" alt=\"\" class=\"wp-image-2921\"\/><\/a><figcaption>Foto: G. Bludau<\/figcaption><\/figure>\n<\/div>\n\n<div class=\"wp-block-image\">\n<figure class=\"alignleft\"><a href=\"https:\/\/heimatverein-wulfen.de\/wp01\/wp-content\/uploads\/2017\/02\/Bildstock_Wauert_007-e1486815700636.jpg\" rel=\"lightbox[4235]\"><img loading=\"lazy\" decoding=\"async\" width=\"300\" height=\"199\" src=\"https:\/\/heimatverein-wulfen.de\/wp01\/wp-content\/uploads\/2017\/02\/Bildstock_Wauert_007-300x199.jpg\" alt=\"\" class=\"wp-image-2922\"\/><\/a><figcaption>Foto: G. Bludau<\/figcaption><\/figure>\n<\/div>\n\n\n<p class=\"has-medium-font-size\">Seit dem Abriss des traditionellen Heiligenh\u00e4uschens an der Ecke Linnertweg \/ Im Wauert sind fast 19 Monate vergangen. Doch mit der gleichen Nachhaltigkeit, mit der sich die Nachbarschaft Wauert f\u00fcr dieses f\u00fcr sie ehrgeizige Projekt eingesetzt hat, wurde das Heiligenh\u00e4uschen nun vollendet.<\/p>\n\n\n\n<p class=\"has-medium-font-size\">\u201eFertig!\u201c, treffender h\u00e4tte Kalle Lutz es nicht formulieren k\u00f6nnen und blickt dabei in die zufriedenen Gesichter seiner Mitstreiter Jupp Schlagenwerth und Pit Brzezinski, denn mit dem Anbringen des Kupferk\u00e4ppchens an der Dachkonstruktion ist auch das letzte fehlende Teil an seinen Platz ger\u00fcckt.<\/p>\n\n\n\n<p class=\"has-medium-font-size\">Nicht wirklich weit weg von seinem bisherigen Standplatz erstrahlt der wiedererrichtete Bildstock, wie die offizielle Grundbuchbezeichnung lautet, in alter und doch neuer Pracht. Auch die nicht weg zu denkende Eiche hat keinen Schaden gelitten, lediglich ihre erdr\u00fcckende N\u00e4he wurde ihr genommen. Die Notwendigkeit Eiche und Heiligenh\u00e4uschen auseinander zu bringen war seit langem deutlich zu erkennen.<\/p>\n\n\n\n<p class=\"has-medium-font-size\">Schien es dem Betrachter doch so, als ob sich die Eiche auf den Bildstock st\u00fctzen wollte. Das w\u00e4re \u00fcber kurz oder lang katastrophal f\u00fcr das schw\u00e4chere Geb\u00e4ude ausgegangen. Folgerichtig hat die Nachbarschaft Wauert sich ihrer Verantwortung gestellt und sich in Einklang mit der Familie Heidermann, dem Heimatverein Wulfen und der katholischen Kirchengemeinde St. Matth\u00e4us daran gemacht, den Missstand durch Versetzen des Bildstockes zu ver\u00e4ndern. An freiwilligen Helfern aus den eigenen Reihen fehlte es nicht.<\/p>\n\n\n\n<p class=\"has-medium-font-size\">Auch fanden sich erfreulich viele Wulfener Mitb\u00fcrger und Firmen, die mit sachlicher und finanzieller Unterst\u00fctzung die Umsetzung m\u00f6glich und machbar werden lie\u00dfen. Mit Vorsicht wurde der Abriss, richtig w\u00e4re eher Abbau, begonnen, wollten die Beteiligten doch einen Einsturz vermeiden. Aber mit der Freilegung und Einsicht in die gesamte Konstruktion stieg die Sicherheit der Arbeiten. Noch brauchbare Teile wurden gelagert, der Altar zwischenzeitlich bei Familie Heidermann sorgsam untergebracht. Nach gesch\u00e4tzten 800 Stunden Manpower befindet sich das Heiligenh\u00e4uschen da, wo es nach Aussage berufener Beobachter mindestens f\u00fcr 100 Jahre unbehelligt bleiben kann und dann das macht, wozu es immer gedacht war: ein Ort zum Verweilen f\u00fcr all diejenigen, die einen Platz der Einkehr in unserer hektischen Zeit zu sch\u00e4tzen wissen.<\/p>\n\n\n\n<p class=\"has-medium-font-size\">Offiziell gesegnet wird das Heiligenh\u00e4uschen bei dem Feldgottesdienst auf dem Hof Heidermann am 5. Mai 2013. Dabei kommt der vom Vorsitzenden des Heimatverein Wulfen, Johannes Kr\u00fcmpel, neu angefertigte Altar zu seinem ersten Einsatz. Daran anschlie\u00dfend sorgt die Nachbarschaft Wauert f\u00fcr das leibliche Wohl derjenigen, die bei einem Bier und\/oder W\u00fcrstchen den Bildstock geb\u00fchrend bewundern wollen.<\/p>\n\n\n\n<p class=\"has-medium-font-size\">Danke sagen m\u00f6chte die Nachbarschaft Wauert all den Mitgliedern und Freunden, die in jedweder Form dieses Projekt unterst\u00fctzt haben. Danke auch f\u00fcr die finanziellen Zuwendungen der katholischen Kirchengemeinde St. Matth\u00e4us, des Heimatvereins Wulfen, der Familie Fritz Heidermann, des Fuhrunternehmens Humbert, des Malerbetriebes Schonebeck, der Fa. Kensy Inh. Th. Holtrichter, des Baustoffhandels Heiming, der Fa. Heinz Diekert, des ehem. Schuhhauses Harding, der Fa. Brokamp und der hiesigen Provinzial-Gesch\u00e4ftsstelle Rommeswinkel &amp; Huthmacher, ohne die die Umsetzung nur schwer m\u00f6glich gewesen w\u00e4re.<\/p>\n\n\n\n<p class=\"has-medium-font-size\">(Lokalkompass, 25.04.2013)<\/p>\n","protected":false},"excerpt":{"rendered":"<p>An der Stra\u00dfe &#8222;Im Wauert&#8220;, in der N\u00e4he des Hofeinganges Heidermann, steht ein Heiligenh\u00e4uschen, worin auf einem altar\u00e4hnlichen Unterbau eine Christusstatue steht. Es wird von der Nachbarschaft Wauert und den<\/p>\n<p><a href=\"https:\/\/heimatverein-wulfen.de\/wp01\/heiligenhaeuschen-wauert\/\" class=\"more-link themebutton\">Read More<\/a><\/p>\n","protected":false},"author":6,"featured_media":0,"parent":0,"menu_order":0,"comment_status":"closed","ping_status":"closed","template":"","meta":{"_cbd_carousel_blocks":"[]","footnotes":""},"class_list":["post-4235","page","type-page","status-publish","hentry"],"publishpress_future_action":{"enabled":false,"date":"2026-05-07 23:35:30","action":"change-status","newStatus":"draft","terms":[],"taxonomy":"","extraData":[]},"publishpress_future_workflow_manual_trigger":{"enabledWorkflows":[]},"_links":{"self":[{"href":"https:\/\/heimatverein-wulfen.de\/wp01\/wp-json\/wp\/v2\/pages\/4235","targetHints":{"allow":["GET"]}}],"collection":[{"href":"https:\/\/heimatverein-wulfen.de\/wp01\/wp-json\/wp\/v2\/pages"}],"about":[{"href":"https:\/\/heimatverein-wulfen.de\/wp01\/wp-json\/wp\/v2\/types\/page"}],"author":[{"embeddable":true,"href":"https:\/\/heimatverein-wulfen.de\/wp01\/wp-json\/wp\/v2\/users\/6"}],"replies":[{"embeddable":true,"href":"https:\/\/heimatverein-wulfen.de\/wp01\/wp-json\/wp\/v2\/comments?post=4235"}],"version-history":[{"count":3,"href":"https:\/\/heimatverein-wulfen.de\/wp01\/wp-json\/wp\/v2\/pages\/4235\/revisions"}],"predecessor-version":[{"id":10141,"href":"https:\/\/heimatverein-wulfen.de\/wp01\/wp-json\/wp\/v2\/pages\/4235\/revisions\/10141"}],"wp:attachment":[{"href":"https:\/\/heimatverein-wulfen.de\/wp01\/wp-json\/wp\/v2\/media?parent=4235"}],"curies":[{"name":"wp","href":"https:\/\/api.w.org\/{rel}","templated":true}]}}