{"id":4244,"date":"2017-11-30T01:18:20","date_gmt":"2017-11-30T00:18:20","guid":{"rendered":"https:\/\/heimatverein-wulfen.de\/wp01\/?page_id=4244"},"modified":"2023-03-06T00:01:33","modified_gmt":"2023-03-05T23:01:33","slug":"wegkreuz-kippheide","status":"publish","type":"page","link":"https:\/\/heimatverein-wulfen.de\/wp01\/wegkreuz-kippheide\/","title":{"rendered":"Wegkreuz Kippheide"},"content":{"rendered":"<div class=\"wp-block-image\">\n<figure class=\"alignleft\"><a href=\"https:\/\/heimatverein-wulfen.de\/wp01\/wp-content\/uploads\/2017\/04\/Kreuz-Kippheide-4.jpg\" rel=\"lightbox[4244]\"><img loading=\"lazy\" decoding=\"async\" width=\"220\" height=\"300\" src=\"https:\/\/heimatverein-wulfen.de\/wp01\/wp-content\/uploads\/2017\/04\/Kreuz-Kippheide-4-220x300.jpg\" alt=\"\" class=\"wp-image-3854\" srcset=\"https:\/\/heimatverein-wulfen.de\/wp01\/wp-content\/uploads\/2017\/04\/Kreuz-Kippheide-4-220x300.jpg 220w, https:\/\/heimatverein-wulfen.de\/wp01\/wp-content\/uploads\/2017\/04\/Kreuz-Kippheide-4.jpg 513w\" sizes=\"auto, (max-width: 220px) 100vw, 220px\" \/><\/a><\/figure>\n<\/div>\n\n\n<p class=\"has-medium-font-size\">Dieses Wegkreuz wurde in den Jahren 1955\/56&nbsp; erbaut. Die feierliche Einweihung durch Pastor August Pelkum fand am 10. Juni 1956 statt.<\/p>\n\n\n\n<p class=\"has-medium-font-size\">Vier Familien von der Kippheide, die \u201eHeidecker Nachbarschaft\u201c, haben das Kreuz gemeinschaftlich errichtet: die H\u00f6fe Schulte Spechtel, Rickert-Stockhoff, Linneweber-Becker und Gro\u00dfe Boes. Urspr\u00fcnglich sollte das Kreuz schon nach dem Ersten Weltkrieg entstehen und an die gefallenen Soldaten von der Kippheide erinnern, aber das Projekt wurde immer wieder verschoben und erst zehn Jahre nach Ende des Zweiten Weltkrieges in Angriff genommen, auch aus Dankbarkeit, dass die Nachbarschaft im Zweiten Weltkrieg relativ glimpflich davon gekommen war.&nbsp; So steht auch an der R\u00fcckseite des Kreuzes:<\/p>\n\n\n\n<h4 class=\"wp-block-heading\">\u201eGott zum Dank \u2013 Maria zu&nbsp; Ehren \u2013 unseren Toten zum Gedenken\u201c<\/h4>\n\n\n\n<p class=\"has-medium-font-size\">Bei der Grundsteinlegung am 12. April 1956 wurde eine Urkunde in den Sockel eingemauert, auf der das Versprechen niedergeschrieben war.<\/p>\n\n\n\n<p class=\"has-medium-font-size\">Das Kreuz ist aus Anr\u00f6chter Sandstein gebaut. Der Korpus am Kreuz ist von der K\u00fcnstlerin B\u00fcscher-Eilert aus Horstmar und stellt den leidenden Heiland dar.<\/p>\n\n\n\n<p class=\"has-medium-font-size\">Das Kreuz steht in landschaftlich sch\u00f6ner Lage am Midlicher Bach, hinter dem Kreuz beginnt ein Waldgel\u00e4nde, westlich erstreckt sich bis zur Bahnlinie ein relativ feuchtes Wiesengel\u00e4nde, der \u201eHetker\u201c (= Heide) &#8211; Bruch. Ab 1978 entstand s\u00fcdlich des Kreuzes das Wohngebiet \u201eWestabschnitt\u201c der \u201eNeuen Stadt Wulfen\u201c.&nbsp; Die dortigen Stra\u00dfenbezeichnungen Heidbruch, Hetkerbruch, Grehenbruch und Wiesenbruch erinnern an die alten Flur- und Gel\u00e4ndebezeichnungen.<\/p>\n\n\n\n<p class=\"has-medium-font-size\">Die Pflege des Kreuzes und der gesamten Anlage \u00fcbernehmen nach wie vor die oben genannten Familien. Bei der j\u00e4hrlichen Feldprozession dient das Wegkreuz als Station und wird festlich mit Blumen und Fahnen geschm\u00fcckt.<\/p>\n\n\n<div class=\"wp-block-image\">\n<figure class=\"alignleft\"><a href=\"https:\/\/heimatverein-wulfen.de\/wp01\/wp-content\/uploads\/2017\/04\/Kreuz-Kippheide-2.jpg\" rel=\"lightbox[4244]\"><img loading=\"lazy\" decoding=\"async\" width=\"300\" height=\"222\" src=\"https:\/\/heimatverein-wulfen.de\/wp01\/wp-content\/uploads\/2017\/04\/Kreuz-Kippheide-2-300x222.jpg\" alt=\"\" class=\"wp-image-3852\" srcset=\"https:\/\/heimatverein-wulfen.de\/wp01\/wp-content\/uploads\/2017\/04\/Kreuz-Kippheide-2-300x222.jpg 300w, https:\/\/heimatverein-wulfen.de\/wp01\/wp-content\/uploads\/2017\/04\/Kreuz-Kippheide-2.jpg 700w\" sizes=\"auto, (max-width: 300px) 100vw, 300px\" \/><\/a><\/figure>\n<\/div>\n\n<div class=\"wp-block-image\">\n<figure class=\"alignleft\"><a href=\"https:\/\/heimatverein-wulfen.de\/wp01\/wp-content\/uploads\/2017\/04\/Kreuz-Kippheide-3.jpg\" rel=\"lightbox[4244]\"><img loading=\"lazy\" decoding=\"async\" width=\"300\" height=\"223\" src=\"https:\/\/heimatverein-wulfen.de\/wp01\/wp-content\/uploads\/2017\/04\/Kreuz-Kippheide-3-300x223.jpg\" alt=\"\" class=\"wp-image-3853\" srcset=\"https:\/\/heimatverein-wulfen.de\/wp01\/wp-content\/uploads\/2017\/04\/Kreuz-Kippheide-3-300x223.jpg 300w, https:\/\/heimatverein-wulfen.de\/wp01\/wp-content\/uploads\/2017\/04\/Kreuz-Kippheide-3.jpg 700w\" sizes=\"auto, (max-width: 300px) 100vw, 300px\" \/><\/a><\/figure>\n<\/div>\n\n<div class=\"wp-block-image\">\n<figure class=\"alignleft\"><a href=\"https:\/\/heimatverein-wulfen.de\/wp01\/wp-content\/uploads\/2017\/04\/Kreuz-Kippheide-1.jpg\" rel=\"lightbox[4244]\"><img loading=\"lazy\" decoding=\"async\" width=\"209\" height=\"300\" src=\"https:\/\/heimatverein-wulfen.de\/wp01\/wp-content\/uploads\/2017\/04\/Kreuz-Kippheide-1-209x300.jpg\" alt=\"\" class=\"wp-image-3851\"\/><\/a><\/figure>\n<\/div>\n\n<div class=\"wp-block-image\">\n<figure class=\"alignleft\"><a href=\"https:\/\/heimatverein-wulfen.de\/wp01\/wp-content\/uploads\/2017\/04\/Nachbarschaft-Kippheide.jpg\" rel=\"lightbox[4244]\"><img loading=\"lazy\" decoding=\"async\" width=\"300\" height=\"235\" src=\"https:\/\/heimatverein-wulfen.de\/wp01\/wp-content\/uploads\/2017\/04\/Nachbarschaft-Kippheide-300x235.jpg\" alt=\"\" class=\"wp-image-3855\" srcset=\"https:\/\/heimatverein-wulfen.de\/wp01\/wp-content\/uploads\/2017\/04\/Nachbarschaft-Kippheide-300x235.jpg 300w, https:\/\/heimatverein-wulfen.de\/wp01\/wp-content\/uploads\/2017\/04\/Nachbarschaft-Kippheide.jpg 700w\" sizes=\"auto, (max-width: 300px) 100vw, 300px\" \/><\/a><\/figure>\n<\/div>","protected":false},"excerpt":{"rendered":"<p>Dieses Wegkreuz wurde in den Jahren 1955\/56&nbsp; erbaut. Die feierliche Einweihung durch Pastor August Pelkum fand am 10. Juni 1956 statt. Vier Familien von der Kippheide, die \u201eHeidecker Nachbarschaft\u201c, haben<\/p>\n<p><a href=\"https:\/\/heimatverein-wulfen.de\/wp01\/wegkreuz-kippheide\/\" class=\"more-link themebutton\">Read More<\/a><\/p>\n","protected":false},"author":6,"featured_media":0,"parent":0,"menu_order":0,"comment_status":"closed","ping_status":"closed","template":"","meta":{"_cbd_carousel_blocks":"[]","footnotes":""},"class_list":["post-4244","page","type-page","status-publish","hentry"],"publishpress_future_action":{"enabled":false,"date":"2026-05-07 13:53:19","action":"change-status","newStatus":"draft","terms":[],"taxonomy":"","extraData":[]},"publishpress_future_workflow_manual_trigger":{"enabledWorkflows":[]},"_links":{"self":[{"href":"https:\/\/heimatverein-wulfen.de\/wp01\/wp-json\/wp\/v2\/pages\/4244","targetHints":{"allow":["GET"]}}],"collection":[{"href":"https:\/\/heimatverein-wulfen.de\/wp01\/wp-json\/wp\/v2\/pages"}],"about":[{"href":"https:\/\/heimatverein-wulfen.de\/wp01\/wp-json\/wp\/v2\/types\/page"}],"author":[{"embeddable":true,"href":"https:\/\/heimatverein-wulfen.de\/wp01\/wp-json\/wp\/v2\/users\/6"}],"replies":[{"embeddable":true,"href":"https:\/\/heimatverein-wulfen.de\/wp01\/wp-json\/wp\/v2\/comments?post=4244"}],"version-history":[{"count":2,"href":"https:\/\/heimatverein-wulfen.de\/wp01\/wp-json\/wp\/v2\/pages\/4244\/revisions"}],"predecessor-version":[{"id":10148,"href":"https:\/\/heimatverein-wulfen.de\/wp01\/wp-json\/wp\/v2\/pages\/4244\/revisions\/10148"}],"wp:attachment":[{"href":"https:\/\/heimatverein-wulfen.de\/wp01\/wp-json\/wp\/v2\/media?parent=4244"}],"curies":[{"name":"wp","href":"https:\/\/api.w.org\/{rel}","templated":true}]}}