{"id":4801,"date":"2018-04-13T21:17:42","date_gmt":"2018-04-13T19:17:42","guid":{"rendered":"https:\/\/heimatverein-wulfen.de\/wp01\/?page_id=4801"},"modified":"2025-11-13T22:44:20","modified_gmt":"2025-11-13T21:44:20","slug":"ehrenmal","status":"publish","type":"page","link":"https:\/\/heimatverein-wulfen.de\/wp01\/wulfen\/orte-und-einrichtungen\/ehrenmal\/","title":{"rendered":"Das Wulfener Ehrenmal &#8211; Seine Geschichte"},"content":{"rendered":"<div class=\"wp-block-image\">\n<figure class=\"alignleft size-full is-resized\"><img loading=\"lazy\" decoding=\"async\" width=\"836\" height=\"493\" src=\"https:\/\/heimatverein-wulfen.de\/wp01\/wp-content\/uploads\/2025\/11\/Ehrenmal-1925.jpg\" alt=\"\" class=\"wp-image-11346\" style=\"width:572px;height:auto\" srcset=\"https:\/\/heimatverein-wulfen.de\/wp01\/wp-content\/uploads\/2025\/11\/Ehrenmal-1925.jpg 836w, https:\/\/heimatverein-wulfen.de\/wp01\/wp-content\/uploads\/2025\/11\/Ehrenmal-1925-300x177.jpg 300w, https:\/\/heimatverein-wulfen.de\/wp01\/wp-content\/uploads\/2025\/11\/Ehrenmal-1925-768x453.jpg 768w\" sizes=\"auto, (max-width: 836px) 100vw, 836px\" \/><figcaption class=\"wp-element-caption\">Foto 2025: Archiv HVW<\/figcaption><\/figure>\n<\/div>\n\n\n<p class=\"has-medium-font-size\">Inmitten von Wulfen, an der Hervester Stra\u00dfe, steht ein sch\u00f6nes und sehenswertes Ehrenmal, das den toten Soldaten von Wulfen gewidmet ist. Es wurde im Jahr 1925 erbaut und in Verbindung mit dem 25-j\u00e4hrigen Jubil\u00e4um des ehemaligen Kriegervereins Wulfen eingeweiht und als Gedenkst\u00e4tte der \u00d6ffentlichkeit \u00fcbergeben. \u00dcber die Einzelheiten hierzu ist im Heimatkalender der Herrlichkeit Lembeck 1926, S. 86 ff., und in den Tageszeitungen eingehend berichtet worden. Der Chronist schreibt damals:<br>\u201eDer Wulfener Gemeinde geb\u00fchrt vollste Anerkennung f\u00fcr die Errichtung eines solch pr\u00e4chtigen Bauwerkes zum Ged\u00e4chtnis der Gefallenen. Das Denkmal w\u00e4re f\u00fcr eine Gro\u00dfstadt nicht zu gering gewesen. F\u00fcr ein Dorf eine gro\u00dfe Tat.\u201c Auf zwei angebrachten Kupfertafeln wurden die Namen der 3 gefallenen Soldaten des Deutsch-Franz\u00f6sischen Krieges 1870\/71 und der 65 gefallenen bzw. verstorbenen Soldaten des ersten Weltkrieges 1914 \u2013 1918 festgehalten.<\/p>\n\n\n\n<p class=\"has-medium-font-size\">Das Ehrenmal wurde von der Gemeinde Wulfen instandgehalten und gepflegt. Im Jahr 1955 machten sich durch Witterungseinfl\u00fcsse gr\u00f6\u00dfere Sch\u00e4den an der Gedenkst\u00e4tte bemerkbar, die behoben werden mussten und eine bauliche Renovierung erforderten. Zum 125-j\u00e4hrigen Jubil\u00e4um des Wulfener Sch\u00fctzenvereins wurde danach im Jahr1958 das Ehrenmal neu eingeweiht. Durch das Anbringen von zwei Bronzetafeln mit entsprechenden Texten wurde in allgemeiner ehrender Form der gefallenen und vermissten Soldaten des Krieges 1939 \u2013 1945 und auch der durch Kriegseinwirkungen umgekommenen Wulfener B\u00fcrgerinnen und B\u00fcrger gedacht (s. HK 1959, S. 61).<\/p>\n\n\n<div class=\"wp-block-image\">\n<figure class=\"alignleft size-full is-resized\"><img loading=\"lazy\" decoding=\"async\" width=\"717\" height=\"485\" src=\"https:\/\/heimatverein-wulfen.de\/wp01\/wp-content\/uploads\/2025\/11\/Ehrenmal-2005.jpg\" alt=\"\" class=\"wp-image-11348\" style=\"width:338px;height:auto\" srcset=\"https:\/\/heimatverein-wulfen.de\/wp01\/wp-content\/uploads\/2025\/11\/Ehrenmal-2005.jpg 717w, https:\/\/heimatverein-wulfen.de\/wp01\/wp-content\/uploads\/2025\/11\/Ehrenmal-2005-300x203.jpg 300w\" sizes=\"auto, (max-width: 717px) 100vw, 717px\" \/><figcaption class=\"wp-element-caption\">Foto 2005: Archiv HVW \/ Willi Duwenbeck<\/figcaption><\/figure>\n<\/div>\n\n\n<p class=\"has-medium-font-size\">Nach 1991 war erneut eine Renovierung des Ehrenmals notwendig. Es wurde von Wulfener Vereinen und Institutionen eine Interessengemeinschaft Ehrenmal gegr\u00fcndet. Der Heimatverein Wulfen machte den Vorschlag, die einzelnen Namen der Kriegsopfer des 2. Weltkrieges 1939 \u2013 1945 am Ehrenmal zu dokumentieren. W\u00e4hrend der Wulfener Sch\u00fctzenverein haupts\u00e4chlich die Renovierung bzw. Restaurierung des Ehrenmals regelte, nahm der Heimatverein Wulfen die Erfassung der Toten und Vermissten vor. So wurden zusammen 148 Personen ermittelt, die ihr Leben opferten bzw. als Vermisste gelten. Nachdem die Bauarbeiten erledigt waren, wurden zwei Bronzetafeln mit den Namen angebracht. Im Juni 1995 erfolgte bei gro\u00dfer Beteiligung der Wulfener Bev\u00f6lkerung die Neueinweihung des Ehrenmals (s. HK 1996, S. 144 ff.). Zum bleibenden Gedenken sind die Namen und Daten der toten und vermissten Wulfener der Kriege 1870\/71, 1914 \u2013 1918 und 1939 \u2013 1945 nachstehend einzeln aufgef\u00fchrt. Sie sollen uns stets daran erinnern, Gewalt jeglicher Art grunds\u00e4tzlich abzulehnen.<br>Erg\u00e4nzend sind nachfolgend auch die Namen der vier Wulfener aufgef\u00fchrt, die in Napoleons Feldzug 1812 gegen Russland, als die Herrlichkeit Lembeck bis zum Befreiungskrieg 1813 noch Bestandteil des Franz\u00f6sischen Kaiserreiches war, im franz\u00f6sischen Heeresdienst ihr Leben lie\u00dfen (s. HK 1931, S. 59 ff.). HG<\/p>\n\n\n<div class=\"wp-block-image\">\n<figure class=\"alignright size-full is-resized\"><img loading=\"lazy\" decoding=\"async\" width=\"386\" height=\"591\" src=\"https:\/\/heimatverein-wulfen.de\/wp01\/wp-content\/uploads\/2025\/11\/St.-Michael-nach-Restaurierung-1.jpg\" alt=\"\" class=\"wp-image-11354\" style=\"width:245px;height:auto\" srcset=\"https:\/\/heimatverein-wulfen.de\/wp01\/wp-content\/uploads\/2025\/11\/St.-Michael-nach-Restaurierung-1.jpg 386w, https:\/\/heimatverein-wulfen.de\/wp01\/wp-content\/uploads\/2025\/11\/St.-Michael-nach-Restaurierung-1-196x300.jpg 196w\" sizes=\"auto, (max-width: 386px) 100vw, 386px\" \/><figcaption class=\"wp-element-caption\">St. Michael nach Restaurierung       Foto 2025: Archiv HVW<\/figcaption><\/figure>\n<\/div>\n\n\n<p class=\"has-medium-font-size\">F\u00fcr das Jubil\u00e4umsjahr 2025 wurde das Denkmal noch einmal fachm\u00e4nnisch restauriert, um das Ehrenmal auch in seiner Bausubstanz langfristig zu erhalten.<\/p>\n\n\n\n<p class=\"has-medium-font-size\">Der Heimatverein Wulfen 1922 e.V. hat in seinem Archiv umfangreiche Materialien, die auch aus der Zeit der Entstehung stammen. Wer weitergehend Informationen w\u00fcnscht, kann sich an die Archiv- und Geschichtsgruppe im Heimatarchiv Wulfen wenden.<\/p>\n\n\n\n<p class=\"has-medium-font-size\">Der Heimatverein Wulfen hat zum 80-j\u00e4hrigen Bestehen im Jahr 2005 eine ausf\u00fchrlichere Brosch\u00fcre erstellt, die Sie <a href=\"https:\/\/heimatverein-wulfen.de\/wp01\/wp-content\/uploads\/2025\/11\/80-Jahre-Ehrenmal-Wulfen-Broschuere-HVW_2005.pdf\">hier<\/a> als PDF-Dokument lesen k\u00f6nnen.<\/p>\n\n\n\n<div style=\"height:10px\" aria-hidden=\"true\" class=\"wp-block-spacer\"><\/div>\n\n\n\n<p class=\"has-medium-font-size\"><strong>+ N A M E N S L I S T E +<\/strong><\/p>\n\n\n\n<p class=\"has-medium-font-size\"><strong>Krieg 1812<\/strong><br>1. Wieschenberg, Joh. Bernh. *1790 \u20201813<br>2. Pa\u00dfmann, Heinrich *1791<br>3. Schumacher, Fritz *1793<br>4. Hoffmann, Hermann *1793 \u20201812<\/p>\n\n\n\n<p class=\"has-medium-font-size\"><strong>Krieg 1870\/71<\/strong><br>1. Vadder, Friedrich \u202018.08.70<br>2. Brunn, Eduard \u202001.10.70<br>3. Soggeberg gnt. Sch\u00fclting, Heinr. \u202011.10.70<\/p>\n\n\n\n<p class=\"has-medium-font-size\"><strong>Erster Weltkrieg 1914 \u2013 1918<\/strong><br>1. R\u00f6\u00dfmann, Wilhelm \u202024.08.14<br>2. Sahl, Adam \u202024.08.14<br>3. Schlagewerth, Wilh. \u202003.09.14<br>4. Wessels, Heinrich \u202016.10.14<br>5. Schulte Bockholt, Joh. \u202021.10.14<br>6. Potthast, Heinrich \u202010.11.14<br>7. Schulte Bocholt, Wilh. \u202006.12.14<br>8. Huxel, Theodor \u202002.02.15<br>9. Schulte Bockholt, Rud. \u202010.03.15<br>10. M\u00fcter, Johann \u202011.03.15<br>11. Stollbrink, Johann \u202012.03.15<br>12. B\u00f6mmer, Heinrich \u202014.05.15<br>13. Berger, Aloys \u202030.06.15<br>14. Br\u00fcggemann, Johann \u202008.09.15<br>15. Lebenstein, Hermann \u202025.09.15<br>16. Gro\u00dfe Erwig, Clemens \u202004.10.15<br>17. Wehling, Gottfried \u202025.11.15<br>18. Weber, Oskar \u202021.02.16<br>19. Heitmann, Heinrich \u202028.02.16<br>20. Maag, Hubert \u202002.03.16<br>21. Lammers, Wilhelm \u202015.03.16<br>22. Becker, Josef \u202007.05.16<br>23. Fahselt, Anton \u202007.06.16<br>24. Gr\u00fcter, Engelbert \u202019.06.16<br>25. Lechtenberg, Theodor \u202008.07.16<br>26. Brosthaus, Josef \u202010.07.16<br>27. Linneweber, Johann \u202015.08.16<br>28. Rickert, Bernhard \u202031.08.16<br>29. Gro\u00dfe Peclum, Hermann \u202013.09.16<br>30. Maag, Josef \u202008.11.16<br>31. Sender, Aloys \u202016.11.16<br>32. Bu\u00dfmann, Wilhelm \u202012.02.17<br>33. Stolbrink, Friedrich \u202005.05.17<br>34. van Weel, Anton \u202011.05.17<br>35. Humbert, Johann \u202020.05.17<br>36. Rickert, Franz \u202024.05.17<br>37. B\u00f6mmer, Johann \u202001.07.17<br>38. Stolbrink, Franz \u202029.07.17<br>39. Heitmann, Josef \u202020.08.17<br>40. Waterkotte, Johann \u202020.08.17<br>41. Bockholt, Theodor \u202008.09.17<br>42. Huxel, Clemens \u202004.10.17<br>43. Gro\u00dfe Boes, Aloys \u202005.10.17<br>44. Pa\u00dfmann, Adolf \u202011.11.17<br>45. Schulte, Friedrich \u202026.03.18<br>46. Br\u00fcggemann, Bernhard \u202028.03.18<br>47. Fischer, Johann \u202029.03.18<br>48. Albers, Johann \u202005.04.18<br>49. Greinke, Rudolf \u202014.04.18<br>50. Dumpe, Bernhard \u202020.05.18<br>51. K\u00f6llmann, Max \u202027.05.18<br>52. Risthaus, Gustav \u202027.05.18<br>53. Gro\u00dfe Erwig, Wilhelm \u202025.06.18<br>54. Claas, Wilhelm \u202002.07.18<br>55. Horse, Bernhard \u202020.07.18<br>56. Wehling, Heinrich \u202001.09.18<br>57. Wessels, Heinrich \u202001.10.18<br>58. Waterkotte, Bernhard \u202006.10.18<br>59. Kemper, Anton \u202016.10.18<br>60. Rentmeister, Heinrich \u202023.10.18<br>61. B\u00f6mmer, Josef \u202029.10.18<br>62. Wenske, Karl \u202015.12.18<br>63. Huxel, Adolf \u202012.04.19<br>64. Wibbelt, Franz \u202028.09.20<br>65. Potthast, Joseph \u202028.09.24<\/p>\n\n\n\n<p class=\"has-medium-font-size\"><strong>Zweiter Weltkrieg 1939 \u2013 1945<\/strong><br><strong> Gefallene Soldaten<\/strong><br>1. Gro\u00dfe-Erwig, Heinrich *1917 \u202016.05.41<br>2. L\u00f6bbing, Hans *1917 \u202017.07.41<br>3. Koch, Bernhard *1911 \u202020.07.41<br>4. Inhestern, Wilhelm *1916 \u202021.07.41<br>5. L\u00f6bbing, Franz *1911 \u202031.07.41<br>6. Badde, Josef *1919 \u202022.08.41<br>7. Niep\u00f6tter, Hans *1915 \u202006.09.41<br>8. K\u00f6llmann, Willi *1921 \u202027.10.41<br>9. Potthast, Josef *1921 \u202028.11.41<br>10. Ernst, Waldemar *1911 \u202022.12.41<br>11. Heydasch, Johann *1919 \u202024.12.41<br>12. Katzek, Eduard *1918 \u202015.02.42<br>13. Koch, Alois *1921 \u202018.02.42<br>14. B\u00f6sing, Franz *1914 \u202018.03.42<br>15. Sch\u00fcrmann, Wilhelm *1919 \u202007.08.42<br>16. Potthast, Adolf *1923 \u202024.08.42<br>17. Schrudde, Bernhard *1920 \u202027.08.42<br>18. Holtrichter-R\u00f6\u00dfmann, Josef *1912 \u202009.09.42<br>19. Switalla, Franz *1923 \u202025.09.42<br>20. Wanning, Johann *1922 \u202027.09.42<br>21. Holtrichter-R\u00f6\u00dfmann, Bernh. *1921 \u202023.11.42<br>22. Osterkamp, Clemens *1913 \u202028.12.42<br>23. Stockhoff, Theodor *1914 \u202028.12.42<br>24. Inhester, Otto *1914 \u202023.01.43<br>25. Weise, Helmut *1922 \u202026.01.43<br>26. Becker, Willi *1917 \u202029.01.43<br>27. Scheele, Rudolf *1923 \u202028.02.43<br>28. Humme, Bernhard *1922 \u202005.03.43<br>29. Urban, Josef *1918 \u202010.04.43<br>30. Oberwalleney, Edmund *1924 \u202003.06.43<br>31. Harding, Heinz *1920 \u202026.06.43<br>32. Duwenbeck, Wilhelm *1909 \u202020.07.43<br>33. Steinberg, Wilhelm *1922 \u202011.09.43<br>34. Teschmer, Georg *1908 \u202013.09.43<br>35. Katzek, Adolf *1922 \u202021.09.43<br>36. Askamp, Johann *1906 \u202002.10.43<br>37. Geldermann, Heinrich *1914 \u202021.10.43<br>38. Schl\u00fcter, Heinrich *1915 \u202001.11.43<br>39. B\u00f6sing, Johann *1915 \u202013.11.43<br>40. Lennartz, Willi *1909 \u202005.12.43<br>41. Steggewerth, Theodor *1919 \u202017.12.43<br>42. Potthast, Heinrich *1912 \u202004.01.44<br>43. Onnebrink, Josef *1923 \u202007.01.44<br>44. Indewal, Heinz *1914 \u202009.01.44<br>45. Real, Hermann *1916 \u202021.01.44<br>46. Meirick, Aloys *1915 \u202023.02.44<br>47. Maag, Rudolf *1924 \u202024.03.44<br>48. Badde, Fritz *1907 \u202017.04.44<br>49. Grewer, Josef *1926 \u202023.05.44<br>50. Langenhorst, Heinrich *1925 \u202002.06.44<br>51. Ketteler, Ewald *1925 \u202007.06.44<br>52. Real, Heinrich *1914 \u202025.06.44<br>53. Gro\u00dfe-Geldermann, Hans *1918 \u202001.07.44<br>54. Micheel, Gernhard *1911 \u202011.07.44<br>55. Wellmann, Josef *1911 \u202024.07.44<br>56. Schulte-Tenberge, Wilhelm *1925 \u202002.08.44<br>57. Koch, Hans *1911 \u202005.08.44<br>58. Becker, Alfons *1926 \u202012.08.44<br>59. Risthaus, Josef *1911 \u202022.08.44<br>60. Sch\u00fcrmann, Franz *1924 \u202028.09.44<br>61. Oberwalleney, Willi *1922 \u202012.10.44<br>62. Gro\u00dfe-Erwig, Willi *1921 \u202005.11.44<br>63. Maag, Josef *1911 \u202010.11.44<br>64. St\u00f6ppler, Hans *1924 \u202024.11.44<br>65. Kuckuck, Alfred *1923 \u202030.11.44<br>66. Dehling, Hubert *1926 \u202023.12.44<br>67. Rohlof, Karl *1908 \u202031.01.45<br>68. Mergen, Willi *1928 \u202011.02.45<br>69. Brunn, Franz *1922 \u202021.02.45<br>70. Maag, Alois *1906 \u202025.02.45<br>71. Hackemesser, Franz *1910 \u202006.03.45<br>72. Becker, Wilhelm *1913 \u202007.03.45<br>73. Commer, Johannes *1916 \u202015.03.45<br>74. Waterkotte, Bernhard *1916 \u202015.03.45<br>75. Br\u00fcggemann, Heinrich *1911 \u202017.03.45<br>76. Gro\u00dfe Holtforth, Johann *1911 \u202029.03.45<br>77. Albers, Johann *1907 \u2020 03.45<br>78. Huxel, Heinrich *1907 \u202001.04.45<br>79. Albers, Heinz *1916 \u202003.04.45<br>80. Harding, Franz *1926 \u202029.04.45<br>81. Gro\u00dfe-Geldermann, Heinr. *1912 \u202006.05.45<br>82. Stolbrink, Bernhard *1927 \u202008.05.45<\/p>\n\n\n\n<p class=\"has-medium-font-size\"><strong>In der Gefangenschaft verstorbene Soldaten<\/strong><br>83. J\u00f6ster, Theodor *1905 \u202023.05.45<br>84. K\u00fcnsken, Alois *1922 \u202024.07.45<br>85. Pelz, Friedrich *1925 \u202002.08.45<br>86. H\u00fcttmann, Hermann *1916 \u202022.03.46<br>87. Kremer, Wilhelm *1906 \u202013.05.46<br>88. B\u00fcsker, August *1896 \u202029.04.47<br>89. Bonin, Ernst *1915 \u202014.01.48<br>90. Humme, Ferdinand *1926 \u2020 1948<\/p>\n\n\n\n<p class=\"has-medium-font-size\"><strong>Vermisste Soldaten<\/strong><br>91. Bernsmann, Johann *1907<br>92. Bertels, Heinrich *1923<br>93. B\u00f6sing, Heinrich *1916<br>94. B\u00f6sing, Josef *1917<br>95. Br\u00fcggemann, Wilhelm *1919<br>96. Feller, August *1913<br>97. Feller, Franz *1911<br>98. Greiwing, Hannes *1920<br>99. Greiwing, Willi *1926<br>100. Grewer, Heinrich *1908<br>101. Haddick, Heinrich *1905<br>102. Heming, Bernhard *1912<br>103. Holtrichter, Leo *1925<br>104. Humbert, Eduard *1920<br>105. Humbert, Josef *1925<br>106. Inhestern, Hermann *1914<br>107. K\u00fcpers, Johann *1912<br>108. Onnebrink, Heinrich *1925<br>109. Onnebrink, Johannes *1920<br>110. Risthaus, Josef *1922<br>111. R\u00fcter, Heinz *1924<br>112. Sch\u00fcrmann, Aloys *1916<br>113. Sch\u00fcrmann, Aloys *1922<br>114. Schulte, Theodor *1925<br>115. T\u00fcshaus, Josef *1920<br>116. Vadder, Willi *1925<br>117. Waterkotte, Heinrich *1919<br>118. Westrich, Johannes *1907<br>119. Wissing, August *1926<\/p>\n\n\n\n<p class=\"has-medium-font-size\"><strong>Durch Kriegsereignisse get\u00f6tete Mitb\u00fcrgerinnen und Mitb\u00fcrger<\/strong><br>120. K\u00fcnsken, Theodor *1887 \u202009.03.42<br>121. Humbert, Maria *1923 \u202024.09.44<br>122. Altegoer, Wilhelm *1902 \u202029.12.44<br>123. Grewer, Josef *1920 \u202029.12.44<br>124. Kr\u00f6ger, Ludgera *1922 \u202009.03.45<br>125. Bleser, Karl-Heinz *1944 \u202022.03.45<br>126. Droste, Johanna *1914 \u202022.03.45<br>127. Feldmann, Anna *1887 \u202022.03.45<br>128. Grewer, Bernhardine *1901 \u202022.03.45<br>129. Grewer, Werner *1936 \u202022.03.45<br>130. Grewer, Willi *1939 \u202022.03.45<br>131. Potthast, Johann *1876 \u202022.03.45<br>132. R\u00f6\u00dfmann, Christine *1886 \u202022.03.45<br>133. R\u00f6\u00dfmann, Franz *1876 \u202022.03.45<br>134. R\u00f6\u00dfmann, Franziska *1913 \u202022.03.45<br>135. R\u00f6\u00dfmann, Gertrud *1928 \u202022.03.45<br>136. R\u00f6\u00dfmann, Wilhelm *1886 \u202022.03.45<br>137. Rohlof, Annette *1945 \u202022.03.45<br>138. Rohlof, Elisabeth *1910 \u202022.03.45<br>139. Rohlof, Karl-Heinz *1943 \u202022.03.45<br>140. Sch\u00e4pers, Toni *1940 \u202022.03.45<br>141. Stolbrink, Bernardine *1923 \u202022.03.45<br>142. Stolbrink, Heinz *1929 \u202022.03.45<br>143. Stolbrink, Hilde *1925 \u202022.03.45<br>144. Wibbelt, Hilde *1929 \u202022.03.45<br>145. Ewald, Friedrich *1891 \u202024.05.45<br>146. Pier, Hedwig *1923 \u202027.03.45<br>147. Potthast, Gustav *1935 \u202031.03.45<br>148. Humbert, Maria *1900 \u202027.04.45<\/p>\n\n\n<div class=\"wp-block-image\">\n<figure class=\"aligncenter\"><a href=\"https:\/\/heimatverein-wulfen.de\/wp01\/wp-content\/uploads\/2018\/04\/Ehrenmal_003.jpg\" rel=\"lightbox[4801]\"><img loading=\"lazy\" decoding=\"async\" width=\"217\" height=\"154\" src=\"https:\/\/heimatverein-wulfen.de\/wp01\/wp-content\/uploads\/2018\/04\/Ehrenmal_003.jpg\" alt=\"\" class=\"wp-image-4807\"\/><\/a><\/figure>\n<\/div>\n\n\n<p><\/p>\n","protected":false},"excerpt":{"rendered":"<p>Inmitten von Wulfen, an der Hervester Stra\u00dfe, steht ein sch\u00f6nes und sehenswertes Ehrenmal, das den toten Soldaten von Wulfen gewidmet ist. Es wurde im Jahr 1925 erbaut und in Verbindung<\/p>\n<p><a href=\"https:\/\/heimatverein-wulfen.de\/wp01\/wulfen\/orte-und-einrichtungen\/ehrenmal\/\" class=\"more-link themebutton\">Read More<\/a><\/p>\n","protected":false},"author":6,"featured_media":0,"parent":2395,"menu_order":0,"comment_status":"closed","ping_status":"closed","template":"","meta":{"_cbd_carousel_blocks":"[]","footnotes":""},"class_list":["post-4801","page","type-page","status-publish","hentry"],"publishpress_future_action":{"enabled":false,"date":"2026-04-11 14:40:01","action":"change-status","newStatus":"draft","terms":[],"taxonomy":"","extraData":[]},"publishpress_future_workflow_manual_trigger":{"enabledWorkflows":[]},"_links":{"self":[{"href":"https:\/\/heimatverein-wulfen.de\/wp01\/wp-json\/wp\/v2\/pages\/4801","targetHints":{"allow":["GET"]}}],"collection":[{"href":"https:\/\/heimatverein-wulfen.de\/wp01\/wp-json\/wp\/v2\/pages"}],"about":[{"href":"https:\/\/heimatverein-wulfen.de\/wp01\/wp-json\/wp\/v2\/types\/page"}],"author":[{"embeddable":true,"href":"https:\/\/heimatverein-wulfen.de\/wp01\/wp-json\/wp\/v2\/users\/6"}],"replies":[{"embeddable":true,"href":"https:\/\/heimatverein-wulfen.de\/wp01\/wp-json\/wp\/v2\/comments?post=4801"}],"version-history":[{"count":16,"href":"https:\/\/heimatverein-wulfen.de\/wp01\/wp-json\/wp\/v2\/pages\/4801\/revisions"}],"predecessor-version":[{"id":11386,"href":"https:\/\/heimatverein-wulfen.de\/wp01\/wp-json\/wp\/v2\/pages\/4801\/revisions\/11386"}],"up":[{"embeddable":true,"href":"https:\/\/heimatverein-wulfen.de\/wp01\/wp-json\/wp\/v2\/pages\/2395"}],"wp:attachment":[{"href":"https:\/\/heimatverein-wulfen.de\/wp01\/wp-json\/wp\/v2\/media?parent=4801"}],"curies":[{"name":"wp","href":"https:\/\/api.w.org\/{rel}","templated":true}]}}