{"id":4818,"date":"2018-04-18T23:40:44","date_gmt":"2018-04-18T21:40:44","guid":{"rendered":"https:\/\/heimatverein-wulfen.de\/wp01\/?page_id=4818"},"modified":"2021-02-14T17:44:56","modified_gmt":"2021-02-14T16:44:56","slug":"heimatverein-wulfen-historischer-rueckblick","status":"publish","type":"page","link":"https:\/\/heimatverein-wulfen.de\/wp01\/heimatverein-wulfen-historischer-rueckblick\/","title":{"rendered":"Historischer R\u00fcckblick"},"content":{"rendered":"\n<p class=\"has-medium-font-size\">Die Wiege des Heimatvereins Wulfen stand in Hervest. Dort hatten sich am 7. Juli 1922 49 Honoratioren der Herrlichkeitsgemeinden versammelt, um den Verein f\u00fcr Orts- und Heimatkunde der Herrlichkeit Lembeck zu gr\u00fcnden. F\u00fcr die konkrete Arbeit vor Ort sollte in jeder Herrlichkeitsgemeinde eine Ortsgruppe gebildet werden; deren Vorsitzenden wurden am 17. Juli 1922 festgesetzt. F\u00fcr Wulfen wurden Paul Joly als erster Vorsitzender und Josef Kellner als sein Vertreter bestimmt. <\/p>\n\n\n\n<p class=\"has-medium-font-size\">Um das neu geschaffene Konstrukt \u201eOrtsgruppe Wulfen des Vereins f\u00fcr Orts- und Heimatkunde der Herrlichkeit Lembeck\u201c mit Leben zu erf\u00fcllen, wurde eine f\u00fcnfk\u00f6pfige Kommission gebildet. Mitglieder waren: Hauptlehrer Burkhard Bartmann, Lehrerin Bernardine Herwers, Forstmeister Paul Joly, Lehrer Josef Kellner und Lehrer Paul Lippik. Schon am 10. November 1922 wurde die Ortsgruppe offiziell gegr\u00fcndet. Sie z\u00e4hlte \u00fcber 70 Mitglieder. Bald schon nannte sie sich alternativ auch \u201eHeimatverein Wulfen\u201c. <\/p>\n\n\n\n<p class=\"has-medium-font-size\"> In Arbeitsgruppen besch\u00e4ftigte man sich mit dem Wulfener Kirchen- und Schulwesen. Thema war auch das Jagd-, Forst- und Fischereiwesen sowie das Handwerk vor Ort. Eine weitere Gruppe setzte sich mit der Entstehung und Erkl\u00e4rung alter Namen auseinander. Ein anderer Arbeitskreis sammelte Material rund um Lieder, Sagen, Sitten und Gebr\u00e4uche. Politische Geschichte und Kriegsgeschichte wurden behandelt. Die Volkstanzkurse und Schnadeg\u00e4nge des Heimatvereins waren gut besucht. Auch seine j\u00e4hrlichen Nikolaus- und Martinsumz\u00fcge fanden gro\u00dfen Anklang. <\/p>\n\n\n\n<div class=\"wp-block-image\"><figure class=\"alignleft is-resized\"><a href=\"https:\/\/heimatverein-wulfen.de\/wp01\/wp-content\/uploads\/2018\/04\/Hist_001.jpg\" rel=\"lightbox[4818]\"><img loading=\"lazy\" decoding=\"async\" src=\"https:\/\/heimatverein-wulfen.de\/wp01\/wp-content\/uploads\/2018\/04\/Hist_001-185x300.jpg\" alt=\"\" class=\"wp-image-4827\" width=\"185\" height=\"300\" srcset=\"https:\/\/heimatverein-wulfen.de\/wp01\/wp-content\/uploads\/2018\/04\/Hist_001-185x300.jpg 185w, https:\/\/heimatverein-wulfen.de\/wp01\/wp-content\/uploads\/2018\/04\/Hist_001.jpg 520w\" sizes=\"auto, (max-width: 185px) 100vw, 185px\" \/><\/a><figcaption> <a href=\"https:\/\/heimatverein-wulfen.de\/wp01\/wp-content\/uploads\/2018\/04\/Hist_002.jpg\" rel=\"lightbox[4818]\"><\/a>  <a href=\"https:\/\/heimatverein-wulfen.de\/wp01\/wp-content\/uploads\/2018\/04\/Hist_002.jpg\" rel=\"lightbox[4818]\"><\/a> <\/figcaption><\/figure><\/div>\n\n\n\n<p class=\"has-medium-font-size\">Auf Heimatabenden sollte die Liebe zur Heimat gef\u00f6rdert und die plattdeutsche Sprache gepflegt werden. Es wurden Theaterst\u00fccke aufgef\u00fchrt, Musikst\u00fccke und Gedichte vorgetragen. Man hielt Ansprachen und Vortr\u00e4ge. Beliebt war das gemeinsame Singen.<\/p>\n\n\n\n<p class=\"has-medium-font-size\">Einen gro\u00dfen Anteil an der Vereinsarbeit hatte die Begleitung der arch\u00e4ologischen Ausgrabungen in Wulfen und Deuten. Ein Teil der Funde wurde in einem eigenen Museum ausgestellt.<\/p>\n\n\n\n<p><\/p>\n\n\n\n<figure class=\"wp-block-image\"><a href=\"https:\/\/heimatverein-wulfen.de\/wp01\/wp-content\/uploads\/2018\/04\/Hist_002.jpg\" rel=\"lightbox[4818]\"><img loading=\"lazy\" decoding=\"async\" width=\"201\" height=\"300\" src=\"https:\/\/heimatverein-wulfen.de\/wp01\/wp-content\/uploads\/2018\/04\/Hist_002-201x300.jpg\" alt=\"\" class=\"wp-image-4828\" srcset=\"https:\/\/heimatverein-wulfen.de\/wp01\/wp-content\/uploads\/2018\/04\/Hist_002-201x300.jpg 201w, https:\/\/heimatverein-wulfen.de\/wp01\/wp-content\/uploads\/2018\/04\/Hist_002.jpg 381w\" sizes=\"auto, (max-width: 201px) 100vw, 201px\" \/><\/a><\/figure>\n\n\n\n<div class=\"wp-block-image\"><figure class=\"alignleft\"><a href=\"https:\/\/heimatverein-wulfen.de\/wp01\/wp-content\/uploads\/2018\/04\/fullsizeoutput_146.jpeg_002.jpg\" rel=\"lightbox[4818]\"><img loading=\"lazy\" decoding=\"async\" width=\"300\" height=\"223\" src=\"https:\/\/heimatverein-wulfen.de\/wp01\/wp-content\/uploads\/2018\/04\/fullsizeoutput_146.jpeg_002-300x223.jpg\" alt=\"\" class=\"wp-image-4821\" srcset=\"https:\/\/heimatverein-wulfen.de\/wp01\/wp-content\/uploads\/2018\/04\/fullsizeoutput_146.jpeg_002-300x223.jpg 300w, https:\/\/heimatverein-wulfen.de\/wp01\/wp-content\/uploads\/2018\/04\/fullsizeoutput_146.jpeg_002.jpg 500w\" sizes=\"auto, (max-width: 300px) 100vw, 300px\" \/><\/a><figcaption>Alte Dorfstube Wulfen<\/figcaption><\/figure><\/div>\n\n\n\n<div class=\"wp-block-image\"><figure class=\"alignleft\"><a href=\"https:\/\/heimatverein-wulfen.de\/wp01\/wp-content\/uploads\/2018\/04\/fullsizeoutput_147.jpeg_002.jpg\" rel=\"lightbox[4818]\"><img loading=\"lazy\" decoding=\"async\" width=\"300\" height=\"213\" src=\"https:\/\/heimatverein-wulfen.de\/wp01\/wp-content\/uploads\/2018\/04\/fullsizeoutput_147.jpeg_002-300x213.jpg\" alt=\"\" class=\"wp-image-4822\" srcset=\"https:\/\/heimatverein-wulfen.de\/wp01\/wp-content\/uploads\/2018\/04\/fullsizeoutput_147.jpeg_002-300x213.jpg 300w, https:\/\/heimatverein-wulfen.de\/wp01\/wp-content\/uploads\/2018\/04\/fullsizeoutput_147.jpeg_002.jpg 500w\" sizes=\"auto, (max-width: 300px) 100vw, 300px\" \/><\/a><figcaption>Alte Dorfstube Wulfen<\/figcaption><\/figure><\/div>\n\n\n\n<p class=\"has-medium-font-size\">Die \u201eDorfstube\u201c wurde 1935 er\u00f6ffnet und bestand bis zur Bombardierung am 22. M\u00e4rz 1945.<\/p>\n\n\n\n<p class=\"has-medium-font-size\">Von 1938 an verfasste der Heimatverein eine ausf\u00fchrliche Ortschronik, die er ununterbrochen bis 1975 weiterf\u00fchrte.<\/p>\n\n\n\n<figure class=\"wp-block-image is-resized\"><a href=\"https:\/\/heimatverein-wulfen.de\/wp01\/wp-content\/uploads\/2018\/04\/Hist_003.jpg\" rel=\"lightbox[4818]\"><img loading=\"lazy\" decoding=\"async\" src=\"https:\/\/heimatverein-wulfen.de\/wp01\/wp-content\/uploads\/2018\/04\/Hist_003-300x208.jpg\" alt=\"\" class=\"wp-image-4829\" width=\"300\" height=\"208\" srcset=\"https:\/\/heimatverein-wulfen.de\/wp01\/wp-content\/uploads\/2018\/04\/Hist_003-300x208.jpg 300w, https:\/\/heimatverein-wulfen.de\/wp01\/wp-content\/uploads\/2018\/04\/Hist_003-768x533.jpg 768w, https:\/\/heimatverein-wulfen.de\/wp01\/wp-content\/uploads\/2018\/04\/Hist_003.jpg 900w\" sizes=\"auto, (max-width: 300px) 100vw, 300px\" \/><\/a><figcaption>Einladung zur Vorbesprechung Erntedankfest 1934<\/figcaption><\/figure>\n\n\n\n<div class=\"wp-block-image\"><figure class=\"alignleft\"><a href=\"https:\/\/heimatverein-wulfen.de\/wp01\/wp-content\/uploads\/2018\/04\/Hist_004-1.jpg\" rel=\"lightbox[4818]\"><img loading=\"lazy\" decoding=\"async\" width=\"214\" height=\"300\" src=\"https:\/\/heimatverein-wulfen.de\/wp01\/wp-content\/uploads\/2018\/04\/Hist_004-1-214x300.jpg\" alt=\"\" class=\"wp-image-4834\" srcset=\"https:\/\/heimatverein-wulfen.de\/wp01\/wp-content\/uploads\/2018\/04\/Hist_004-1-214x300.jpg 214w, https:\/\/heimatverein-wulfen.de\/wp01\/wp-content\/uploads\/2018\/04\/Hist_004-1.jpg 439w\" sizes=\"auto, (max-width: 214px) 100vw, 214px\" \/><\/a><\/figure><\/div>\n\n\n\n<p class=\"has-medium-font-size\">Seit 1934 war der Bahnhofswirt Franz R\u00f6\u00dfmann erster Vorsitzender. Da f\u00fchrende Mitglieder des Heimatvereins ebenfalls teils hochrangige Mitglieder der NSDAP waren, wurde der Verein ab jetzt quasi unter dem Dach der Partei gef\u00fchrt. Wie in fast allen Heimatvereinen zu dieser Zeit erfolgte seine t\u00e4gliche Arbeit, wie z.B. die Planung und Durchf\u00fchrung von Festen, in enger Abstimmung mit der NSDAP. Obwohl der Heimatverein mit \u00fcber 40 Mitgliedern 1937 als Verein gut aufgestellt war, weist das Archiv des Heimatvereins Wulfen fast keine Unterlagen zu dieser Zeit auf. Ob es sie nie gegeben hat, ob sie in den Kriegswirren verschwanden oder nachtr\u00e4glich vernichtet wurden, ist ungewiss.<\/p>\n\n\n\n<p class=\"has-medium-font-size\">Das erste Nachkriegsdokument datiert vom 15. November 1946. Das M\u00fcnsteraner Museum f\u00fcr Vor- und Fr\u00fchgeschichte \u00fcbersandte dem Heimatverein auf dessen Anfrage hin Berichte zu den in S\u00f6lten, Deuten und Wulfen stattgefundenen Grabungen.<\/p>\n\n\n\n<p class=\"has-medium-font-size\">Erster Vorsitzender des Vereins in der unmittelbaren Nachkriegszeit war der Hauptlehrer Heinrich Borchers.<\/p>\n\n\n\n<p class=\"has-medium-font-size\">Stellvertretend f\u00fcr den erst 1951 erneut zusammentretenden Heimatbund der Herrlichkeit Lembeck hielt der Heimatverein Wulfen die Mitgliedschaft im Westf\u00e4lischen Heimatbund aufrecht.<\/p>\n\n\n\n<p class=\"has-medium-font-size\">1947 entstand die Idee, einen \u201eKulturring\u201c zu gr\u00fcnden, in dem viele Wulfener Vereine zusammenarbeiten sollten. Personell waren der neu gegr\u00fcndete Kulturring und der Heimatverein in vielen F\u00e4llen identisch und kaum auseinanderzuhalten; es gab nur eine Buchf\u00fchrung. 1949 wurde der Heimatverein offiziell eine Abteilung des Kulturrings, dessen Arbeit er dann seinerseits unter dem Vorsitz von Hermann-Josef Schwingenheuer ab 1952 \u00fcbernahm.<\/p>\n\n\n\n<p class=\"has-medium-font-size\">Der Heimatverein wies ein lebendiges Vereinsleben auf. F\u00fcr das Jahr 1947 verzeichnete die Buchhaltung des Heimatvereins\/Kulturrings 129 Mitglieder, deren Zahl sich zwischen 1959 und 1962 auf ca. 60 einpendelte. Die 1939 eingestellten Nikolausumz\u00fcge wurden ebenso wieder aufgenommen wie die Schnadeg\u00e4nge. Hinzu kamen nun regelm\u00e4\u00dfige Vogelwanderungen. Die Lichtbildervortr\u00e4ge, Volkstanzkurse, Heimatabende und Auff\u00fchrungen der Laienspielgruppe des Heimatvereins wurden wieder gern besucht. Erneut wurden Urnenfunde sichergestellt und dem Museum f\u00fcr Vor- und Fr\u00fchgeschichte in M\u00fcnster dar\u00fcber berichtet. Ausfl\u00fcge und Besichtigungsfahrten fanden statt. Zusammen mit dem MGV \u201eLiederkranz\u201c wurden bis 1967 gemeinsame Altenfeiern durchgef\u00fchrt.<\/p>\n\n\n\n<p class=\"has-medium-font-size\">Auch im Ort war der Heimatverein r\u00fchrig. 1952 wurden umfangreiche Vorschl\u00e4ge f\u00fcr Wulfens neue Stra\u00dfennamen bei der Gemeindevertretung eingereicht. Die 50 vorgeschlagenen Stra\u00dfenbezeichnungen bezogen sich auf die Richtung, die Flurnamen, die Geschichte des Dorfes, auf Naturbezeichnungen und andere Motive. Der Vestischen Stra\u00dfenbahn wurde eine Verbesserung der Omnibusverbindung vorgeschlagen. Auf Anregung des Heimatvereins wurden im Dorf B\u00e4nke aufgestellt.<\/p>\n\n\n\n<p class=\"has-medium-font-size\">Ende der 60er Jahre nahmen die Aktivit\u00e4ten des Vereins sukzessive ab. In der Dorfchronik wird der Heimatverein letztmals 1973 mit seinem Nikolausumzug erw\u00e4hnt: \u201eIm Dorf wird wieder ein Nikolauszug durchgef\u00fchrt. Es sind jetzt 40 Jahre her, da\u00df der Heimatverein diesen sch\u00f6nen Brauch in Wulfen einf\u00fchrte und abgesehen von den Kriegsjahren auch immer veranstaltete. Vor 40 Jahren wurden 120 Stutenkerle ausgeteilt, in diesem Jahr waren es fast 10 mal soviel.\u201c Die letzte Vogelwanderung wurde am 10. M\u00e4rz 1974 unternommen. Das letzte vorliegende Dokument ist ein Schreiben des Heimatvereins an die Vereinigung westf\u00e4lischer Museen vom 6. Januar 1975. Der Brief bezieht sich auf die \u201eHeimatkundliche Sammlung Wulfen\u201c, da der Heimatverein zuk\u00fcnftig gemeinsam mit der Gesamtschule die Durchf\u00fchrung wechselnder Ausstellungen plante.<\/p>\n\n\n\n<p class=\"has-medium-font-size\">Information \u00fcber die folgenden acht Jahre fehlen. Sp\u00e4testens seit 1981, nach dem Tod seines Vorsitzenden Hermann-Josef Schwingenheuer, wird der Verein geruht haben. Ende 1983 griffen Arbeitsgruppen die Vereinsaktivit\u00e4ten wieder auf und bereiteten die organisatorische Umgestaltung des Heimatvereins Wulfen zu einem eingetragenen Verein vor. Am 14. Juni 1984 wurde seine Reaktivierung und gleichzeitige Umbenennung in \u201eHeimatverein Wulfen 1922 e.V.\u201c offiziell vorgenommen. 1. Vorsitzender wurde Dr. Hannes Sch\u00fcrmann.<\/p>\n\n\n\n<p class=\"has-medium-font-size\">Unter dem Vorsitz von Johannes Kr\u00fcmpel ist der Heimatverein Wulfen heute ein starker, \u00fcberaus lebendiger Verein mit zahlreichen betriebsamen Arbeitsgruppen und \u00fcber 1000 Mitgliedern, dessen Heimathaus oft der gesellige Mittelpunkt von Wulfen ist. Es gibt vieles \u00fcber ihn zu berichten: Eine ausf\u00fchrliche und bebilderte Chronik ist in Vorbereitung.<\/p>\n","protected":false},"excerpt":{"rendered":"<p>Die Wiege des Heimatvereins Wulfen stand in Hervest. Dort hatten sich am 7. Juli 1922 49 Honoratioren der Herrlichkeitsgemeinden versammelt, um den Verein f\u00fcr Orts- und Heimatkunde der Herrlichkeit Lembeck<\/p>\n<p><a href=\"https:\/\/heimatverein-wulfen.de\/wp01\/heimatverein-wulfen-historischer-rueckblick\/\" class=\"more-link themebutton\">Read More<\/a><\/p>\n","protected":false},"author":6,"featured_media":0,"parent":0,"menu_order":0,"comment_status":"closed","ping_status":"closed","template":"","meta":{"_cbd_carousel_blocks":"[]","footnotes":""},"class_list":["post-4818","page","type-page","status-publish","hentry"],"publishpress_future_action":{"enabled":false,"date":"2026-05-08 15:18:31","action":"change-status","newStatus":"draft","terms":[],"taxonomy":"","extraData":[]},"publishpress_future_workflow_manual_trigger":{"enabledWorkflows":[]},"_links":{"self":[{"href":"https:\/\/heimatverein-wulfen.de\/wp01\/wp-json\/wp\/v2\/pages\/4818","targetHints":{"allow":["GET"]}}],"collection":[{"href":"https:\/\/heimatverein-wulfen.de\/wp01\/wp-json\/wp\/v2\/pages"}],"about":[{"href":"https:\/\/heimatverein-wulfen.de\/wp01\/wp-json\/wp\/v2\/types\/page"}],"author":[{"embeddable":true,"href":"https:\/\/heimatverein-wulfen.de\/wp01\/wp-json\/wp\/v2\/users\/6"}],"replies":[{"embeddable":true,"href":"https:\/\/heimatverein-wulfen.de\/wp01\/wp-json\/wp\/v2\/comments?post=4818"}],"version-history":[{"count":18,"href":"https:\/\/heimatverein-wulfen.de\/wp01\/wp-json\/wp\/v2\/pages\/4818\/revisions"}],"predecessor-version":[{"id":8149,"href":"https:\/\/heimatverein-wulfen.de\/wp01\/wp-json\/wp\/v2\/pages\/4818\/revisions\/8149"}],"wp:attachment":[{"href":"https:\/\/heimatverein-wulfen.de\/wp01\/wp-json\/wp\/v2\/media?parent=4818"}],"curies":[{"name":"wp","href":"https:\/\/api.w.org\/{rel}","templated":true}]}}