{"id":60,"date":"2016-04-05T17:11:44","date_gmt":"2016-04-05T15:11:44","guid":{"rendered":"http:\/\/192.168.2.231\/wp01\/?page_id=60"},"modified":"2026-04-19T21:28:10","modified_gmt":"2026-04-19T19:28:10","slug":"gruppen","status":"publish","type":"page","link":"https:\/\/heimatverein-wulfen.de\/wp01\/gruppen\/","title":{"rendered":"Gruppen"},"content":{"rendered":"<p><a href=\"https:\/\/heimatverein-wulfen.de\/wp01\/wp-content\/uploads\/2016\/04\/Header_Gruppen.jpg\" rel=\"lightbox[60]\"><img loading=\"lazy\" decoding=\"async\" class=\"aligncenter wp-image-539 size-full\" src=\"https:\/\/heimatverein-wulfen.de\/wp01\/wp-content\/uploads\/2016\/04\/Header_Gruppen.jpg\" alt=\"Header_Gruppen\" width=\"950\" height=\"290\" srcset=\"https:\/\/heimatverein-wulfen.de\/wp01\/wp-content\/uploads\/2016\/04\/Header_Gruppen.jpg 950w, https:\/\/heimatverein-wulfen.de\/wp01\/wp-content\/uploads\/2016\/04\/Header_Gruppen-300x92.jpg 300w, https:\/\/heimatverein-wulfen.de\/wp01\/wp-content\/uploads\/2016\/04\/Header_Gruppen-768x234.jpg 768w\" sizes=\"auto, (max-width: 950px) 100vw, 950px\" \/><\/a><\/p>\n<p>Unser Heimatverein bietet eine Vielzahl an interessanten Gruppen, die sich in regelm\u00e4\u00dfigen Abst\u00e4nden treffen und gemeinsam an tollen Projekten arbeiten:<\/p>\n<ul>\n<li><strong><a href=\"https:\/\/heimatverein-wulfen.de\/wp01\/gruppen\/blaudruckgruppe\/\">Blaudruckgruppe<\/a><\/strong><\/li>\n<li><strong><a href=\"https:\/\/heimatverein-wulfen.de\/wp01\/gruppen\/braugruppe\/\">Braugruppe<\/a><\/strong><\/li>\n<li><strong><a href=\"https:\/\/heimatverein-wulfen.de\/wp01\/gruppen\/flachsgruppe\/\">Flachsgruppe<\/a><\/strong><\/li>\n<li><strong><a href=\"https:\/\/heimatverein-wulfen.de\/wp01\/gruppen\/geschichtsgruppe\/\">Geschichtsgruppe<\/a><\/strong><\/li>\n<li><strong><a href=\"https:\/\/heimatverein-wulfen.de\/wp01\/gruppen\/lekkerbeck\/\">Lekkerbeck<\/a><\/strong><\/li>\n<li><strong><a href=\"https:\/\/heimatverein-wulfen.de\/wp01\/gruppen\/plattdeutsche-gruppe\/\">Plattdeutsche Gruppe<\/a><\/strong><\/li>\n<li><strong><a href=\"https:\/\/heimatverein-wulfen.de\/wp01\/gruppen\/pottkieker\/\">Pottkieker<\/a><\/strong><\/li>\n<li><strong><a href=\"https:\/\/heimatverein-wulfen.de\/wp01\/gruppen\/radfahrgruppe\/\">Radfahrgruppe<\/a><\/strong><\/li>\n<li><strong><a href=\"https:\/\/heimatverein-wulfen.de\/wp01\/schmiedegruppe\/\">Schmiedegruppe<\/a><\/strong><\/li>\n<li><strong><a href=\"https:\/\/heimatverein-wulfen.de\/wp01\/gruppen\/seilerei-2\/\">Seilerei<\/a><\/strong><\/li>\n<li><strong><a href=\"https:\/\/heimatverein-wulfen.de\/wp01\/gruppen\/singgruppe\/\">Singgruppe<\/a><\/strong><\/li>\n<li><a href=\"https:\/\/heimatverein-wulfen.de\/wp01\/gruppen\/skatgruppe\/\"><strong>Skatgruppe<\/strong><\/a><\/li>\n<li><strong><a href=\"https:\/\/heimatverein-wulfen.de\/wp01\/gruppen\/theatergruppe\/\">Theatergruppe<\/a><\/strong><\/li>\n<li><strong><a href=\"https:\/\/heimatverein-wulfen.de\/wp01\/gruppen\/volkstanzgruppe\/\">Volkstanzgruppe<\/a><\/strong><\/li>\n<li><a href=\"https:\/\/heimatverein-wulfen.de\/wp01\/gruppen\/spinngruppe\/\"><strong>Wollspinngruppe<\/strong><\/a><\/li>\n<\/ul>\n<div id=\"section-home\">\n<div id=\"section-home-inner\">\n<article class=\"section1 one_third\">\n<div class=\"section\">\n<div class=\"entry-header\"><\/div>\n<div class=\"entry-content\">Sie sind Sprecher einer Gruppe in unserem Verein? Klicken Sie hier:<a class=\"more-link themebutton\" href=\"https:\/\/heimatverein-wulfen.de\/wp01\/gruppen\/gruppensprecher\/\">Gruppensprecher<\/a><\/div>\n<\/div>\n<\/article>\n<div class=\"clearboth\"><\/div>\n<\/div>\n<\/div>\n","protected":false},"excerpt":{"rendered":"<p>Unser Heimatverein bietet eine Vielzahl an interessanten Gruppen, die sich in regelm\u00e4\u00dfigen Abst\u00e4nden treffen und gemeinsam an tollen Projekten arbeiten: Blaudruckgruppe Braugruppe Flachsgruppe Geschichtsgruppe Lekkerbeck Plattdeutsche Gruppe Pottkieker Radfahrgruppe Schmiedegruppe<\/p>\n<p><a href=\"https:\/\/heimatverein-wulfen.de\/wp01\/gruppen\/\" class=\"more-link themebutton\">Read More<\/a><\/p>\n","protected":false},"author":4,"featured_media":0,"parent":0,"menu_order":0,"comment_status":"closed","ping_status":"closed","template":"","meta":{"_cbd_carousel_blocks":"[]","footnotes":""},"class_list":["post-60","page","type-page","status-publish","hentry"],"publishpress_future_action":{"enabled":false,"date":"2026-05-06 10:52:54","action":"change-status","newStatus":"draft","terms":[],"taxonomy":"","extraData":[]},"publishpress_future_workflow_manual_trigger":{"enabledWorkflows":[]},"_links":{"self":[{"href":"https:\/\/heimatverein-wulfen.de\/wp01\/wp-json\/wp\/v2\/pages\/60","targetHints":{"allow":["GET"]}}],"collection":[{"href":"https:\/\/heimatverein-wulfen.de\/wp01\/wp-json\/wp\/v2\/pages"}],"about":[{"href":"https:\/\/heimatverein-wulfen.de\/wp01\/wp-json\/wp\/v2\/types\/page"}],"author":[{"embeddable":true,"href":"https:\/\/heimatverein-wulfen.de\/wp01\/wp-json\/wp\/v2\/users\/4"}],"replies":[{"embeddable":true,"href":"https:\/\/heimatverein-wulfen.de\/wp01\/wp-json\/wp\/v2\/comments?post=60"}],"version-history":[{"count":46,"href":"https:\/\/heimatverein-wulfen.de\/wp01\/wp-json\/wp\/v2\/pages\/60\/revisions"}],"predecessor-version":[{"id":11591,"href":"https:\/\/heimatverein-wulfen.de\/wp01\/wp-json\/wp\/v2\/pages\/60\/revisions\/11591"}],"wp:attachment":[{"href":"https:\/\/heimatverein-wulfen.de\/wp01\/wp-json\/wp\/v2\/media?parent=60"}],"curies":[{"name":"wp","href":"https:\/\/api.w.org\/{rel}","templated":true}]}}