{"id":64,"date":"2016-04-05T17:12:18","date_gmt":"2016-04-05T15:12:18","guid":{"rendered":"http:\/\/192.168.2.231\/wp01\/?page_id=64"},"modified":"2018-11-30T01:10:01","modified_gmt":"2018-11-30T00:10:01","slug":"blaudruckgruppe","status":"publish","type":"page","link":"https:\/\/heimatverein-wulfen.de\/wp01\/gruppen\/blaudruckgruppe\/","title":{"rendered":"Blaudruckgruppe"},"content":{"rendered":"<div id=\"attachment_2469\" style=\"width: 710px\" class=\"wp-caption alignleft\"><a href=\"https:\/\/heimatverein-wulfen.de\/wp01\/wp-content\/uploads\/2016\/04\/Blau_007-1.jpg\" rel=\"lightbox[64]\"><img loading=\"lazy\" decoding=\"async\" aria-describedby=\"caption-attachment-2469\" class=\"wp-image-2469 size-full\" src=\"https:\/\/heimatverein-wulfen.de\/wp01\/wp-content\/uploads\/2016\/04\/Blau_007-1.jpg\" width=\"700\" height=\"525\" srcset=\"https:\/\/heimatverein-wulfen.de\/wp01\/wp-content\/uploads\/2016\/04\/Blau_007-1.jpg 700w, https:\/\/heimatverein-wulfen.de\/wp01\/wp-content\/uploads\/2016\/04\/Blau_007-1-300x225.jpg 300w, https:\/\/heimatverein-wulfen.de\/wp01\/wp-content\/uploads\/2016\/04\/Blau_007-1-480x360.jpg 480w, https:\/\/heimatverein-wulfen.de\/wp01\/wp-content\/uploads\/2016\/04\/Blau_007-1-320x240.jpg 320w, https:\/\/heimatverein-wulfen.de\/wp01\/wp-content\/uploads\/2016\/04\/Blau_007-1-240x180.jpg 240w\" sizes=\"auto, (max-width: 700px) 100vw, 700px\" \/><\/a><p id=\"caption-attachment-2469\" class=\"wp-caption-text\">Der Blaudruckgruppe des Vereins geh\u00f6ren derzeit folgende Mitglieder an: Marianne B\u00fcchte, Christa Gille, Otti G\u00f6bbeler, Karin Grosche, Christel Heike, Annette Hinrichs, Christel H\u00fcsemann, Maria Kr\u00fcmpel, Brunhilde Lamprecht, Monika Lanser, Heike Leischner, Christel Pr\u00f6bsting, Gertrud Rentmeister, Angelika R\u00f6sing, Edith Saager, Ingrid Saatkamp, Ilse Sawitzki, Krimhild Scheuren<\/p><\/div>\n<p><img loading=\"lazy\" decoding=\"async\" class=\"wp-image-2468 size-full alignleft\" src=\"https:\/\/heimatverein-wulfen.de\/wp01\/wp-content\/uploads\/2016\/04\/Blau_006-1.jpg\" width=\"700\" height=\"525\" srcset=\"https:\/\/heimatverein-wulfen.de\/wp01\/wp-content\/uploads\/2016\/04\/Blau_006-1.jpg 700w, https:\/\/heimatverein-wulfen.de\/wp01\/wp-content\/uploads\/2016\/04\/Blau_006-1-300x225.jpg 300w, https:\/\/heimatverein-wulfen.de\/wp01\/wp-content\/uploads\/2016\/04\/Blau_006-1-480x360.jpg 480w, https:\/\/heimatverein-wulfen.de\/wp01\/wp-content\/uploads\/2016\/04\/Blau_006-1-320x240.jpg 320w, https:\/\/heimatverein-wulfen.de\/wp01\/wp-content\/uploads\/2016\/04\/Blau_006-1-240x180.jpg 240w\" sizes=\"auto, (max-width: 700px) 100vw, 700px\" \/><\/p>\n<p><strong>Treffen: <\/strong>jeden ersten Montag im Monat im Heimathaus Wulfen<br \/>\n<strong> Gruppensprecherin: <br \/><\/strong>Maria Kr\u00fcmpel,<br \/>Tel.: 01 51\/ 50 41 71 25<\/p>\n<h3>Blaudruck<\/h3>\n<p>Blaudruck ist eine alte Technik des Textildrucks, bei der Leinen- oder Baumwollstoffe mit Modeln bedruckt werden, wodurch ein blau-weisses Muster entsteht.<\/p>\n<h3><a href=\"https:\/\/heimatverein-wulfen.de\/wp01\/wp-content\/uploads\/2016\/04\/Blau_002-e1484778996816.jpg\" rel=\"lightbox[64]\"><img loading=\"lazy\" decoding=\"async\" class=\"alignleft wp-image-300\" src=\"https:\/\/heimatverein-wulfen.de\/wp01\/wp-content\/uploads\/2016\/04\/Blau_002-768x1024.jpg\" width=\"400\" height=\"533\"><\/a>1. Geschichte des Blaudrucks<\/h3>\n<p>Im Grab des 542 verstorbenen Heiligen Caesarius von Arles wurde ein blassblauer Reservedruck gefunden, der als fr\u00fchester Fund seiner Art in Europa gilt. Damals wurde zum F\u00e4rben noch die einheimische Pflanze F\u00e4rberwaid eingesetzt. Seit dem 17. Jahrhundert wurde sie durch das qualitativ hochwertigere Indigo, das vor allem aus Kalkutta \u00fcber England und Holland nach Deutschland kam, ersetzt.<\/p>\n<p>Die Drucktechnik, die wir heute kennen kam ebenfalls aus Indien und erreichte Deutschland im 16. oder 17. Jahrhundert \u00fcber Belgien und Holland. Er wurde vor allem f\u00fcr Bettzeug, Vorh\u00e4nge und Frauenkleidung eingesetzt. Der erste Blaudruck im Reservedruck wurde 1689 oder 1690 von Jeremias Neuhof in Augsburg hergestellt, die Technik verbreitete sich jedoch schnell. 1734 wurde in Minden Ravensberg eine Zunft f\u00fcr das Blau- und Sch\u00f6nf\u00e4rberhandwerk gegr\u00fcndet. Weitere Z\u00fcnfte entstanden bis zum Beginn des 19. Jahrhunderts. Anfangs wurden nur Leinenstoffe bedruckt, seit dem 18. Jahrhundert auch Halbleinen- und Baumwollstoffe.<\/p>\n<p>Da vor der Industrialisierung Reichtum vor allem \u00fcber teuere Stoffe und aufw\u00e4ndige Stickereien und Verarbeitungsformen ausgedr\u00fcckt wurde, galt Blaudruck, bei dem vorwiegend handgewebte Leinenstoffe der l\u00e4ndlichen Bev\u00f6lkerung bedruckt wurden, als Kunst der armen Leute.<\/p>\n<p style=\"text-align: left;\">Die Industrialisierung und der damit aufkommende maschinelle Walzendruck bedeuteten f\u00fcr die meisten Blaudruckwerkst\u00e4tten das Aus. Heute existieren nur noch wenig Handwerksbetriebe, die die Herstellung der Model und die alten Drucktechniken beherrschen. Industriell wird der Blaudruck nicht hergestellt.<\/p>\n<h3 style=\"text-align: left;\">2. Drucktechniken<\/h3>\n<h3>2.1 Direktdruck<\/h3>\n<p style=\"text-align: left;\">Beim Direktdruck entsteht ein blaues Muster auf wei\u00dfem Grund, da die Farbe direkt auf die Stoffoberfl\u00e4che \u00fcbertragen wird. Nach dem Trocknen kommt der Stoff in ein Entwicklungsbad, in dem sich die braune Druckfarbe in Blau verwandelt, w\u00e4hrend der bedruckte Stoff wei\u00df bleibt.<\/p>\n<h3><a href=\"https:\/\/heimatverein-wulfen.de\/wp01\/wp-content\/uploads\/2016\/04\/Blau_003-e1484779024257.jpg\" rel=\"lightbox[64]\"><img loading=\"lazy\" decoding=\"async\" class=\"wp-image-297 alignleft\" src=\"https:\/\/heimatverein-wulfen.de\/wp01\/wp-content\/uploads\/2016\/04\/Blau_003-300x225.jpg\" width=\"400\" height=\"300\"><\/a>2.2 Reservedruck<\/h3>\n<p>Beim Reservedruck entsteht ein wei\u00dfes Muster auf blauem Grund. Dabei wird eine Papp, Blaudruckpapp oder Reservage genannte farbabweisende Substanz auf die Model aufgetragen, was mit Hilfe des Chassi, einem mit Papp gef\u00fcllten Kasten geschieht.<\/p>\n<p>Der Papp muss eingetrocknet sein, bevor die Stoffe gef\u00e4rbt werden k\u00f6nnen. Dazu wird der Stoff auf ein Trockenreck gespannt. Papp wird unter anderem aus Gummi arabicum, wei\u00dfe Tabackspfeifenerde, Kupfersulfat, Kupferacetat und anderen chemische Substanzen hergestellt, die genauen Rezepturen werden gut geh\u00fctet und sind zum Teil seit Jahrhunderten \u00fcberliefert.<\/p>\n<p>Nach dem F\u00e4rben wird der Papp mit verd\u00fcnnter Schwefels\u00e4ure entfernt.<\/p>\n<h3>2.3 \u00c4tzdruck<\/h3>\n<p>Ein blau gef\u00e4rbter Stoff kann auch mit einer \u00e4tzenden Substanz (\u00c4tzbeize) bedruckt werden, was ebenfalls zu einem wei\u00dfen Muster auf blauem Grund f\u00fchrt.<\/p>\n<h3>3. Model<\/h3>\n<p>Der Druck erfolgt auch heute noch per Hand mit Modeln, die von einem spezialisierten Handwerker, dem Formenstecher hergestellt werden. Urspr\u00fcnglich bestanden sie aus Buchsbaumholz, aus dem das Muster mit Stemm- und Stecheisen herausgestochen wurde. Seit dem 19. Jahrhundert benutzte man auch Model, bei denen das Muster aus feinen Messingstiften und -platten besteht, die in Birnenbaumholz eingeschlagen werden. Dabei k\u00f6nnen die Dr\u00e4hte mit einem Zieheisen bearbeitet werden, so dass sie zum Beispiel einen viereckigen oder sternf\u00f6rmigen Querschnitt erhalten, der dann auf dem bedruckten Stoff als Muster erscheint. Eine Kombination aus beiden Techniken ist ebenfalls m\u00f6glich. Abschlie\u00dfend wird die Oberfl\u00e4che der Model plangeschliffen, um einen einwandfreies Druckergebnis zu erm\u00f6glichen.<\/p>\n<p>Damit sich der Model nicht verzieht und keine unregelm\u00e4\u00dfigen Muster entstehen, muss das Holz trocken, gleichadrig, astfrei und gut abgelagert sein. Gro\u00dffl\u00e4chige Model sind aus drei Schichten verleimt, wobei oft Birnbaumholz mit dem leichteren Lindenholz kombiniert wird. An den Kanten oder auf der R\u00fcckseite haben die Model Handgriffe und an jeder Ecke einen Rapportstift, der auf dem Stoff eine Markierung hinterl\u00e4sst, aufgrund derer ein l\u00fcckenloser Druck m\u00f6glich ist.<\/p>\n<h3>4. F\u00e4rben<\/h3>\n<p>Der Stoff wird in Lagen auf Kron- oder Sternreifen genannten Eisenrahmen geh\u00e4ngt und in den mehr als 2 m tiefen F\u00e4rbebottich, die K\u00fcpe, getaucht. Je \u00f6fter er getaucht wird, desto dunkler und kr\u00e4ftiger wird die Farbe.<\/p>\n<p>Indigo ist w\u00e4hrend des F\u00e4rbevorgangs gr\u00fcn und erh\u00e4lt erst bei der Oxidation an der Luft einen blauen Farbton. Nach dem F\u00e4rben wird der Stoff gegl\u00e4ttet, fr\u00fcher mit einer Glaskugel, heute mit dem Kalander, also mit beheizten Walzen.<\/p>\n<p>Die Rezepte der Farben und des Entwicklungsbads f\u00fcr den Direktdruck sind Betriebsgeheimnisse, die von einer Generation an die n\u00e4chste weitergegeben werden.<\/p>\n<h3>5. Verwendung<\/h3>\n<p>Mit Blaudruck werden fl\u00e4chenf\u00fcllende Muster und Bord\u00fcren auf den Stoff aufgetragen.<\/p>\n<p>Blaudruck ist ein wichtiges Element in der sorbischen Tracht. Hier wird er f\u00fcr Jacken, R\u00f6cke und Sch\u00fcrzen eingesetzt. Besonders kunstvoll gearbeitet sind Sch\u00fcrzen, die auf der Vorder- und R\u00fcckseite mit unterschiedlichen Mustern bedruckt sind.<\/p>\n<p>Quelle: http:\/\/www.wikipedia.org\/wiki\/Blaudruck<\/p>\n<h3>Artikel der Blaudruckgruppe des Heimatverein Wulfen<\/h3>\n<p><a href=\"https:\/\/heimatverein-wulfen.de\/wp01\/wp-content\/uploads\/2016\/04\/Heimatverein_Wulfen_Blaudruck_010-e1484777712886.jpg\" rel=\"lightbox[64]\"><img loading=\"lazy\" decoding=\"async\" class=\"alignnone wp-image-310 size-medium\" src=\"https:\/\/heimatverein-wulfen.de\/wp01\/wp-content\/uploads\/2016\/04\/Heimatverein_Wulfen_Blaudruck_010-300x225.jpg\" width=\"300\" height=\"225\"><\/a> <a href=\"https:\/\/heimatverein-wulfen.de\/wp01\/wp-content\/uploads\/2016\/04\/Heimatverein_Wulfen_Blaudruck_009-e1484777731634.jpg\" rel=\"lightbox[64]\"><img loading=\"lazy\" decoding=\"async\" class=\"alignnone wp-image-309 size-medium\" src=\"https:\/\/heimatverein-wulfen.de\/wp01\/wp-content\/uploads\/2016\/04\/Heimatverein_Wulfen_Blaudruck_009-300x225.jpg\" width=\"300\" height=\"225\"><\/a> <a href=\"https:\/\/heimatverein-wulfen.de\/wp01\/wp-content\/uploads\/2016\/04\/Heimatverein_Wulfen_Blaudruck_008-e1484777757834.jpg\" rel=\"lightbox[64]\"><img loading=\"lazy\" decoding=\"async\" class=\"alignnone wp-image-308 size-medium\" src=\"https:\/\/heimatverein-wulfen.de\/wp01\/wp-content\/uploads\/2016\/04\/Heimatverein_Wulfen_Blaudruck_008-300x225.jpg\" width=\"300\" height=\"225\"><\/a> <a href=\"https:\/\/heimatverein-wulfen.de\/wp01\/wp-content\/uploads\/2016\/04\/Heimatverein_Wulfen_Blaudruck_007-e1484777808985.jpg\" rel=\"lightbox[64]\"><img loading=\"lazy\" decoding=\"async\" class=\"alignnone wp-image-307 size-medium\" src=\"https:\/\/heimatverein-wulfen.de\/wp01\/wp-content\/uploads\/2016\/04\/Heimatverein_Wulfen_Blaudruck_007-300x225.jpg\" width=\"300\" height=\"225\"><\/a> <a href=\"https:\/\/heimatverein-wulfen.de\/wp01\/wp-content\/uploads\/2016\/04\/Heimatverein_Wulfen_Blaudruck_006-e1484777831179.jpg\" rel=\"lightbox[64]\"><img loading=\"lazy\" decoding=\"async\" class=\"alignnone wp-image-306 size-medium\" src=\"https:\/\/heimatverein-wulfen.de\/wp01\/wp-content\/uploads\/2016\/04\/Heimatverein_Wulfen_Blaudruck_006-300x225.jpg\" width=\"300\" height=\"225\"><\/a> <a href=\"https:\/\/heimatverein-wulfen.de\/wp01\/wp-content\/uploads\/2016\/04\/Heimatverein_Wulfen_Blaudruck_005-e1484777854282.jpg\" rel=\"lightbox[64]\"><img loading=\"lazy\" decoding=\"async\" class=\"alignnone wp-image-305 size-medium\" src=\"https:\/\/heimatverein-wulfen.de\/wp01\/wp-content\/uploads\/2016\/04\/Heimatverein_Wulfen_Blaudruck_005-300x225.jpg\" width=\"300\" height=\"225\"><\/a> <a href=\"https:\/\/heimatverein-wulfen.de\/wp01\/wp-content\/uploads\/2016\/04\/Heimatverein_Wulfen_Blaudruck_004-e1484777876805.jpg\" rel=\"lightbox[64]\"><img loading=\"lazy\" decoding=\"async\" class=\"alignnone wp-image-304 size-medium\" src=\"https:\/\/heimatverein-wulfen.de\/wp01\/wp-content\/uploads\/2016\/04\/Heimatverein_Wulfen_Blaudruck_004-300x225.jpg\" width=\"300\" height=\"225\"><\/a> <a href=\"https:\/\/heimatverein-wulfen.de\/wp01\/wp-content\/uploads\/2016\/04\/Heimatverein_Wulfen_Blaudruck_003-e1484777907716.jpg\" rel=\"lightbox[64]\"><img loading=\"lazy\" decoding=\"async\" class=\"alignnone wp-image-303 size-medium\" src=\"https:\/\/heimatverein-wulfen.de\/wp01\/wp-content\/uploads\/2016\/04\/Heimatverein_Wulfen_Blaudruck_003-300x225.jpg\" width=\"300\" height=\"225\"><\/a> <a href=\"https:\/\/heimatverein-wulfen.de\/wp01\/wp-content\/uploads\/2016\/04\/Heimatverein_Wulfen_Blaudruck_002-e1484777927204.jpg\" rel=\"lightbox[64]\"><img loading=\"lazy\" decoding=\"async\" class=\"alignnone wp-image-302 size-medium\" src=\"https:\/\/heimatverein-wulfen.de\/wp01\/wp-content\/uploads\/2016\/04\/Heimatverein_Wulfen_Blaudruck_002-300x225.jpg\" width=\"300\" height=\"225\"><\/a> <a href=\"https:\/\/heimatverein-wulfen.de\/wp01\/wp-content\/uploads\/2016\/04\/Heimatverein_Wulfen_Blaudruck_001-e1484777947295.jpg\" rel=\"lightbox[64]\"><img loading=\"lazy\" decoding=\"async\" class=\"alignnone wp-image-301 size-medium\" src=\"https:\/\/heimatverein-wulfen.de\/wp01\/wp-content\/uploads\/2016\/04\/Heimatverein_Wulfen_Blaudruck_001-300x225.jpg\" width=\"300\" height=\"225\"><\/a><\/p>\n","protected":false},"excerpt":{"rendered":"<p>Treffen: jeden ersten Montag im Monat im Heimathaus Wulfen Gruppensprecherin: Maria Kr\u00fcmpel,Tel.: 01 51\/ 50 41 71 25 Blaudruck Blaudruck ist eine alte Technik des Textildrucks, bei der Leinen- oder<\/p>\n<p><a href=\"https:\/\/heimatverein-wulfen.de\/wp01\/gruppen\/blaudruckgruppe\/\" class=\"more-link themebutton\">Read More<\/a><\/p>\n","protected":false},"author":4,"featured_media":0,"parent":60,"menu_order":0,"comment_status":"closed","ping_status":"closed","template":"","meta":{"_cbd_carousel_blocks":"[]","footnotes":""},"class_list":["post-64","page","type-page","status-publish","hentry"],"publishpress_future_action":{"enabled":false,"date":"2026-05-07 23:38:18","action":"change-status","newStatus":"draft","terms":[],"taxonomy":"","extraData":[]},"publishpress_future_workflow_manual_trigger":{"enabledWorkflows":[]},"_links":{"self":[{"href":"https:\/\/heimatverein-wulfen.de\/wp01\/wp-json\/wp\/v2\/pages\/64","targetHints":{"allow":["GET"]}}],"collection":[{"href":"https:\/\/heimatverein-wulfen.de\/wp01\/wp-json\/wp\/v2\/pages"}],"about":[{"href":"https:\/\/heimatverein-wulfen.de\/wp01\/wp-json\/wp\/v2\/types\/page"}],"author":[{"embeddable":true,"href":"https:\/\/heimatverein-wulfen.de\/wp01\/wp-json\/wp\/v2\/users\/4"}],"replies":[{"embeddable":true,"href":"https:\/\/heimatverein-wulfen.de\/wp01\/wp-json\/wp\/v2\/comments?post=64"}],"version-history":[{"count":60,"href":"https:\/\/heimatverein-wulfen.de\/wp01\/wp-json\/wp\/v2\/pages\/64\/revisions"}],"predecessor-version":[{"id":8597,"href":"https:\/\/heimatverein-wulfen.de\/wp01\/wp-json\/wp\/v2\/pages\/64\/revisions\/8597"}],"up":[{"embeddable":true,"href":"https:\/\/heimatverein-wulfen.de\/wp01\/wp-json\/wp\/v2\/pages\/60"}],"wp:attachment":[{"href":"https:\/\/heimatverein-wulfen.de\/wp01\/wp-json\/wp\/v2\/media?parent=64"}],"curies":[{"name":"wp","href":"https:\/\/api.w.org\/{rel}","templated":true}]}}