{"id":66,"date":"2016-04-05T17:12:29","date_gmt":"2016-04-05T15:12:29","guid":{"rendered":"http:\/\/192.168.2.231\/wp01\/?page_id=66"},"modified":"2022-11-16T23:46:50","modified_gmt":"2022-11-16T22:46:50","slug":"braugruppe","status":"publish","type":"page","link":"https:\/\/heimatverein-wulfen.de\/wp01\/gruppen\/braugruppe\/","title":{"rendered":"Braugruppe"},"content":{"rendered":"<div class=\"wp-block-image\">\n<figure class=\"alignleft\"><a href=\"https:\/\/heimatverein-wulfen.de\/wp01\/wp-content\/uploads\/2016\/04\/Braugruppe-e1482916019522.jpg\" rel=\"lightbox[66]\"><img loading=\"lazy\" decoding=\"async\" width=\"700\" height=\"465\" src=\"https:\/\/heimatverein-wulfen.de\/wp01\/wp-content\/uploads\/2016\/04\/Braugruppe-e1482916019522.jpg\" alt=\"braugruppe\" class=\"wp-image-2202\"\/><\/a><figcaption>Die Mitglieder dieser Gruppe: Ralf Dreide, Heiko Dzikus, Boris Keller, Thomas Leistner, Alexander Otte, Marco Reimann, Werner Reskiewicz, Jan Schneider, J\u00fcrgen Schonebeck, Volker Skopp, Benjamin Stein, R\u00fcdiger Pfaar<\/figcaption><\/figure>\n<\/div>\n\n\n<p class=\"has-medium-font-size\"><strong>Treffen: <\/strong>14-t\u00e4gig freitags um 20:00 Uhr am Flachsr\u00f6sthaus<br><strong>Gruppensprecher:<br><\/strong>J\u00fcrgen Schonebeck,<br>Tel.: 01 77 \/ 4 46 61 77<\/p>\n\n\n\n<p class=\"has-medium-font-size\">Die Mitglieder dieser Gruppe haben es sich zur Aufgabe gemacht, dass nach Schlie\u00dfung der ehemaligen Rose-Brauerei das Handwerk des Bierbrauens in Wulfen nicht ganz ausstirbt. So wird zu verschiedenen Anl\u00e4ssen helles aber auch dunkles Bier gebraut und zum Ausschank gebracht.<\/p>\n","protected":false},"excerpt":{"rendered":"<p>Treffen: 14-t\u00e4gig freitags um 20:00 Uhr am Flachsr\u00f6sthausGruppensprecher:J\u00fcrgen Schonebeck,Tel.: 01 77 \/ 4 46 61 77 Die Mitglieder dieser Gruppe haben es sich zur Aufgabe gemacht, dass nach Schlie\u00dfung der<\/p>\n<p><a href=\"https:\/\/heimatverein-wulfen.de\/wp01\/gruppen\/braugruppe\/\" class=\"more-link themebutton\">Read More<\/a><\/p>\n","protected":false},"author":4,"featured_media":0,"parent":60,"menu_order":0,"comment_status":"closed","ping_status":"closed","template":"","meta":{"_cbd_carousel_blocks":"[]","footnotes":""},"class_list":["post-66","page","type-page","status-publish","hentry"],"publishpress_future_action":{"enabled":false,"date":"2026-05-11 11:31:25","action":"change-status","newStatus":"draft","terms":[],"taxonomy":"","extraData":[]},"publishpress_future_workflow_manual_trigger":{"enabledWorkflows":[]},"_links":{"self":[{"href":"https:\/\/heimatverein-wulfen.de\/wp01\/wp-json\/wp\/v2\/pages\/66","targetHints":{"allow":["GET"]}}],"collection":[{"href":"https:\/\/heimatverein-wulfen.de\/wp01\/wp-json\/wp\/v2\/pages"}],"about":[{"href":"https:\/\/heimatverein-wulfen.de\/wp01\/wp-json\/wp\/v2\/types\/page"}],"author":[{"embeddable":true,"href":"https:\/\/heimatverein-wulfen.de\/wp01\/wp-json\/wp\/v2\/users\/4"}],"replies":[{"embeddable":true,"href":"https:\/\/heimatverein-wulfen.de\/wp01\/wp-json\/wp\/v2\/comments?post=66"}],"version-history":[{"count":14,"href":"https:\/\/heimatverein-wulfen.de\/wp01\/wp-json\/wp\/v2\/pages\/66\/revisions"}],"predecessor-version":[{"id":9761,"href":"https:\/\/heimatverein-wulfen.de\/wp01\/wp-json\/wp\/v2\/pages\/66\/revisions\/9761"}],"up":[{"embeddable":true,"href":"https:\/\/heimatverein-wulfen.de\/wp01\/wp-json\/wp\/v2\/pages\/60"}],"wp:attachment":[{"href":"https:\/\/heimatverein-wulfen.de\/wp01\/wp-json\/wp\/v2\/media?parent=66"}],"curies":[{"name":"wp","href":"https:\/\/api.w.org\/{rel}","templated":true}]}}