{"id":8540,"date":"2021-10-23T13:44:48","date_gmt":"2021-10-23T11:44:48","guid":{"rendered":"https:\/\/heimatverein-wulfen.de\/wp01\/?page_id=8540"},"modified":"2022-02-17T00:59:38","modified_gmt":"2022-02-16T23:59:38","slug":"biermann-walter-der-archivierer","status":"publish","type":"page","link":"https:\/\/heimatverein-wulfen.de\/wp01\/biermann-walter-der-archivierer\/","title":{"rendered":"Biermann Walter, Der Archivierer"},"content":{"rendered":"\n<div class=\"wp-block-image\"><figure class=\"alignleft size-large is-resized\"><a href=\"https:\/\/heimatverein-wulfen.de\/wp01\/wp-content\/uploads\/2021\/10\/Nachruf_Biermann_Walter.jpg\" rel=\"lightbox[8540]\"><img loading=\"lazy\" decoding=\"async\" src=\"https:\/\/heimatverein-wulfen.de\/wp01\/wp-content\/uploads\/2021\/10\/Nachruf_Biermann_Walter.jpg\" alt=\"\" class=\"wp-image-8543\" width=\"200\" height=\"525\" srcset=\"https:\/\/heimatverein-wulfen.de\/wp01\/wp-content\/uploads\/2021\/10\/Nachruf_Biermann_Walter.jpg 267w, https:\/\/heimatverein-wulfen.de\/wp01\/wp-content\/uploads\/2021\/10\/Nachruf_Biermann_Walter-114x300.jpg 114w\" sizes=\"auto, (max-width: 200px) 100vw, 200px\" \/><\/a><figcaption>Foto: Guido Bludau<\/figcaption><\/figure><\/div>\n\n\n\n<p class=\"has-large-font-size\"><strong>NACHRUF<\/strong><\/p>\n\n\n\n<p class=\"has-medium-font-size\">Am 21. Oktober 2021 verstarb<\/p>\n\n\n\n<p class=\"has-medium-font-size\"><strong>Herr Walter Biermann<\/strong><\/p>\n\n\n\n<p class=\"has-normal-font-size\">* 20.09.1940  \u2020 21.10.2021<\/p>\n\n\n\n<p class=\"has-medium-font-size\">Walter Biermann hat sich um den Heimatverein Wulfen in besonderer Weise verdient gemacht.<\/p>\n\n\n\n<p class=\"has-medium-font-size\">Die Eheleute Rosi und Walter Biermann haben Dorstener Heimat-vereinen, so auch dem Heimatverein Wulfen, durch Schenkungen aus ihrer privaten umfangreichen Sammlung, Fotoaufnahmen, Bilder und Grafiken \u00fcbergeben.<\/p>\n\n\n\n<p class=\"has-medium-font-size\">Sie \u00fcberliessen den einzelnen Vereinen uneigenn\u00fctzig gesammeltes Foto- und Bildmaterial welches die Eheleute Biermann \u00fcber Jahrzehnte gemeinsam zusammengetragen, gesammelt, ggf. k\u00e4uflich erworben, getauscht bzw. im Zusammenhang mit Haushaltsaufl\u00f6sungen \u00fcbergeben bekommen hatten.<\/p>\n\n\n\n<p class=\"has-medium-font-size\">So sind dem Archiv des Heimatverein Wulfen mehr als 13.000 digitalisierte Fotoaufnahmen, Bilder und Grafiken sowie mehrere Tausend Fotoaufnahmen in Ordnern und Sammelbeh\u00e4lt-nissen zugef\u00fchrt worden.<\/p>\n\n\n\n<p class=\"has-medium-font-size\">Herr Walter Biermann hat sich \u00fcber Jahre und Jahrzehnte in den Heimatvereinen unserer Stadt sehr engagiert. Er hat auf verschiedenen Veranstaltungen einzelner Vereine Fotoaufnahmen erstellt und diese sp\u00e4ter den jeweiligen Vereinen \u00fcberlassen.<\/p>\n\n\n\n<p class=\"has-medium-font-size\">F\u00fcr Dokumentationen der Dorstener Medien hat Herr Biermann in Jahren und Jahrzehnten umfangreiches Bild- und Fotomaterial aus dem \u201eArchiv Biermann\u201c zur Verf\u00fcgung gestellt.<\/p>\n\n\n\n<p class=\"has-medium-font-size\">Unter Federf\u00fchrung von Herrn Biermann wurde der \u00f6kumenische Geschichtskreis Holsterhausen gegr\u00fcndet. Inzwischen konnte dieser Kreis mehrere Publikationen zur Geschichte dieses Ortsteiles herausgeben.<\/p>\n\n\n\n<p class=\"has-medium-font-size\">Herr Biermann war ma\u00dfgeblich an der Konzeption und sp\u00e4teren Realisierung der ersten \u201eAussichtsplattform Storchennest\u201c im Hervester Bruch beteiligt.<\/p>\n\n\n\n<p class=\"has-medium-font-size\">Herr Biermann und wenige Andere (genannt sei hier beispielhaft Herr Willi Schrudde vom Heimatbund Herrlichkeit Lembeck und Stadt Dorsten e.V.) organisierten und inventarisierten \u00fcber viele Jahre das Archiv des Heimatbundes der Herrlichkeit Lembeck und Stadt Dorsten.<\/p>\n\n\n\n<p class=\"has-medium-font-size\">Durch Initative bzw. Mitwirkung Walter Biermanns wurden im Ortsteil Holsterhausen<\/p>\n\n\n\n<p class=\"has-medium-font-size\">\u2013 im Jahre 2019 eine Erinnerungstafel \u201eGeometrischer Punkt, an dem drei Dorstener Stadtteilgrenzen mit der Grenze der von Altschermbeck, Ortsteil der Nachbargemeinde Schermbeck, zusammentreffen\u201c gelegt,<\/p>\n\n\n\n<p class=\"has-medium-font-size\">\u2013 eine Gedenktafel zum \u201eGedenken an die Zeugen Jehovas aus Holsterhausen, die zwischen 1933 und 1945 verfolgt waren\u201c und an den \u201eBergmann Artur Kramm, der wegen seines Glaubens 1943 hingerichtet wurde\u201c, enth\u00fcllt,<\/p>\n\n\n\n<p class=\"has-medium-font-size\">\u2013 im Jahre 2019 ein Gedenkstein zur Erinnerung an die Baldurschule der \u201eGottlosenschule in Dorsten\u201c aufgestellt.<\/p>\n\n\n\n<p class=\"has-medium-font-size\">2010 wurde Herr Biermann vom Rat der Stadt Dorsten mit der silbernen Stadtplakette geehrt.<\/p>\n\n\n\n<p class=\"has-medium-font-size\">Am 03. September 2020 wurde Herr Walter Biermann durch den B\u00fcrgermeister der Stadt Dorsten, Tobias Stockhoff,&nbsp; mit der goldenen Ehrennadel der Stadt Dorsten ausgezeichnet.<\/p>\n\n\n\n<p class=\"has-medium-font-size\">Herr Stockhoff wies in seiner Ansprache darauf hin, dass die Fraktionen im Rat der Stadt Dorsten dem Vorschlag zur Auszeichnung Walter Biermanns einstimmig zugestimmt hatten.<\/p>\n\n\n\n<p class=\"has-medium-font-size\">Erinnerungen an Herrn Walter Biermann werden immer mit einem Dank f\u00fcr sein Wirken in seiner Heimat Dorsten und um sein Engagement f\u00fcr den Heimatverein Wulfen verbunden bleiben<\/p>\n\n\n\n<p class=\"has-medium-font-size\">Video \u00fcber Walter Biermann: <a rel=\"noreferrer noopener\" href=\"http:\/\/www.voh-dorsten.de\/pages\/filme-dorstenmomente\/walter-biermann-der-archivierer2028.php\" target=\"_blank\">http:\/\/www.voh-dorsten.de\/pages\/filme-dorstenmomente\/walter-biermann-der-archivierer2028.php<\/a><\/p>\n\n\n\n<p class=\"has-medium-font-size\">Weitere LINKS zu Nachrufen \u00fcber Walter Biermann:<\/p>\n\n\n\n<p class=\"has-medium-font-size\">Dorsten Lexikon<\/p>\n\n\n\n<p class=\"has-medium-font-size\"><a href=\"http:\/\/www.dorsten-lexikon.de\/biermann-walter\/\" target=\"_blank\" rel=\"noreferrer noopener\">http:\/\/www.dorsten-lexikon.de\/biermann-walter\/<\/a><\/p>\n\n\n\n<p class=\"has-medium-font-size\">Verein f\u00fcr Orts- und Heimatkunde<\/p>\n\n\n\n<p class=\"has-medium-font-size\"><a href=\"http:\/\/www.voh-dorsten.de\/pages\/filme-dorstenmomente\/walter-biermann-der-archivierer2028.php\">http:\/\/www.voh-dorsten<\/a><a href=\"http:\/\/www.voh-dorsten.de\/pages\/filme-dorstenmomente\/walter-biermann-der-archivierer2028.php\" target=\"_blank\" rel=\"noreferrer noopener\">.de\/pages\/filme-dorstenmomente\/walter-biermann-der-archivierer2028.php<\/a><\/p>\n\n\n\n<p class=\"has-medium-font-size\">Verein f\u00fcr Bergbau- Industrie- und Sozialgeschichte Dorsten<\/p>\n\n\n\n<figure class=\"wp-block-embed is-type-wp-embed is-provider-bergbau-verein-dorsten wp-block-embed-bergbau-verein-dorsten\"><div class=\"wp-block-embed__wrapper\">\n<blockquote class=\"wp-embedded-content\" data-secret=\"AehqzjSaJM\"><a href=\"https:\/\/bergbau-dorsten.de\/2021\/11\/16\/ein-letztes-glueckauf-fuer-walter-biermann\/\">Ein letztes Gl\u00fcckauf f\u00fcr Walter Biermann<\/a><\/blockquote><iframe loading=\"lazy\" class=\"wp-embedded-content\" sandbox=\"allow-scripts\" security=\"restricted\" style=\"position: absolute; visibility: hidden;\" title=\"&#8222;Ein letztes Gl\u00fcckauf f\u00fcr Walter Biermann&#8220; &#8212; Bergbau-Verein Dorsten\" src=\"https:\/\/bergbau-dorsten.de\/2021\/11\/16\/ein-letztes-glueckauf-fuer-walter-biermann\/embed\/#?secret=hqPacWB1Yy#?secret=AehqzjSaJM\" data-secret=\"AehqzjSaJM\" width=\"600\" height=\"338\" frameborder=\"0\" marginwidth=\"0\" marginheight=\"0\" scrolling=\"no\"><\/iframe>\n<\/div><\/figure>\n\n\n\n<p class=\"has-medium-font-size\">Dorstener Zeitung<\/p>\n\n\n\n<figure class=\"wp-block-embed is-type-wp-embed is-provider-dorstener-zeitung wp-block-embed-dorstener-zeitung\"><div class=\"wp-block-embed__wrapper\">\nhttps:\/\/www.dorstenerzeitung.de\/dorsten\/ein-sammler-der-geschichte-von-dorsten-walter-biermann-ist-verstorben-w1688594-p-4000361265\/\n<\/div><\/figure>\n","protected":false},"excerpt":{"rendered":"<p>NACHRUF Am 21. Oktober 2021 verstarb Herr Walter Biermann * 20.09.1940 \u2020 21.10.2021 Walter Biermann hat sich um den Heimatverein Wulfen in besonderer Weise verdient gemacht. Die Eheleute Rosi und<\/p>\n<p><a href=\"https:\/\/heimatverein-wulfen.de\/wp01\/biermann-walter-der-archivierer\/\" class=\"more-link themebutton\">Read More<\/a><\/p>\n","protected":false},"author":6,"featured_media":0,"parent":0,"menu_order":0,"comment_status":"closed","ping_status":"closed","template":"","meta":{"_cbd_carousel_blocks":"[]","footnotes":""},"class_list":["post-8540","page","type-page","status-publish","hentry"],"publishpress_future_action":{"enabled":false,"date":"2026-05-14 10:02:21","action":"change-status","newStatus":"draft","terms":[],"taxonomy":"","extraData":[]},"publishpress_future_workflow_manual_trigger":{"enabledWorkflows":[]},"_links":{"self":[{"href":"https:\/\/heimatverein-wulfen.de\/wp01\/wp-json\/wp\/v2\/pages\/8540","targetHints":{"allow":["GET"]}}],"collection":[{"href":"https:\/\/heimatverein-wulfen.de\/wp01\/wp-json\/wp\/v2\/pages"}],"about":[{"href":"https:\/\/heimatverein-wulfen.de\/wp01\/wp-json\/wp\/v2\/types\/page"}],"author":[{"embeddable":true,"href":"https:\/\/heimatverein-wulfen.de\/wp01\/wp-json\/wp\/v2\/users\/6"}],"replies":[{"embeddable":true,"href":"https:\/\/heimatverein-wulfen.de\/wp01\/wp-json\/wp\/v2\/comments?post=8540"}],"version-history":[{"count":10,"href":"https:\/\/heimatverein-wulfen.de\/wp01\/wp-json\/wp\/v2\/pages\/8540\/revisions"}],"predecessor-version":[{"id":8804,"href":"https:\/\/heimatverein-wulfen.de\/wp01\/wp-json\/wp\/v2\/pages\/8540\/revisions\/8804"}],"wp:attachment":[{"href":"https:\/\/heimatverein-wulfen.de\/wp01\/wp-json\/wp\/v2\/media?parent=8540"}],"curies":[{"name":"wp","href":"https:\/\/api.w.org\/{rel}","templated":true}]}}