{"id":8952,"date":"2022-05-29T13:24:43","date_gmt":"2022-05-29T11:24:43","guid":{"rendered":"https:\/\/heimatverein-wulfen.de\/wp01\/?page_id=8952"},"modified":"2022-05-29T13:49:58","modified_gmt":"2022-05-29T11:49:58","slug":"schuelerwettbewerb-2022","status":"publish","type":"page","link":"https:\/\/heimatverein-wulfen.de\/wp01\/schuelerwettbewerb-2022\/","title":{"rendered":"Sch\u00fclerwettbewerb 2022"},"content":{"rendered":"\n<p class=\"has-medium-font-size\">Liebe Kinder und Jugendliche,<br>liebe Sch\u00fclerinnen und Sch\u00fcler,<\/p>\n\n\n\n<p class=\"has-medium-font-size\">bereits zum neunten Male f\u00fchrt der Heimatverein Wulfen einen Sch\u00fclerwettbewerb durch;<br>In diesem Jahr zum Thema <strong>&#8222;<\/strong> <strong>Leporello WULFEN &#8222;<\/strong><\/p>\n\n\n\n<p class=\"has-medium-font-size\">Kinder und Jugendliche (Sch\u00fclerinnen und Sch\u00fcler) bis 16 Jahre k\u00f6nnen sich von der Internetseite des Heimatverein Wulfen Wettbewerbsunterlagen im Dateiformat (pdf-Datei) herunterladen.<br><br>Unter den Einsendern der Wettbewerbsunterlagen vergibt eine Jury des Heimatverein Wulfen wertvolle Sachpreise bzw. attraktive Gutscheine<\/p>\n\n\n\n<p class=\"has-medium-font-size\"><strong>Wer kann teilnehmen?<\/strong><\/p>\n\n\n\n<p class=\"has-medium-font-size\">Alle Wulfener Kinder und Jugendliche bis 16 Jahre, Sch\u00fcler\/-innen Wulfens bzw. Wulfener Sch\u00fcler\/-innen weiterf\u00fchrender ausw\u00e4rtiger Schulen sind aufgerufen, sich zu beteiligen. Eine Teilnahme als Gruppe (maximale Gruppenst\u00e4rke 3) ist m\u00f6glich.<\/p>\n\n\n\n<p class=\"has-medium-font-size\"><strong>Wo k\u00f6nnen die Unterlagen abgegeben werden?<\/strong><\/p>\n\n\n\n<p class=\"has-medium-font-size\">Wettbewerbsteilnehmer k\u00f6nnen die Unterlagen entweder per Post oder pers\u00f6nlich beim Vorsitzenden des Heimatvereins Wulfen, Johannes Kr\u00fcmpel, Wittenbrink 16, 46286 Dorsten abgeben oder zusenden.<\/p>\n\n\n\n<p class=\"has-medium-font-size\">Weiterhin ist es m\u00f6glich die Wettbewerbsunterlagen in digitalisierter Form (Dateiformat) einzureichen. Die e-mail-Adresse des Heimatvereins Wulfen lautet:<\/p>\n\n\n\n<p class=\"has-medium-font-size\"><strong>webmaster@heimatverein-wulfen.de<\/strong><\/p>\n\n\n\n<p class=\"has-medium-font-size\">Weitere Fragen zum Projekt richtet bitte an die Mitglieder des Projektteams<\/p>\n\n\n\n<p class=\"has-medium-font-size\">&#8211; Ursel Wolf (Telefon: 36 79) oder<br>&#8211; Reinhard Schwingenheuer (Telefon 39 93) oder<br>&#8211; Christian Gruber (Telefon: ) oder<br>&#8211; Guido Bludau (Telefon: ) oder<br>&#8211; Reinhold Grewer (Telefon: 64 10)<\/p>\n\n\n\n<p class=\"has-medium-font-size\">von der Geschichtsgruppe des Heimatvereins Wulfen 1922 e.V.<\/p>\n\n\n\n<p class=\"has-medium-font-size\"><strong>Wann ist Abgabeschluss?<\/strong><\/p>\n\n\n\n<p class=\"has-medium-font-size\">Bis zum 14. August 2022 (Sonntag nach Ende der Sommerferien) m\u00fcssen die Wettbewerbsunterlagen beim Heimatverein Wulfen eingereicht sein.<\/p>\n\n\n\n<p class=\"has-medium-font-size\">Das Ergebnis des Wettbewerbs werden wir auf unserer Internetseite und in der \u00f6rtlichen Presse ver\u00f6ffentlichen.<\/p>\n\n\n\n<p class=\"has-medium-font-size\">Die Siegerehrung erfolgt am Donnerstag dem 16. September 2022 w\u00e4hrend des 100j\u00e4hrigen Vereinsjubil\u00e4ums im Festzelt auf dem Gel\u00e4nde des Heimatvereins Wulfen, Rh\u00f6nweg 11.<\/p>\n\n\n\n<p class=\"has-medium-font-size\">Wir w\u00fcrden uns sehr freuen, wenn sich m\u00f6glichst viele Jugendliche, Sch\u00fclerinnen und Sch\u00fcler beteiligen!<\/p>\n\n\n\n<p class=\"has-medium-font-size\">Wir bedanken uns f\u00fcr Euer Interesse und freuen uns auf Eure Antworten!<\/p>\n\n\n\n<div class=\"wp-block-image\"><figure class=\"alignleft size-full is-resized\"><a href=\"https:\/\/heimatverein-wulfen.de\/wp01\/wp-content\/uploads\/2022\/05\/HVW_Schuelerwettbewerb_2022_001.jpg\" rel=\"lightbox[8952]\"><img loading=\"lazy\" decoding=\"async\" src=\"https:\/\/heimatverein-wulfen.de\/wp01\/wp-content\/uploads\/2022\/05\/HVW_Schuelerwettbewerb_2022_001.jpg\" alt=\"\" class=\"wp-image-8957\" width=\"318\" height=\"450\" srcset=\"https:\/\/heimatverein-wulfen.de\/wp01\/wp-content\/uploads\/2022\/05\/HVW_Schuelerwettbewerb_2022_001.jpg 636w, https:\/\/heimatverein-wulfen.de\/wp01\/wp-content\/uploads\/2022\/05\/HVW_Schuelerwettbewerb_2022_001-212x300.jpg 212w\" sizes=\"auto, (max-width: 318px) 100vw, 318px\" \/><\/a><\/figure><\/div>\n\n\n\n<figure class=\"wp-block-image size-full is-resized\"><a href=\"https:\/\/heimatverein-wulfen.de\/wp01\/wp-content\/uploads\/2022\/05\/HVW_Schuelerwettbewerb_2022_002.jpg\" rel=\"lightbox[8952]\"><img loading=\"lazy\" decoding=\"async\" src=\"https:\/\/heimatverein-wulfen.de\/wp01\/wp-content\/uploads\/2022\/05\/HVW_Schuelerwettbewerb_2022_002.jpg\" alt=\"\" class=\"wp-image-8959\" width=\"318\" height=\"450\" srcset=\"https:\/\/heimatverein-wulfen.de\/wp01\/wp-content\/uploads\/2022\/05\/HVW_Schuelerwettbewerb_2022_002.jpg 636w, https:\/\/heimatverein-wulfen.de\/wp01\/wp-content\/uploads\/2022\/05\/HVW_Schuelerwettbewerb_2022_002-212x300.jpg 212w\" sizes=\"auto, (max-width: 318px) 100vw, 318px\" \/><\/a><\/figure>\n\n\n\n<div class=\"wp-block-image\"><figure class=\"alignleft size-full is-resized\"><a href=\"https:\/\/heimatverein-wulfen.de\/wp01\/wp-content\/uploads\/2022\/05\/HVW_Schuelerwettbewerb_2022_003.jpg\" rel=\"lightbox[8952]\"><img loading=\"lazy\" decoding=\"async\" src=\"https:\/\/heimatverein-wulfen.de\/wp01\/wp-content\/uploads\/2022\/05\/HVW_Schuelerwettbewerb_2022_003.jpg\" alt=\"\" class=\"wp-image-8960\" width=\"318\" height=\"450\" srcset=\"https:\/\/heimatverein-wulfen.de\/wp01\/wp-content\/uploads\/2022\/05\/HVW_Schuelerwettbewerb_2022_003.jpg 636w, https:\/\/heimatverein-wulfen.de\/wp01\/wp-content\/uploads\/2022\/05\/HVW_Schuelerwettbewerb_2022_003-212x300.jpg 212w\" sizes=\"auto, (max-width: 318px) 100vw, 318px\" \/><\/a><\/figure><\/div>\n\n\n\n<div class=\"wp-block-image\"><figure class=\"alignleft size-full is-resized\"><a href=\"https:\/\/heimatverein-wulfen.de\/wp01\/wp-content\/uploads\/2022\/05\/HVW_Schuelerwettbewerb_2022_004.jpg\" rel=\"lightbox[8952]\"><img loading=\"lazy\" decoding=\"async\" src=\"https:\/\/heimatverein-wulfen.de\/wp01\/wp-content\/uploads\/2022\/05\/HVW_Schuelerwettbewerb_2022_004.jpg\" alt=\"\" class=\"wp-image-8961\" width=\"318\" height=\"450\" srcset=\"https:\/\/heimatverein-wulfen.de\/wp01\/wp-content\/uploads\/2022\/05\/HVW_Schuelerwettbewerb_2022_004.jpg 636w, https:\/\/heimatverein-wulfen.de\/wp01\/wp-content\/uploads\/2022\/05\/HVW_Schuelerwettbewerb_2022_004-212x300.jpg 212w\" sizes=\"auto, (max-width: 318px) 100vw, 318px\" \/><\/a><\/figure><\/div>\n","protected":false},"excerpt":{"rendered":"<p>Liebe Kinder und Jugendliche,liebe Sch\u00fclerinnen und Sch\u00fcler, bereits zum neunten Male f\u00fchrt der Heimatverein Wulfen einen Sch\u00fclerwettbewerb durch;In diesem Jahr zum Thema &#8222; Leporello WULFEN &#8222; Kinder und Jugendliche (Sch\u00fclerinnen<\/p>\n<p><a href=\"https:\/\/heimatverein-wulfen.de\/wp01\/schuelerwettbewerb-2022\/\" class=\"more-link themebutton\">Read More<\/a><\/p>\n","protected":false},"author":6,"featured_media":0,"parent":0,"menu_order":0,"comment_status":"closed","ping_status":"closed","template":"","meta":{"_cbd_carousel_blocks":"[]","footnotes":""},"class_list":["post-8952","page","type-page","status-publish","hentry"],"publishpress_future_action":{"enabled":false,"date":"2026-05-10 12:55:17","action":"change-status","newStatus":"draft","terms":[],"taxonomy":"","extraData":[]},"publishpress_future_workflow_manual_trigger":{"enabledWorkflows":[]},"_links":{"self":[{"href":"https:\/\/heimatverein-wulfen.de\/wp01\/wp-json\/wp\/v2\/pages\/8952","targetHints":{"allow":["GET"]}}],"collection":[{"href":"https:\/\/heimatverein-wulfen.de\/wp01\/wp-json\/wp\/v2\/pages"}],"about":[{"href":"https:\/\/heimatverein-wulfen.de\/wp01\/wp-json\/wp\/v2\/types\/page"}],"author":[{"embeddable":true,"href":"https:\/\/heimatverein-wulfen.de\/wp01\/wp-json\/wp\/v2\/users\/6"}],"replies":[{"embeddable":true,"href":"https:\/\/heimatverein-wulfen.de\/wp01\/wp-json\/wp\/v2\/comments?post=8952"}],"version-history":[{"count":3,"href":"https:\/\/heimatverein-wulfen.de\/wp01\/wp-json\/wp\/v2\/pages\/8952\/revisions"}],"predecessor-version":[{"id":8962,"href":"https:\/\/heimatverein-wulfen.de\/wp01\/wp-json\/wp\/v2\/pages\/8952\/revisions\/8962"}],"wp:attachment":[{"href":"https:\/\/heimatverein-wulfen.de\/wp01\/wp-json\/wp\/v2\/media?parent=8952"}],"curies":[{"name":"wp","href":"https:\/\/api.w.org\/{rel}","templated":true}]}}