{"id":9880,"date":"2022-12-01T01:38:31","date_gmt":"2022-12-01T00:38:31","guid":{"rendered":"https:\/\/heimatverein-wulfen.de\/wp01\/?page_id=9880"},"modified":"2023-01-11T08:17:52","modified_gmt":"2023-01-11T07:17:52","slug":"adventskalender-2022","status":"publish","type":"page","link":"https:\/\/heimatverein-wulfen.de\/wp01\/adventskalender-2022\/","title":{"rendered":"Adventskalender 2022"},"content":{"rendered":"<div class=\"wp-block-image\">\n<figure class=\"aligncenter size-large\"><img loading=\"lazy\" decoding=\"async\" width=\"1024\" height=\"119\" src=\"https:\/\/heimatverein-wulfen.de\/wp01\/wp-content\/uploads\/2022\/12\/HVW_Advent_2022_025-1024x119.jpg\" alt=\"\" class=\"wp-image-9905\" srcset=\"https:\/\/heimatverein-wulfen.de\/wp01\/wp-content\/uploads\/2022\/12\/HVW_Advent_2022_025-1024x119.jpg 1024w, https:\/\/heimatverein-wulfen.de\/wp01\/wp-content\/uploads\/2022\/12\/HVW_Advent_2022_025-300x35.jpg 300w, https:\/\/heimatverein-wulfen.de\/wp01\/wp-content\/uploads\/2022\/12\/HVW_Advent_2022_025-768x89.jpg 768w, https:\/\/heimatverein-wulfen.de\/wp01\/wp-content\/uploads\/2022\/12\/HVW_Advent_2022_025.jpg 1122w\" sizes=\"auto, (max-width: 1024px) 100vw, 1024px\" \/><\/figure>\n<\/div>\n\n\n<figure class=\"wp-block-gallery has-nested-images columns-default is-cropped wp-block-gallery-1 is-layout-flex wp-block-gallery-is-layout-flex\">\n<figure class=\"wp-block-image size-large\"><a href=\"https:\/\/heimatverein-wulfen.de\/wp01\/wp-content\/uploads\/2022\/12\/HVW_Advent_2022_001.jpg\" rel=\"lightbox[9880]\"><img loading=\"lazy\" decoding=\"async\" width=\"1024\" height=\"724\" data-id=\"9884\" src=\"https:\/\/heimatverein-wulfen.de\/wp01\/wp-content\/uploads\/2022\/12\/Folie1-1024x724.jpg\" alt=\"\" class=\"wp-image-9884\" srcset=\"https:\/\/heimatverein-wulfen.de\/wp01\/wp-content\/uploads\/2022\/12\/Folie1-1024x724.jpg 1024w, https:\/\/heimatverein-wulfen.de\/wp01\/wp-content\/uploads\/2022\/12\/Folie1-300x212.jpg 300w, https:\/\/heimatverein-wulfen.de\/wp01\/wp-content\/uploads\/2022\/12\/Folie1-768x543.jpg 768w, https:\/\/heimatverein-wulfen.de\/wp01\/wp-content\/uploads\/2022\/12\/Folie1.jpg 1122w\" sizes=\"auto, (max-width: 1024px) 100vw, 1024px\" \/><\/a><\/figure>\n\n\n\n<figure class=\"wp-block-image size-large\"><a href=\"https:\/\/heimatverein-wulfen.de\/wp01\/wp-content\/uploads\/2022\/12\/HVW_Advent_2022_002.jpg\" rel=\"lightbox[9880]\"><img loading=\"lazy\" decoding=\"async\" width=\"1024\" height=\"724\" data-id=\"9888\" src=\"https:\/\/heimatverein-wulfen.de\/wp01\/wp-content\/uploads\/2022\/12\/Folie2-1024x724.jpg\" alt=\"\" class=\"wp-image-9888\" srcset=\"https:\/\/heimatverein-wulfen.de\/wp01\/wp-content\/uploads\/2022\/12\/Folie2-1024x724.jpg 1024w, https:\/\/heimatverein-wulfen.de\/wp01\/wp-content\/uploads\/2022\/12\/Folie2-300x212.jpg 300w, https:\/\/heimatverein-wulfen.de\/wp01\/wp-content\/uploads\/2022\/12\/Folie2-768x543.jpg 768w, https:\/\/heimatverein-wulfen.de\/wp01\/wp-content\/uploads\/2022\/12\/Folie2.jpg 1122w\" sizes=\"auto, (max-width: 1024px) 100vw, 1024px\" \/><\/a><\/figure>\n\n\n\n<figure class=\"wp-block-image size-large\"><a href=\"https:\/\/heimatverein-wulfen.de\/wp01\/wp-content\/uploads\/2022\/12\/HVW_Advent_2022_003.jpg\" rel=\"lightbox[9880]\"><img loading=\"lazy\" decoding=\"async\" width=\"1024\" height=\"724\" data-id=\"9881\" src=\"https:\/\/heimatverein-wulfen.de\/wp01\/wp-content\/uploads\/2022\/12\/Folie3-1024x724.jpg\" alt=\"\" class=\"wp-image-9881\" srcset=\"https:\/\/heimatverein-wulfen.de\/wp01\/wp-content\/uploads\/2022\/12\/Folie3-1024x724.jpg 1024w, https:\/\/heimatverein-wulfen.de\/wp01\/wp-content\/uploads\/2022\/12\/Folie3-300x212.jpg 300w, https:\/\/heimatverein-wulfen.de\/wp01\/wp-content\/uploads\/2022\/12\/Folie3-768x543.jpg 768w, https:\/\/heimatverein-wulfen.de\/wp01\/wp-content\/uploads\/2022\/12\/Folie3.jpg 1122w\" sizes=\"auto, (max-width: 1024px) 100vw, 1024px\" \/><\/a><\/figure>\n\n\n\n<figure class=\"wp-block-image size-large\"><a href=\"https:\/\/heimatverein-wulfen.de\/wp01\/wp-content\/uploads\/2022\/12\/HVW_Advent_2022_004.jpg\" rel=\"lightbox[9880]\"><img loading=\"lazy\" decoding=\"async\" width=\"1024\" height=\"724\" data-id=\"9883\" src=\"https:\/\/heimatverein-wulfen.de\/wp01\/wp-content\/uploads\/2022\/12\/Folie4-1024x724.jpg\" alt=\"\" class=\"wp-image-9883\" srcset=\"https:\/\/heimatverein-wulfen.de\/wp01\/wp-content\/uploads\/2022\/12\/Folie4-1024x724.jpg 1024w, https:\/\/heimatverein-wulfen.de\/wp01\/wp-content\/uploads\/2022\/12\/Folie4-300x212.jpg 300w, https:\/\/heimatverein-wulfen.de\/wp01\/wp-content\/uploads\/2022\/12\/Folie4-768x543.jpg 768w, https:\/\/heimatverein-wulfen.de\/wp01\/wp-content\/uploads\/2022\/12\/Folie4.jpg 1122w\" sizes=\"auto, (max-width: 1024px) 100vw, 1024px\" \/><\/a><\/figure>\n\n\n\n<figure class=\"wp-block-image size-large\"><a href=\"https:\/\/heimatverein-wulfen.de\/wp01\/wp-content\/uploads\/2022\/12\/HVW_Advent_2022_005.jpg\" rel=\"lightbox[9880]\"><img loading=\"lazy\" decoding=\"async\" width=\"1024\" height=\"724\" data-id=\"9882\" src=\"https:\/\/heimatverein-wulfen.de\/wp01\/wp-content\/uploads\/2022\/12\/Folie5-1024x724.jpg\" alt=\"\" class=\"wp-image-9882\" srcset=\"https:\/\/heimatverein-wulfen.de\/wp01\/wp-content\/uploads\/2022\/12\/Folie5-1024x724.jpg 1024w, https:\/\/heimatverein-wulfen.de\/wp01\/wp-content\/uploads\/2022\/12\/Folie5-300x212.jpg 300w, https:\/\/heimatverein-wulfen.de\/wp01\/wp-content\/uploads\/2022\/12\/Folie5-768x543.jpg 768w, https:\/\/heimatverein-wulfen.de\/wp01\/wp-content\/uploads\/2022\/12\/Folie5.jpg 1122w\" sizes=\"auto, (max-width: 1024px) 100vw, 1024px\" \/><\/a><\/figure>\n\n\n\n<figure class=\"wp-block-image size-large\"><a href=\"https:\/\/heimatverein-wulfen.de\/wp01\/wp-content\/uploads\/2022\/12\/HVW_Advent_2022_006.jpg\" rel=\"lightbox[9880]\"><img loading=\"lazy\" decoding=\"async\" width=\"1024\" height=\"724\" data-id=\"9886\" src=\"https:\/\/heimatverein-wulfen.de\/wp01\/wp-content\/uploads\/2022\/12\/Folie6-1024x724.jpg\" alt=\"\" class=\"wp-image-9886\" srcset=\"https:\/\/heimatverein-wulfen.de\/wp01\/wp-content\/uploads\/2022\/12\/Folie6-1024x724.jpg 1024w, https:\/\/heimatverein-wulfen.de\/wp01\/wp-content\/uploads\/2022\/12\/Folie6-300x212.jpg 300w, https:\/\/heimatverein-wulfen.de\/wp01\/wp-content\/uploads\/2022\/12\/Folie6-768x543.jpg 768w, https:\/\/heimatverein-wulfen.de\/wp01\/wp-content\/uploads\/2022\/12\/Folie6.jpg 1122w\" sizes=\"auto, (max-width: 1024px) 100vw, 1024px\" \/><\/a><\/figure>\n\n\n\n<figure class=\"wp-block-image size-large\"><a href=\"https:\/\/heimatverein-wulfen.de\/wp01\/wp-content\/uploads\/2022\/12\/HVW_Advent_2022_007.jpg\" rel=\"lightbox[9880]\"><img loading=\"lazy\" decoding=\"async\" width=\"1024\" height=\"724\" data-id=\"9887\" src=\"https:\/\/heimatverein-wulfen.de\/wp01\/wp-content\/uploads\/2022\/12\/Folie7-1024x724.jpg\" alt=\"\" class=\"wp-image-9887\" srcset=\"https:\/\/heimatverein-wulfen.de\/wp01\/wp-content\/uploads\/2022\/12\/Folie7-1024x724.jpg 1024w, https:\/\/heimatverein-wulfen.de\/wp01\/wp-content\/uploads\/2022\/12\/Folie7-300x212.jpg 300w, https:\/\/heimatverein-wulfen.de\/wp01\/wp-content\/uploads\/2022\/12\/Folie7-768x543.jpg 768w, https:\/\/heimatverein-wulfen.de\/wp01\/wp-content\/uploads\/2022\/12\/Folie7.jpg 1122w\" sizes=\"auto, (max-width: 1024px) 100vw, 1024px\" \/><\/a><\/figure>\n\n\n\n<figure class=\"wp-block-image size-large\"><a href=\"https:\/\/heimatverein-wulfen.de\/wp01\/wp-content\/uploads\/2022\/12\/HVW_Advent_2022_008.jpg\" rel=\"lightbox[9880]\"><img loading=\"lazy\" decoding=\"async\" width=\"1024\" height=\"724\" data-id=\"9885\" src=\"https:\/\/heimatverein-wulfen.de\/wp01\/wp-content\/uploads\/2022\/12\/Folie8-1024x724.jpg\" alt=\"\" class=\"wp-image-9885\" srcset=\"https:\/\/heimatverein-wulfen.de\/wp01\/wp-content\/uploads\/2022\/12\/Folie8-1024x724.jpg 1024w, https:\/\/heimatverein-wulfen.de\/wp01\/wp-content\/uploads\/2022\/12\/Folie8-300x212.jpg 300w, https:\/\/heimatverein-wulfen.de\/wp01\/wp-content\/uploads\/2022\/12\/Folie8-768x543.jpg 768w, https:\/\/heimatverein-wulfen.de\/wp01\/wp-content\/uploads\/2022\/12\/Folie8.jpg 1122w\" sizes=\"auto, (max-width: 1024px) 100vw, 1024px\" \/><\/a><\/figure>\n\n\n\n<figure class=\"wp-block-image size-large\"><a href=\"https:\/\/heimatverein-wulfen.de\/wp01\/wp-content\/uploads\/2022\/12\/HVW_Advent_2022_009.jpg\" rel=\"lightbox[9880]\"><img loading=\"lazy\" decoding=\"async\" width=\"1024\" height=\"724\" data-id=\"9889\" src=\"https:\/\/heimatverein-wulfen.de\/wp01\/wp-content\/uploads\/2022\/12\/Folie9-1024x724.jpg\" alt=\"\" class=\"wp-image-9889\" srcset=\"https:\/\/heimatverein-wulfen.de\/wp01\/wp-content\/uploads\/2022\/12\/Folie9-1024x724.jpg 1024w, https:\/\/heimatverein-wulfen.de\/wp01\/wp-content\/uploads\/2022\/12\/Folie9-300x212.jpg 300w, https:\/\/heimatverein-wulfen.de\/wp01\/wp-content\/uploads\/2022\/12\/Folie9-768x543.jpg 768w, https:\/\/heimatverein-wulfen.de\/wp01\/wp-content\/uploads\/2022\/12\/Folie9.jpg 1122w\" sizes=\"auto, (max-width: 1024px) 100vw, 1024px\" \/><\/a><\/figure>\n\n\n\n<figure class=\"wp-block-image size-large\"><a href=\"https:\/\/heimatverein-wulfen.de\/wp01\/wp-content\/uploads\/2022\/12\/HVW_Advent_2022_010.jpg\" rel=\"lightbox[9880]\"><img loading=\"lazy\" decoding=\"async\" width=\"1024\" height=\"724\" data-id=\"9891\" src=\"https:\/\/heimatverein-wulfen.de\/wp01\/wp-content\/uploads\/2022\/12\/Folie10-1024x724.jpg\" alt=\"\" class=\"wp-image-9891\" srcset=\"https:\/\/heimatverein-wulfen.de\/wp01\/wp-content\/uploads\/2022\/12\/Folie10-1024x724.jpg 1024w, https:\/\/heimatverein-wulfen.de\/wp01\/wp-content\/uploads\/2022\/12\/Folie10-300x212.jpg 300w, https:\/\/heimatverein-wulfen.de\/wp01\/wp-content\/uploads\/2022\/12\/Folie10-768x543.jpg 768w, https:\/\/heimatverein-wulfen.de\/wp01\/wp-content\/uploads\/2022\/12\/Folie10.jpg 1122w\" sizes=\"auto, (max-width: 1024px) 100vw, 1024px\" \/><\/a><\/figure>\n\n\n\n<figure class=\"wp-block-image size-large\"><a href=\"https:\/\/heimatverein-wulfen.de\/wp01\/wp-content\/uploads\/2022\/12\/HVW_Advent_2022_011.jpg\" rel=\"lightbox[9880]\"><img loading=\"lazy\" decoding=\"async\" width=\"1024\" height=\"724\" data-id=\"9890\" src=\"https:\/\/heimatverein-wulfen.de\/wp01\/wp-content\/uploads\/2022\/12\/Folie11-1024x724.jpg\" alt=\"\" class=\"wp-image-9890\" srcset=\"https:\/\/heimatverein-wulfen.de\/wp01\/wp-content\/uploads\/2022\/12\/Folie11-1024x724.jpg 1024w, https:\/\/heimatverein-wulfen.de\/wp01\/wp-content\/uploads\/2022\/12\/Folie11-300x212.jpg 300w, https:\/\/heimatverein-wulfen.de\/wp01\/wp-content\/uploads\/2022\/12\/Folie11-768x543.jpg 768w, https:\/\/heimatverein-wulfen.de\/wp01\/wp-content\/uploads\/2022\/12\/Folie11.jpg 1122w\" sizes=\"auto, (max-width: 1024px) 100vw, 1024px\" \/><\/a><\/figure>\n\n\n\n<figure class=\"wp-block-image size-large\"><a href=\"https:\/\/heimatverein-wulfen.de\/wp01\/wp-content\/uploads\/2022\/12\/HVW_Advent_2022_012.jpg\" rel=\"lightbox[9880]\"><img loading=\"lazy\" decoding=\"async\" width=\"1024\" height=\"724\" data-id=\"9892\" src=\"https:\/\/heimatverein-wulfen.de\/wp01\/wp-content\/uploads\/2022\/12\/Folie12-1024x724.jpg\" alt=\"\" class=\"wp-image-9892\" srcset=\"https:\/\/heimatverein-wulfen.de\/wp01\/wp-content\/uploads\/2022\/12\/Folie12-1024x724.jpg 1024w, https:\/\/heimatverein-wulfen.de\/wp01\/wp-content\/uploads\/2022\/12\/Folie12-300x212.jpg 300w, https:\/\/heimatverein-wulfen.de\/wp01\/wp-content\/uploads\/2022\/12\/Folie12-768x543.jpg 768w, https:\/\/heimatverein-wulfen.de\/wp01\/wp-content\/uploads\/2022\/12\/Folie12.jpg 1122w\" sizes=\"auto, (max-width: 1024px) 100vw, 1024px\" \/><\/a><\/figure>\n\n\n\n<figure class=\"wp-block-image size-large\"><a href=\"https:\/\/heimatverein-wulfen.de\/wp01\/wp-content\/uploads\/2022\/12\/HVW_Advent_2022_013.jpg\" rel=\"lightbox[9880]\"><img loading=\"lazy\" decoding=\"async\" width=\"1024\" height=\"724\" data-id=\"9894\" src=\"https:\/\/heimatverein-wulfen.de\/wp01\/wp-content\/uploads\/2022\/12\/Folie13-1024x724.jpg\" alt=\"\" class=\"wp-image-9894\" srcset=\"https:\/\/heimatverein-wulfen.de\/wp01\/wp-content\/uploads\/2022\/12\/Folie13-1024x724.jpg 1024w, https:\/\/heimatverein-wulfen.de\/wp01\/wp-content\/uploads\/2022\/12\/Folie13-300x212.jpg 300w, https:\/\/heimatverein-wulfen.de\/wp01\/wp-content\/uploads\/2022\/12\/Folie13-768x543.jpg 768w, https:\/\/heimatverein-wulfen.de\/wp01\/wp-content\/uploads\/2022\/12\/Folie13.jpg 1122w\" sizes=\"auto, (max-width: 1024px) 100vw, 1024px\" \/><\/a><\/figure>\n\n\n\n<figure class=\"wp-block-image size-large\"><a href=\"https:\/\/heimatverein-wulfen.de\/wp01\/wp-content\/uploads\/2022\/12\/HVW_Advent_2022_014.jpg\" rel=\"lightbox[9880]\"><img loading=\"lazy\" decoding=\"async\" width=\"1024\" height=\"724\" data-id=\"9895\" src=\"https:\/\/heimatverein-wulfen.de\/wp01\/wp-content\/uploads\/2022\/12\/Folie14-1024x724.jpg\" alt=\"\" class=\"wp-image-9895\" srcset=\"https:\/\/heimatverein-wulfen.de\/wp01\/wp-content\/uploads\/2022\/12\/Folie14-1024x724.jpg 1024w, https:\/\/heimatverein-wulfen.de\/wp01\/wp-content\/uploads\/2022\/12\/Folie14-300x212.jpg 300w, https:\/\/heimatverein-wulfen.de\/wp01\/wp-content\/uploads\/2022\/12\/Folie14-768x543.jpg 768w, https:\/\/heimatverein-wulfen.de\/wp01\/wp-content\/uploads\/2022\/12\/Folie14.jpg 1122w\" sizes=\"auto, (max-width: 1024px) 100vw, 1024px\" \/><\/a><\/figure>\n\n\n\n<figure class=\"wp-block-image size-large\"><a href=\"https:\/\/heimatverein-wulfen.de\/wp01\/wp-content\/uploads\/2022\/12\/HVW_Advent_2022_015.jpg\" rel=\"lightbox[9880]\"><img loading=\"lazy\" decoding=\"async\" width=\"1024\" height=\"724\" data-id=\"9893\" src=\"https:\/\/heimatverein-wulfen.de\/wp01\/wp-content\/uploads\/2022\/12\/Folie15-1024x724.jpg\" alt=\"\" class=\"wp-image-9893\" srcset=\"https:\/\/heimatverein-wulfen.de\/wp01\/wp-content\/uploads\/2022\/12\/Folie15-1024x724.jpg 1024w, https:\/\/heimatverein-wulfen.de\/wp01\/wp-content\/uploads\/2022\/12\/Folie15-300x212.jpg 300w, https:\/\/heimatverein-wulfen.de\/wp01\/wp-content\/uploads\/2022\/12\/Folie15-768x543.jpg 768w, https:\/\/heimatverein-wulfen.de\/wp01\/wp-content\/uploads\/2022\/12\/Folie15.jpg 1122w\" sizes=\"auto, (max-width: 1024px) 100vw, 1024px\" \/><\/a><\/figure>\n\n\n\n<figure class=\"wp-block-image size-large\"><a href=\"https:\/\/heimatverein-wulfen.de\/wp01\/wp-content\/uploads\/2022\/12\/HVW_Advent_2022_016.jpg\" rel=\"lightbox[9880]\"><img loading=\"lazy\" decoding=\"async\" width=\"1024\" height=\"724\" data-id=\"9896\" src=\"https:\/\/heimatverein-wulfen.de\/wp01\/wp-content\/uploads\/2022\/12\/Folie16-1024x724.jpg\" alt=\"\" class=\"wp-image-9896\" srcset=\"https:\/\/heimatverein-wulfen.de\/wp01\/wp-content\/uploads\/2022\/12\/Folie16-1024x724.jpg 1024w, https:\/\/heimatverein-wulfen.de\/wp01\/wp-content\/uploads\/2022\/12\/Folie16-300x212.jpg 300w, https:\/\/heimatverein-wulfen.de\/wp01\/wp-content\/uploads\/2022\/12\/Folie16-768x543.jpg 768w, https:\/\/heimatverein-wulfen.de\/wp01\/wp-content\/uploads\/2022\/12\/Folie16.jpg 1122w\" sizes=\"auto, (max-width: 1024px) 100vw, 1024px\" \/><\/a><\/figure>\n\n\n\n<figure class=\"wp-block-image size-large\"><a href=\"https:\/\/heimatverein-wulfen.de\/wp01\/wp-content\/uploads\/2022\/12\/HVW_Advent_2022_017.jpg\" rel=\"lightbox[9880]\"><img loading=\"lazy\" decoding=\"async\" width=\"1024\" height=\"724\" data-id=\"9897\" src=\"https:\/\/heimatverein-wulfen.de\/wp01\/wp-content\/uploads\/2022\/12\/Folie17-1024x724.jpg\" alt=\"\" class=\"wp-image-9897\" srcset=\"https:\/\/heimatverein-wulfen.de\/wp01\/wp-content\/uploads\/2022\/12\/Folie17-1024x724.jpg 1024w, https:\/\/heimatverein-wulfen.de\/wp01\/wp-content\/uploads\/2022\/12\/Folie17-300x212.jpg 300w, https:\/\/heimatverein-wulfen.de\/wp01\/wp-content\/uploads\/2022\/12\/Folie17-768x543.jpg 768w, https:\/\/heimatverein-wulfen.de\/wp01\/wp-content\/uploads\/2022\/12\/Folie17.jpg 1122w\" sizes=\"auto, (max-width: 1024px) 100vw, 1024px\" \/><\/a><\/figure>\n\n\n\n<figure class=\"wp-block-image size-large\"><a href=\"https:\/\/heimatverein-wulfen.de\/wp01\/wp-content\/uploads\/2022\/12\/HVW_Advent_2022_018.jpg\" rel=\"lightbox[9880]\"><img loading=\"lazy\" decoding=\"async\" width=\"1024\" height=\"724\" data-id=\"9898\" src=\"https:\/\/heimatverein-wulfen.de\/wp01\/wp-content\/uploads\/2022\/12\/Folie18-1024x724.jpg\" alt=\"\" class=\"wp-image-9898\" srcset=\"https:\/\/heimatverein-wulfen.de\/wp01\/wp-content\/uploads\/2022\/12\/Folie18-1024x724.jpg 1024w, https:\/\/heimatverein-wulfen.de\/wp01\/wp-content\/uploads\/2022\/12\/Folie18-300x212.jpg 300w, https:\/\/heimatverein-wulfen.de\/wp01\/wp-content\/uploads\/2022\/12\/Folie18-768x543.jpg 768w, https:\/\/heimatverein-wulfen.de\/wp01\/wp-content\/uploads\/2022\/12\/Folie18.jpg 1122w\" sizes=\"auto, (max-width: 1024px) 100vw, 1024px\" \/><\/a><\/figure>\n\n\n\n<figure class=\"wp-block-image size-large\"><a href=\"https:\/\/heimatverein-wulfen.de\/wp01\/wp-content\/uploads\/2022\/12\/HVW_Advent_2022_019.jpg\" rel=\"lightbox[9880]\"><img loading=\"lazy\" decoding=\"async\" width=\"1024\" height=\"724\" data-id=\"9899\" src=\"https:\/\/heimatverein-wulfen.de\/wp01\/wp-content\/uploads\/2022\/12\/Folie19-1024x724.jpg\" alt=\"\" class=\"wp-image-9899\" srcset=\"https:\/\/heimatverein-wulfen.de\/wp01\/wp-content\/uploads\/2022\/12\/Folie19-1024x724.jpg 1024w, https:\/\/heimatverein-wulfen.de\/wp01\/wp-content\/uploads\/2022\/12\/Folie19-300x212.jpg 300w, https:\/\/heimatverein-wulfen.de\/wp01\/wp-content\/uploads\/2022\/12\/Folie19-768x543.jpg 768w, https:\/\/heimatverein-wulfen.de\/wp01\/wp-content\/uploads\/2022\/12\/Folie19.jpg 1122w\" sizes=\"auto, (max-width: 1024px) 100vw, 1024px\" \/><\/a><\/figure>\n\n\n\n<figure class=\"wp-block-image size-large\"><a href=\"https:\/\/heimatverein-wulfen.de\/wp01\/wp-content\/uploads\/2022\/12\/HVW_Advent_2022_020.jpg\" rel=\"lightbox[9880]\"><img loading=\"lazy\" decoding=\"async\" width=\"1024\" height=\"724\" data-id=\"9900\" src=\"https:\/\/heimatverein-wulfen.de\/wp01\/wp-content\/uploads\/2022\/12\/Folie20-1024x724.jpg\" alt=\"\" class=\"wp-image-9900\" srcset=\"https:\/\/heimatverein-wulfen.de\/wp01\/wp-content\/uploads\/2022\/12\/Folie20-1024x724.jpg 1024w, https:\/\/heimatverein-wulfen.de\/wp01\/wp-content\/uploads\/2022\/12\/Folie20-300x212.jpg 300w, https:\/\/heimatverein-wulfen.de\/wp01\/wp-content\/uploads\/2022\/12\/Folie20-768x543.jpg 768w, https:\/\/heimatverein-wulfen.de\/wp01\/wp-content\/uploads\/2022\/12\/Folie20.jpg 1122w\" sizes=\"auto, (max-width: 1024px) 100vw, 1024px\" \/><\/a><\/figure>\n\n\n\n<figure class=\"wp-block-image size-large\"><a href=\"https:\/\/heimatverein-wulfen.de\/wp01\/wp-content\/uploads\/2022\/12\/HVW_Advent_2022_021.jpg\" rel=\"lightbox[9880]\"><img loading=\"lazy\" decoding=\"async\" width=\"1024\" height=\"724\" data-id=\"9903\" src=\"https:\/\/heimatverein-wulfen.de\/wp01\/wp-content\/uploads\/2022\/12\/Folie21-1024x724.jpg\" alt=\"\" class=\"wp-image-9903\" srcset=\"https:\/\/heimatverein-wulfen.de\/wp01\/wp-content\/uploads\/2022\/12\/Folie21-1024x724.jpg 1024w, https:\/\/heimatverein-wulfen.de\/wp01\/wp-content\/uploads\/2022\/12\/Folie21-300x212.jpg 300w, https:\/\/heimatverein-wulfen.de\/wp01\/wp-content\/uploads\/2022\/12\/Folie21-768x543.jpg 768w, https:\/\/heimatverein-wulfen.de\/wp01\/wp-content\/uploads\/2022\/12\/Folie21.jpg 1122w\" sizes=\"auto, (max-width: 1024px) 100vw, 1024px\" \/><\/a><\/figure>\n\n\n\n<figure class=\"wp-block-image size-large\"><a href=\"https:\/\/heimatverein-wulfen.de\/wp01\/wp-content\/uploads\/2022\/12\/HVW_Advent_2022_022.jpg\" rel=\"lightbox[9880]\"><img loading=\"lazy\" decoding=\"async\" width=\"1024\" height=\"724\" data-id=\"9901\" src=\"https:\/\/heimatverein-wulfen.de\/wp01\/wp-content\/uploads\/2022\/12\/Folie22-1024x724.jpg\" alt=\"\" class=\"wp-image-9901\" srcset=\"https:\/\/heimatverein-wulfen.de\/wp01\/wp-content\/uploads\/2022\/12\/Folie22-1024x724.jpg 1024w, https:\/\/heimatverein-wulfen.de\/wp01\/wp-content\/uploads\/2022\/12\/Folie22-300x212.jpg 300w, https:\/\/heimatverein-wulfen.de\/wp01\/wp-content\/uploads\/2022\/12\/Folie22-768x543.jpg 768w, https:\/\/heimatverein-wulfen.de\/wp01\/wp-content\/uploads\/2022\/12\/Folie22.jpg 1122w\" sizes=\"auto, (max-width: 1024px) 100vw, 1024px\" \/><\/a><\/figure>\n\n\n\n<figure class=\"wp-block-image size-large\"><a href=\"https:\/\/heimatverein-wulfen.de\/wp01\/wp-content\/uploads\/2022\/12\/HVW_Advent_2022_023.jpg\" rel=\"lightbox[9880]\"><img loading=\"lazy\" decoding=\"async\" width=\"1024\" height=\"724\" data-id=\"9902\" src=\"https:\/\/heimatverein-wulfen.de\/wp01\/wp-content\/uploads\/2022\/12\/Folie23-1024x724.jpg\" alt=\"\" class=\"wp-image-9902\" srcset=\"https:\/\/heimatverein-wulfen.de\/wp01\/wp-content\/uploads\/2022\/12\/Folie23-1024x724.jpg 1024w, https:\/\/heimatverein-wulfen.de\/wp01\/wp-content\/uploads\/2022\/12\/Folie23-300x212.jpg 300w, https:\/\/heimatverein-wulfen.de\/wp01\/wp-content\/uploads\/2022\/12\/Folie23-768x543.jpg 768w, https:\/\/heimatverein-wulfen.de\/wp01\/wp-content\/uploads\/2022\/12\/Folie23.jpg 1122w\" sizes=\"auto, (max-width: 1024px) 100vw, 1024px\" \/><\/a><\/figure>\n\n\n\n<figure class=\"wp-block-image size-large\"><a href=\"https:\/\/heimatverein-wulfen.de\/wp01\/wp-content\/uploads\/2022\/12\/HVW_Advent_2022_024n.jpg\" rel=\"lightbox[9880]\"><img loading=\"lazy\" decoding=\"async\" width=\"1024\" height=\"724\" data-id=\"9904\" src=\"https:\/\/heimatverein-wulfen.de\/wp01\/wp-content\/uploads\/2022\/12\/Folie24-1024x724.jpg\" alt=\"\" class=\"wp-image-9904\" srcset=\"https:\/\/heimatverein-wulfen.de\/wp01\/wp-content\/uploads\/2022\/12\/Folie24-1024x724.jpg 1024w, https:\/\/heimatverein-wulfen.de\/wp01\/wp-content\/uploads\/2022\/12\/Folie24-300x212.jpg 300w, https:\/\/heimatverein-wulfen.de\/wp01\/wp-content\/uploads\/2022\/12\/Folie24-768x543.jpg 768w, https:\/\/heimatverein-wulfen.de\/wp01\/wp-content\/uploads\/2022\/12\/Folie24.jpg 1122w\" sizes=\"auto, (max-width: 1024px) 100vw, 1024px\" \/><\/a><\/figure>\n<\/figure>\n\n\n<div class=\"wp-block-image\">\n<figure class=\"aligncenter size-large\"><a href=\"https:\/\/heimatverein-wulfen.de\/wp01\/wp-content\/uploads\/2023\/01\/HVW_Advent_2022_031.jpg\" rel=\"lightbox[9880]\"><img loading=\"lazy\" decoding=\"async\" width=\"1024\" height=\"137\" src=\"https:\/\/heimatverein-wulfen.de\/wp01\/wp-content\/uploads\/2022\/12\/HVW_Advent_2022_026-1024x137.jpg\" alt=\"\" class=\"wp-image-9910\" srcset=\"https:\/\/heimatverein-wulfen.de\/wp01\/wp-content\/uploads\/2022\/12\/HVW_Advent_2022_026-1024x137.jpg 1024w, https:\/\/heimatverein-wulfen.de\/wp01\/wp-content\/uploads\/2022\/12\/HVW_Advent_2022_026-300x40.jpg 300w, https:\/\/heimatverein-wulfen.de\/wp01\/wp-content\/uploads\/2022\/12\/HVW_Advent_2022_026-768x103.jpg 768w, https:\/\/heimatverein-wulfen.de\/wp01\/wp-content\/uploads\/2022\/12\/HVW_Advent_2022_026.jpg 1122w\" sizes=\"auto, (max-width: 1024px) 100vw, 1024px\" \/><\/a><\/figure>\n<\/div>\n\n\n<p class=\"has-medium-font-size\">Auf seiner Internetseite bildete der Heimatverein auch in 2022 wieder einen virtuellen Advents-kalender ab. Hinter 24 T\u00fcrchen wartete jeden Tag aufs Neue eine kleine \u00dcberraschung auf die Besucher.<br>\u201eBereits zum elften Mal boten wir einen Adventskalender auf unserer Internetseite an.<br>Dieses Mal befanden sich hinter den 24 T\u00fcrchen Bilder \u201eGesehen in Wulfen\u201c, berichtet der Heimatverein.<\/p>\n\n\n\n<p class=\"has-medium-font-size\">Das ab Heiligabend ver\u00f6ffentlichte Preisr\u00e4tsel ist gel\u00f6st. Unter allen Einsendern wurden Gutscheine verlost.<br>Gewonnen haben<br>1. Sarah Sojka, einen Warengutschein im Wert von 20,- \u20ac (in einem Wulfener Gewerbebetrieb nach Wahl),<br>2. G\u00fcnter Mondwurf, einen Gutschein f\u00fcr zwei Personen zur Teilnahme am \u201eDicke Bohnen Essen, im Heimathaus\u201c,<br>3. Ansgar H\u00f6velmann, einen Gutschein f\u00fcr zwei Personen zur Teilnahme an einer \u201eTheaterauff\u00fchrung im Heimathaus\u201c<\/p>\n\n\n\n<p class=\"has-medium-font-size\">Ein besonderer DANK geht an:<br>&#8211; Idee: Christian Gruber<br>&#8211; Fotos: Christian Gruber, Guido Bludau, Claudia Brokamp-Guthoff,<br>www.wulfen-wiki.de,<br>Archiv Heimatverein Wulfen 1922 e.V.<br>&#8211; Text: www.wulfen-wiki.de, Heimatverein Wulfen 1922 e.V., www.de-donnerbalken.de<\/p>\n","protected":false},"excerpt":{"rendered":"<p>Auf seiner Internetseite bildete der Heimatverein auch in 2022 wieder einen virtuellen Advents-kalender ab. Hinter 24 T\u00fcrchen wartete jeden Tag aufs Neue eine kleine \u00dcberraschung auf die Besucher.\u201eBereits zum elften<\/p>\n<p><a href=\"https:\/\/heimatverein-wulfen.de\/wp01\/adventskalender-2022\/\" class=\"more-link themebutton\">Read More<\/a><\/p>\n","protected":false},"author":6,"featured_media":0,"parent":0,"menu_order":0,"comment_status":"closed","ping_status":"closed","template":"","meta":{"_cbd_carousel_blocks":"[]","footnotes":""},"class_list":["post-9880","page","type-page","status-publish","hentry"],"publishpress_future_action":{"enabled":false,"date":"2026-04-13 01:42:50","action":"change-status","newStatus":"draft","terms":[],"taxonomy":"","extraData":[]},"publishpress_future_workflow_manual_trigger":{"enabledWorkflows":[]},"_links":{"self":[{"href":"https:\/\/heimatverein-wulfen.de\/wp01\/wp-json\/wp\/v2\/pages\/9880","targetHints":{"allow":["GET"]}}],"collection":[{"href":"https:\/\/heimatverein-wulfen.de\/wp01\/wp-json\/wp\/v2\/pages"}],"about":[{"href":"https:\/\/heimatverein-wulfen.de\/wp01\/wp-json\/wp\/v2\/types\/page"}],"author":[{"embeddable":true,"href":"https:\/\/heimatverein-wulfen.de\/wp01\/wp-json\/wp\/v2\/users\/6"}],"replies":[{"embeddable":true,"href":"https:\/\/heimatverein-wulfen.de\/wp01\/wp-json\/wp\/v2\/comments?post=9880"}],"version-history":[{"count":32,"href":"https:\/\/heimatverein-wulfen.de\/wp01\/wp-json\/wp\/v2\/pages\/9880\/revisions"}],"predecessor-version":[{"id":10380,"href":"https:\/\/heimatverein-wulfen.de\/wp01\/wp-json\/wp\/v2\/pages\/9880\/revisions\/10380"}],"wp:attachment":[{"href":"https:\/\/heimatverein-wulfen.de\/wp01\/wp-json\/wp\/v2\/media?parent=9880"}],"curies":[{"name":"wp","href":"https:\/\/api.w.org\/{rel}","templated":true}]}}